{"id":1050,"date":"2023-10-01T11:16:09","date_gmt":"2023-10-01T09:16:09","guid":{"rendered":"https:\/\/lagardeniablu.it\/?post_type=product&#038;p=1050"},"modified":"2026-02-07T16:55:11","modified_gmt":"2026-02-07T15:55:11","slug":"terra-abbronzante-effetto-seta-effetto-abbronzato-naturale-ricaricabile","status":"publish","type":"product","link":"https:\/\/lagardeniablu.it\/en\/product\/terra-abbronzante-effetto-seta-effetto-abbronzato-naturale-ricaricabile\/","title":{"rendered":"Terra Abbronzante Effetto Seta Effetto abbronzato naturale Ricaricabile Collistar"},"content":{"rendered":"<p>\u2022 Effetto abbronzato naturale<br \/>\n\u2022 Idratante e oil free<br \/>\n\u2022 Antinquinamento e anti-digital ageing<br \/>\n\u2022 Lunga durata<br \/>\n\u2022 Effetto seconda pelle e resistente al sudore<br \/>\n\u2022 3 finish: matte, glow e shimmer<br \/>\n\u2022 Texture sensoriale ed impalpabile<br \/>\n\u2022 Pack eco-design rinnovato, sostenibile e ricaricabile<\/p>\n<p>L\u2019attenzione alla sostenibilit\u00e0 \u00e8 al primo posto: la trousse in plastica riciclata \u00e8 studiata per essere refillable, che permette il riuso della confezione, abbattendo gli sprechi e privilegiando cos\u00ec un acquisto responsabile.<\/p>","protected":false},"excerpt":{"rendered":"<p>\u2022 Effetto abbronzato naturale \u2022 Idratante e oil free \u2022 Antinquinamento e anti-digital ageing \u2022 Lunga durata \u2022 Effetto seconda pelle e resistente al sudore \u2022 3 finish: matte, glow e shimmer \u2022 Texture sensoriale ed impalpabile \u2022 Pack eco-design rinnovato, sostenibile e ricaricabile L\u2019attenzione alla sostenibilit\u00e0 \u00e8 al primo posto: la trousse in plastica [&hellip;]<\/p>\n","protected":false},"featured_media":1051,"comment_status":"open","ping_status":"closed","template":"","meta":{"_acf_changed":false},"product_brand":[],"product_cat":[32,109,23,99,24],"product_tag":[],"class_list":{"0":"post-1050","1":"product","2":"type-product","3":"status-publish","4":"has-post-thumbnail","6":"product_cat-bronzer","7":"product_cat-collistar","8":"product_cat-make-up","9":"product_cat-marca","10":"product_cat-viso","11":"product_shipping_class-spedizione-a-tariffa-unica","13":"first","14":"instock","15":"shipping-taxable","16":"purchasable","17":"product-type-variable"},"acf":[],"jetpack_sharing_enabled":true,"_links":{"self":[{"href":"https:\/\/lagardeniablu.it\/en\/wp-json\/wp\/v2\/product\/1050","targetHints":{"allow":["GET"]}}],"collection":[{"href":"https:\/\/lagardeniablu.it\/en\/wp-json\/wp\/v2\/product"}],"about":[{"href":"https:\/\/lagardeniablu.it\/en\/wp-json\/wp\/v2\/types\/product"}],"replies":[{"embeddable":true,"href":"https:\/\/lagardeniablu.it\/en\/wp-json\/wp\/v2\/comments?post=1050"}],"wp:featuredmedia":[{"embeddable":true,"href":"https:\/\/lagardeniablu.it\/en\/wp-json\/wp\/v2\/media\/1051"}],"wp:attachment":[{"href":"https:\/\/lagardeniablu.it\/en\/wp-json\/wp\/v2\/media?parent=1050"}],"wp:term":[{"taxonomy":"product_brand","embeddable":true,"href":"https:\/\/lagardeniablu.it\/en\/wp-json\/wp\/v2\/product_brand?post=1050"},{"taxonomy":"product_cat","embeddable":true,"href":"https:\/\/lagardeniablu.it\/en\/wp-json\/wp\/v2\/product_cat?post=1050"},{"taxonomy":"product_tag","embeddable":true,"href":"https:\/\/lagardeniablu.it\/en\/wp-json\/wp\/v2\/product_tag?post=1050"}],"curies":[{"name":"wp","href":"https:\/\/api.w.org\/{rel}","templated":true}]}}