{"id":11299,"date":"2026-02-17T18:50:14","date_gmt":"2026-02-17T17:50:14","guid":{"rendered":"https:\/\/lagardeniablu.it\/?post_type=product&#038;p=11299"},"modified":"2026-04-04T16:10:33","modified_gmt":"2026-04-04T14:10:33","slug":"lancome-fondotinta-crema-skin-feels-good-spf23-02c-natural-blond-32ml","status":"publish","type":"product","link":"https:\/\/lagardeniablu.it\/en\/product\/lancome-fondotinta-crema-skin-feels-good-spf23-02c-natural-blond-32ml\/","title":{"rendered":"Lancome Fondotinta Crema Skin Feels Good Spf23 02C Natural Blond 32ml"},"content":{"rendered":"<p style=\"font-weight: 400\">\u00c8 talmente semplice da stendere che si pu\u00f2 applicare con le dita, senza specchio, in qualsiasi momento. \u00c8 cos\u00ec efficace che diventer\u00e0 un vero e proprio must-have nella make-up routine &#8211; sia di tutti i giorni o ogni tanto, da solo o come base. Skin Feels Good \u00e8 un prodotto che ama la pelle e se ne prende cura per davvero. Il segreto del suo successo risiede nei suoi agenti skincare all&#8217;avanguardia che agiscono sulla qualit\u00e0 della pelle, donandole un&#8217;idratazione completa, anche dopo essersi struccate. Glicerina vegetale,+acido ialuronico + estratto naturale di moringa = una pelle radiosa giorno dopo giorno, sana, e con un incarnato pi\u00f9 fresco e con il 50% di idratazione in pi\u00f9 grazie a Skin Feels Good.<\/p>\n<p><span style=\"font-weight: 400\">32ml<\/span><\/p>","protected":false},"excerpt":{"rendered":"<p>\u00c8 talmente semplice da stendere che si pu\u00f2 applicare con le dita, senza specchio, in qualsiasi momento. \u00c8 cos\u00ec efficace che diventer\u00e0 un vero e proprio must-have nella make-up routine &#8211; sia di tutti i giorni o ogni tanto, da solo o come base. Skin Feels Good \u00e8 un prodotto che ama la pelle e [&hellip;]<\/p>\n","protected":false},"featured_media":11300,"comment_status":"open","ping_status":"closed","template":"","meta":{"_acf_changed":false},"product_brand":[],"product_cat":[28,23,24],"product_tag":[],"class_list":{"0":"post-11299","1":"product","2":"type-product","3":"status-publish","4":"has-post-thumbnail","6":"product_cat-fondotinta","7":"product_cat-make-up","8":"product_cat-viso","9":"product_shipping_class-spedizione-a-tariffa-unica","11":"first","12":"outofstock","13":"shipping-taxable","14":"purchasable","15":"product-type-simple"},"acf":[],"jetpack_sharing_enabled":true,"_links":{"self":[{"href":"https:\/\/lagardeniablu.it\/en\/wp-json\/wp\/v2\/product\/11299","targetHints":{"allow":["GET"]}}],"collection":[{"href":"https:\/\/lagardeniablu.it\/en\/wp-json\/wp\/v2\/product"}],"about":[{"href":"https:\/\/lagardeniablu.it\/en\/wp-json\/wp\/v2\/types\/product"}],"replies":[{"embeddable":true,"href":"https:\/\/lagardeniablu.it\/en\/wp-json\/wp\/v2\/comments?post=11299"}],"wp:featuredmedia":[{"embeddable":true,"href":"https:\/\/lagardeniablu.it\/en\/wp-json\/wp\/v2\/media\/11300"}],"wp:attachment":[{"href":"https:\/\/lagardeniablu.it\/en\/wp-json\/wp\/v2\/media?parent=11299"}],"wp:term":[{"taxonomy":"product_brand","embeddable":true,"href":"https:\/\/lagardeniablu.it\/en\/wp-json\/wp\/v2\/product_brand?post=11299"},{"taxonomy":"product_cat","embeddable":true,"href":"https:\/\/lagardeniablu.it\/en\/wp-json\/wp\/v2\/product_cat?post=11299"},{"taxonomy":"product_tag","embeddable":true,"href":"https:\/\/lagardeniablu.it\/en\/wp-json\/wp\/v2\/product_tag?post=11299"}],"curies":[{"name":"wp","href":"https:\/\/api.w.org\/{rel}","templated":true}]}}