{"id":11322,"date":"2026-02-19T18:11:54","date_gmt":"2026-02-19T17:11:54","guid":{"rendered":"https:\/\/lagardeniablu.it\/?post_type=product&#038;p=11322"},"modified":"2026-02-19T18:11:55","modified_gmt":"2026-02-19T17:11:55","slug":"biopoint-personal-yhaluplex-hair-serum-2-fiale-x-3ml-siero-protettivo-per-colorazione-capelli","status":"publish","type":"product","link":"https:\/\/lagardeniablu.it\/en\/product\/biopoint-personal-yhaluplex-hair-serum-2-fiale-x-3ml-siero-protettivo-per-colorazione-capelli\/","title":{"rendered":"Biopoint Personal Yhaluplex Hair Serum 2 Fiale x 3ml Siero protettivo per colorazione capelli"},"content":{"rendered":"<p style=\"font-weight: 400\">Un siero concentrato da aggiungere a qualsiasi tipo di colorazione fai da te. Protegge il capello durante il trattamento, esalta al massimo il risultato colore e rinforza contemporaneamente la struttura capillare. Il risultato \u00e8 un colore amplificato in termini di intensit\u00e0, luminosit\u00e0 e performance. PLUS Protezione intensa del capello Colore vibrante, sublimato e luminoso<\/p>\n<p><span style=\"font-weight: 400\">2 fiale da 3ml<\/span><\/p>","protected":false},"excerpt":{"rendered":"<p>Un siero concentrato da aggiungere a qualsiasi tipo di colorazione fai da te. Protegge il capello durante il trattamento, esalta al massimo il risultato colore e rinforza contemporaneamente la struttura capillare. Il risultato \u00e8 un colore amplificato in termini di intensit\u00e0, luminosit\u00e0 e performance. PLUS Protezione intensa del capello Colore vibrante, sublimato e luminoso 2 [&hellip;]<\/p>\n","protected":false},"featured_media":11323,"comment_status":"open","ping_status":"closed","template":"","meta":{"_acf_changed":false},"product_brand":[],"product_cat":[53,59,66,54,58,63],"product_tag":[],"class_list":{"0":"post-11322","1":"product","2":"type-product","3":"status-publish","4":"has-post-thumbnail","6":"product_cat-capelli","7":"product_cat-colorazione","8":"product_cat-colorazione-uomo","9":"product_cat-donna","10":"product_cat-trattamenti-specifici","11":"product_cat-uomo","13":"first","14":"instock","15":"shipping-taxable","16":"purchasable","17":"product-type-simple"},"acf":[],"jetpack_sharing_enabled":true,"_links":{"self":[{"href":"https:\/\/lagardeniablu.it\/en\/wp-json\/wp\/v2\/product\/11322","targetHints":{"allow":["GET"]}}],"collection":[{"href":"https:\/\/lagardeniablu.it\/en\/wp-json\/wp\/v2\/product"}],"about":[{"href":"https:\/\/lagardeniablu.it\/en\/wp-json\/wp\/v2\/types\/product"}],"replies":[{"embeddable":true,"href":"https:\/\/lagardeniablu.it\/en\/wp-json\/wp\/v2\/comments?post=11322"}],"wp:featuredmedia":[{"embeddable":true,"href":"https:\/\/lagardeniablu.it\/en\/wp-json\/wp\/v2\/media\/11323"}],"wp:attachment":[{"href":"https:\/\/lagardeniablu.it\/en\/wp-json\/wp\/v2\/media?parent=11322"}],"wp:term":[{"taxonomy":"product_brand","embeddable":true,"href":"https:\/\/lagardeniablu.it\/en\/wp-json\/wp\/v2\/product_brand?post=11322"},{"taxonomy":"product_cat","embeddable":true,"href":"https:\/\/lagardeniablu.it\/en\/wp-json\/wp\/v2\/product_cat?post=11322"},{"taxonomy":"product_tag","embeddable":true,"href":"https:\/\/lagardeniablu.it\/en\/wp-json\/wp\/v2\/product_tag?post=11322"}],"curies":[{"name":"wp","href":"https:\/\/api.w.org\/{rel}","templated":true}]}}