{"id":11338,"date":"2026-02-20T16:43:57","date_gmt":"2026-02-20T15:43:57","guid":{"rendered":"https:\/\/lagardeniablu.it\/?post_type=product&#038;p=11338"},"modified":"2026-02-20T16:46:20","modified_gmt":"2026-02-20T15:46:20","slug":"loreal-ombretto-le-shadow-stick-430-meta-bronze","status":"publish","type":"product","link":"https:\/\/lagardeniablu.it\/en\/product\/loreal-ombretto-le-shadow-stick-430-meta-bronze\/","title":{"rendered":"L&#8217;oreal Ombretto Le Shadow Stick 430 Meta Bronze"},"content":{"rendered":"<p style=\"font-weight: 400\">Ombretto in Stick dal colore intenso e sfumabilit\u00e0 perfetta dal colore intenso e sfumabilit\u00e0 perfetta. I nuovi ombretti in stick Le Shadow Stick di L&#8217;Or\u00e9al Paris sono ultra-pigmentati e versatili. Sperimenta con i colori e crea look unici dal pi\u00f9 naturale al pi\u00f9 sofisticato. Grazie alla sua consistenza cremosa offre un&#8217;applicazione facile e scorrevole. Il colore pieno e pigmentato si mantiene impeccabile per tutto il giorno, senza perdere di intensit\u00e0.<\/p>\n<p style=\"font-weight: 400\">Consigli d&#8217;uso: Applicare direttamente sulla palpebra. Sfumare con le dita o un pennello.<\/p>","protected":false},"excerpt":{"rendered":"<p>Ombretto in Stick dal colore intenso e sfumabilit\u00e0 perfetta dal colore intenso e sfumabilit\u00e0 perfetta. I nuovi ombretti in stick Le Shadow Stick di L&#8217;Or\u00e9al Paris sono ultra-pigmentati e versatili. Sperimenta con i colori e crea look unici dal pi\u00f9 naturale al pi\u00f9 sofisticato. Grazie alla sua consistenza cremosa offre un&#8217;applicazione facile e scorrevole. Il [&hellip;]<\/p>\n","protected":false},"featured_media":11339,"comment_status":"open","ping_status":"closed","template":"","meta":{"_acf_changed":false},"product_brand":[],"product_cat":[35,39],"product_tag":[],"class_list":{"0":"post-11338","1":"product","2":"type-product","3":"status-publish","4":"has-post-thumbnail","6":"product_cat-occhi","7":"product_cat-ombretto","8":"product_shipping_class-spedizione-a-tariffa-unica","10":"first","11":"instock","12":"shipping-taxable","13":"purchasable","14":"product-type-simple"},"acf":[],"jetpack_sharing_enabled":true,"_links":{"self":[{"href":"https:\/\/lagardeniablu.it\/en\/wp-json\/wp\/v2\/product\/11338","targetHints":{"allow":["GET"]}}],"collection":[{"href":"https:\/\/lagardeniablu.it\/en\/wp-json\/wp\/v2\/product"}],"about":[{"href":"https:\/\/lagardeniablu.it\/en\/wp-json\/wp\/v2\/types\/product"}],"replies":[{"embeddable":true,"href":"https:\/\/lagardeniablu.it\/en\/wp-json\/wp\/v2\/comments?post=11338"}],"wp:featuredmedia":[{"embeddable":true,"href":"https:\/\/lagardeniablu.it\/en\/wp-json\/wp\/v2\/media\/11339"}],"wp:attachment":[{"href":"https:\/\/lagardeniablu.it\/en\/wp-json\/wp\/v2\/media?parent=11338"}],"wp:term":[{"taxonomy":"product_brand","embeddable":true,"href":"https:\/\/lagardeniablu.it\/en\/wp-json\/wp\/v2\/product_brand?post=11338"},{"taxonomy":"product_cat","embeddable":true,"href":"https:\/\/lagardeniablu.it\/en\/wp-json\/wp\/v2\/product_cat?post=11338"},{"taxonomy":"product_tag","embeddable":true,"href":"https:\/\/lagardeniablu.it\/en\/wp-json\/wp\/v2\/product_tag?post=11338"}],"curies":[{"name":"wp","href":"https:\/\/api.w.org\/{rel}","templated":true}]}}