{"id":11749,"date":"2026-04-07T11:45:33","date_gmt":"2026-04-07T09:45:33","guid":{"rendered":"https:\/\/lagardeniablu.it\/?post_type=product&#038;p=11749"},"modified":"2026-04-07T15:40:14","modified_gmt":"2026-04-07T13:40:14","slug":"lancome-renergie-h-p-n-300-peptide-cream-15ml-3-pezzi-crema-viso-anti-age","status":"publish","type":"product","link":"https:\/\/lagardeniablu.it\/en\/product\/lancome-renergie-h-p-n-300-peptide-cream-15ml-3-pezzi-crema-viso-anti-age\/","title":{"rendered":"Lancome R\u00e9nergie H.P.N. 300 Peptide Cream 15ml 3 pezzi Crema viso anti age"},"content":{"rendered":"<p style=\"font-weight: 400\">Scopri la nuova era nell&#8217;efficacia anti-et\u00e0 ad alta performance di Lanc\u00f4me, ispirata alla scienza della rigenerazione. Per la prima volta, Lanc\u00f4me unisce acido ialuronico, oltre 300 peptidi e il potere della niacinamide in un&#8217;unica crema. E&#8217; stato dimostrato che la pelle delle donne di et\u00e0 compresa tra i 40 e i 59 anni che utilizzano la crema si rigenera pi\u00f9 velocemente, come se fosse una pelle pi\u00f9 giovane.<\/p>\n<p style=\"font-weight: 400\">Risultati provati gi\u00e0 dalla prima settimana.<\/p>\n<p style=\"font-weight: 400\">RISULTATI<\/p>\n<p style=\"font-weight: 400\">-Effetto Lifting<\/p>\n<p style=\"font-weight: 400\">-Correzione Delle Rughe<\/p>\n<p style=\"font-weight: 400\">-Riduzione Delle Macchie Scure<\/p>\n<p><span style=\"font-weight: 400\">L&#8217;offerta \u00e8 di 3 creme da 15ml<\/span><\/p>","protected":false},"excerpt":{"rendered":"<p>Scopri la nuova era nell&#8217;efficacia anti-et\u00e0 ad alta performance di Lanc\u00f4me, ispirata alla scienza della rigenerazione. Per la prima volta, Lanc\u00f4me unisce acido ialuronico, oltre 300 peptidi e il potere della niacinamide in un&#8217;unica crema. E&#8217; stato dimostrato che la pelle delle donne di et\u00e0 compresa tra i 40 e i 59 anni che utilizzano [&hellip;]<\/p>\n","protected":false},"featured_media":11752,"comment_status":"open","ping_status":"closed","template":"","meta":{"_acf_changed":false},"product_brand":[],"product_cat":[77,72,73,76,74],"product_tag":[],"class_list":{"0":"post-11749","1":"product","2":"type-product","3":"status-publish","4":"has-post-thumbnail","6":"product_cat-antirughe-ed-antieta","7":"product_cat-cosmetici","8":"product_cat-donna-cosmetici","9":"product_cat-idratanti-e-nutrienti","10":"product_cat-viso-donna-cosmetici","11":"product_shipping_class-spedizione-a-tariffa-unica","13":"first","14":"instock","15":"sale","16":"shipping-taxable","17":"purchasable","18":"product-type-simple"},"acf":[],"jetpack_sharing_enabled":true,"_links":{"self":[{"href":"https:\/\/lagardeniablu.it\/en\/wp-json\/wp\/v2\/product\/11749","targetHints":{"allow":["GET"]}}],"collection":[{"href":"https:\/\/lagardeniablu.it\/en\/wp-json\/wp\/v2\/product"}],"about":[{"href":"https:\/\/lagardeniablu.it\/en\/wp-json\/wp\/v2\/types\/product"}],"replies":[{"embeddable":true,"href":"https:\/\/lagardeniablu.it\/en\/wp-json\/wp\/v2\/comments?post=11749"}],"wp:featuredmedia":[{"embeddable":true,"href":"https:\/\/lagardeniablu.it\/en\/wp-json\/wp\/v2\/media\/11752"}],"wp:attachment":[{"href":"https:\/\/lagardeniablu.it\/en\/wp-json\/wp\/v2\/media?parent=11749"}],"wp:term":[{"taxonomy":"product_brand","embeddable":true,"href":"https:\/\/lagardeniablu.it\/en\/wp-json\/wp\/v2\/product_brand?post=11749"},{"taxonomy":"product_cat","embeddable":true,"href":"https:\/\/lagardeniablu.it\/en\/wp-json\/wp\/v2\/product_cat?post=11749"},{"taxonomy":"product_tag","embeddable":true,"href":"https:\/\/lagardeniablu.it\/en\/wp-json\/wp\/v2\/product_tag?post=11749"}],"curies":[{"name":"wp","href":"https:\/\/api.w.org\/{rel}","templated":true}]}}