{"id":11755,"date":"2026-04-07T16:33:59","date_gmt":"2026-04-07T14:33:59","guid":{"rendered":"https:\/\/lagardeniablu.it\/?post_type=product&#038;p=11755"},"modified":"2026-04-07T16:34:00","modified_gmt":"2026-04-07T14:34:00","slug":"reistill-repair-maschera-olio-di-argan-bio-per-capelli-biondi-schiariti-trattati-300ml","status":"publish","type":"product","link":"https:\/\/lagardeniablu.it\/en\/product\/reistill-repair-maschera-olio-di-argan-bio-per-capelli-biondi-schiariti-trattati-300ml\/","title":{"rendered":"Reistill Repair Maschera Olio di Argan bio per capelli biondi schiariti trattati 300ml"},"content":{"rendered":"<p>Reistill Repair Maschera con Olio di Argan bio per capelli biondi schiariti e trattati 300ml<\/p>\n<p>Azione riparatrice: Formulata per capelli decolorati, danneggiati o con doppie punte.Ingredienti chiave: Contiene olio di argan biologico e proteine della seta per nutrire in profondit\u00e0 e donare lucentezza.Propriet\u00e0: Offre protezione anti-et\u00e0 e filtri UV per proteggere la struttura del capello.Benefici: Facilita la pettinabilit\u00e0 e lo styling, rigenerando la fibra capillare.<\/p>\n<p style=\"font-weight: 400\">300ml<\/p>","protected":false},"excerpt":{"rendered":"<p>Reistill Repair Maschera con Olio di Argan bio per capelli biondi schiariti e trattati 300ml Azione riparatrice: Formulata per capelli decolorati, danneggiati o con doppie punte.Ingredienti chiave: Contiene olio di argan biologico e proteine della seta per nutrire in profondit\u00e0 e donare lucentezza.Propriet\u00e0: Offre protezione anti-et\u00e0 e filtri UV per proteggere la struttura del capello.Benefici: [&hellip;]<\/p>\n","protected":false},"featured_media":11756,"comment_status":"open","ping_status":"closed","template":"","meta":{"_acf_changed":false},"product_brand":[],"product_cat":[53,54,57],"product_tag":[],"class_list":{"0":"post-11755","1":"product","2":"type-product","3":"status-publish","4":"has-post-thumbnail","6":"product_cat-capelli","7":"product_cat-donna","8":"product_cat-maschere","9":"product_shipping_class-spedizione-a-tariffa-unica","11":"first","12":"instock","13":"shipping-taxable","14":"purchasable","15":"product-type-simple"},"acf":[],"jetpack_sharing_enabled":true,"_links":{"self":[{"href":"https:\/\/lagardeniablu.it\/en\/wp-json\/wp\/v2\/product\/11755","targetHints":{"allow":["GET"]}}],"collection":[{"href":"https:\/\/lagardeniablu.it\/en\/wp-json\/wp\/v2\/product"}],"about":[{"href":"https:\/\/lagardeniablu.it\/en\/wp-json\/wp\/v2\/types\/product"}],"replies":[{"embeddable":true,"href":"https:\/\/lagardeniablu.it\/en\/wp-json\/wp\/v2\/comments?post=11755"}],"wp:featuredmedia":[{"embeddable":true,"href":"https:\/\/lagardeniablu.it\/en\/wp-json\/wp\/v2\/media\/11756"}],"wp:attachment":[{"href":"https:\/\/lagardeniablu.it\/en\/wp-json\/wp\/v2\/media?parent=11755"}],"wp:term":[{"taxonomy":"product_brand","embeddable":true,"href":"https:\/\/lagardeniablu.it\/en\/wp-json\/wp\/v2\/product_brand?post=11755"},{"taxonomy":"product_cat","embeddable":true,"href":"https:\/\/lagardeniablu.it\/en\/wp-json\/wp\/v2\/product_cat?post=11755"},{"taxonomy":"product_tag","embeddable":true,"href":"https:\/\/lagardeniablu.it\/en\/wp-json\/wp\/v2\/product_tag?post=11755"}],"curies":[{"name":"wp","href":"https:\/\/api.w.org\/{rel}","templated":true}]}}