{"id":11759,"date":"2026-04-07T16:56:42","date_gmt":"2026-04-07T14:56:42","guid":{"rendered":"https:\/\/lagardeniablu.it\/?post_type=product&#038;p=11759"},"modified":"2026-04-07T16:56:42","modified_gmt":"2026-04-07T14:56:42","slug":"reistill-colour-safe-mask-maschera-per-capelli-colorati-300ml","status":"publish","type":"product","link":"https:\/\/lagardeniablu.it\/en\/product\/reistill-colour-safe-mask-maschera-per-capelli-colorati-300ml\/","title":{"rendered":"Reistill Colour Safe Mask Maschera per capelli colorati 300ml"},"content":{"rendered":"<p class=\"text\">La texture vellutata e ricca di questa maschera aiuta a ripristinare la lucentezza e l&#8217;elasticit\u00e0 dei capelli colorati, proteggendoli dai danni. Gli estratti di ribes nero, uva rossa e lampone offrono protezione del colore, azione antiossidante, idratazione, lucentezza ed elasticit\u00e0.<\/p>\n<p class=\"text\"><strong>Modalit\u00e0 d&#8217;uso:<\/strong><\/p>\n<p class=\"text\">Dopo lo shampoo, applicare una generosa quantit\u00e0 di maschera sui capelli tamponati con un asciugamano e pettinare per distribuire uniformemente il prodotto. Lasciare agire per 5-7 minuti. Risciacquare abbondantemente. Utilizzare una o due volte a settimana.<\/p>\n<p class=\"text\">300 ml.<\/p>","protected":false},"excerpt":{"rendered":"<p>La texture vellutata e ricca di questa maschera aiuta a ripristinare la lucentezza e l&#8217;elasticit\u00e0 dei capelli colorati, proteggendoli dai danni. Gli estratti di ribes nero, uva rossa e lampone offrono protezione del colore, azione antiossidante, idratazione, lucentezza ed elasticit\u00e0. Modalit\u00e0 d&#8217;uso: Dopo lo shampoo, applicare una generosa quantit\u00e0 di maschera sui capelli tamponati con [&hellip;]<\/p>\n","protected":false},"featured_media":11760,"comment_status":"open","ping_status":"closed","template":"","meta":{"_acf_changed":false},"product_brand":[],"product_cat":[53,54,57],"product_tag":[],"class_list":{"0":"post-11759","1":"product","2":"type-product","3":"status-publish","4":"has-post-thumbnail","6":"product_cat-capelli","7":"product_cat-donna","8":"product_cat-maschere","9":"product_shipping_class-spedizione-a-tariffa-unica","11":"first","12":"instock","13":"shipping-taxable","14":"purchasable","15":"product-type-simple"},"acf":[],"jetpack_sharing_enabled":true,"_links":{"self":[{"href":"https:\/\/lagardeniablu.it\/en\/wp-json\/wp\/v2\/product\/11759","targetHints":{"allow":["GET"]}}],"collection":[{"href":"https:\/\/lagardeniablu.it\/en\/wp-json\/wp\/v2\/product"}],"about":[{"href":"https:\/\/lagardeniablu.it\/en\/wp-json\/wp\/v2\/types\/product"}],"replies":[{"embeddable":true,"href":"https:\/\/lagardeniablu.it\/en\/wp-json\/wp\/v2\/comments?post=11759"}],"wp:featuredmedia":[{"embeddable":true,"href":"https:\/\/lagardeniablu.it\/en\/wp-json\/wp\/v2\/media\/11760"}],"wp:attachment":[{"href":"https:\/\/lagardeniablu.it\/en\/wp-json\/wp\/v2\/media?parent=11759"}],"wp:term":[{"taxonomy":"product_brand","embeddable":true,"href":"https:\/\/lagardeniablu.it\/en\/wp-json\/wp\/v2\/product_brand?post=11759"},{"taxonomy":"product_cat","embeddable":true,"href":"https:\/\/lagardeniablu.it\/en\/wp-json\/wp\/v2\/product_cat?post=11759"},{"taxonomy":"product_tag","embeddable":true,"href":"https:\/\/lagardeniablu.it\/en\/wp-json\/wp\/v2\/product_tag?post=11759"}],"curies":[{"name":"wp","href":"https:\/\/api.w.org\/{rel}","templated":true}]}}