{"id":11788,"date":"2026-04-11T11:28:08","date_gmt":"2026-04-11T09:28:08","guid":{"rendered":"https:\/\/lagardeniablu.it\/?post_type=product&#038;p=11788"},"modified":"2026-04-11T11:28:08","modified_gmt":"2026-04-11T09:28:08","slug":"chanel-gift-set-n1-de-chanel-red-camellia-crema-50ml-contorno-occhi-15ml-pochette","status":"publish","type":"product","link":"https:\/\/lagardeniablu.it\/en\/product\/chanel-gift-set-n1-de-chanel-red-camellia-crema-50ml-contorno-occhi-15ml-pochette\/","title":{"rendered":"Chanel Gift Set N\u00b01 De Chanel Red Camellia Crema 50ml + Contorno occhi 15ml + Pochette"},"content":{"rendered":"<p style=\"font-weight: 400\">La camelia rossa, fonte di giovinezza per la pelle.<\/p>\n<p style=\"font-weight: 400\">Kit contiene:<\/p>\n<p style=\"font-weight: 400\">1 crema 50ml<\/p>\n<p style=\"font-weight: 400\">1 crema contorno occhi 15ml<\/p>\n<p style=\"font-weight: 400\">1 pochette Chanel<\/p>\n<p><strong>Il siero N\u00b01 DE CHANEL<\/strong>\u00a0leviga visibilmente la pelle e le dona un aspetto pi\u00f9 giovane. Le rughe sono levigate all\u2019istante e l\u2019efficacia \u00e8 triplicata dopo 2 mesi. La sua formula racchiude un\u2019alta concentrazione di due potenti principi attivi selezionati dalla Ricerca CHANEL:<br \/>\n\u2022 l\u2019estratto di camelia rossa, un potente antiossidante, raddoppia la capacit\u00e0 antiossidante della pelle per donarle un aspetto pi\u00f9 giovane;<br \/>\n\u2022 l\u2019oligopeptide stimola i marcatori di giovinezza fondamentali della pelle: collageni, acido ialuronico e fibronectina, presenti naturalmente nella pelle.<br \/>\nQuesto siero altamente efficace rinforza le difese della pelle e la protegge da uno stile di vita urbano e intenso, fattore di invecchiamento cutaneo. Giorno dopo giorno, la pelle risplende di giovinezza.<\/p>\n<p style=\"font-weight: 400\">50m<\/p>\n<p style=\"font-weight: 400\"><strong>La crema occhi N\u00b01 DE CHANEL\u00a0<\/strong>associa il potere di giovinezza dell\u2019estratto di camelia rossa e quello del \u201clight complex\u201d, per uno sguardo istantaneamente pi\u00f9 aperto e riposato e un contorno occhi levigato e luminoso.<\/p>\n<p style=\"font-weight: 400\">Benefici<\/p>\n<p style=\"font-weight: 400\">Grazie a questo gel-crema ultra-fresco, il contorno occhi \u00e8 idratato e lo sguardo \u00e8 visibilmente pi\u00f9 disteso.<\/p>\n<p style=\"font-weight: 400\">&#8211; Subito dopo l\u2019applicazione, la pelle del contorno occhi \u00e8 pi\u00f9 elastica , pi\u00f9 luminosa e avvolta da una sensazione di confort maggiore.<\/p>\n<p style=\"font-weight: 400\">&#8211; Dopo un mese, le rughe del contorno occhi sono visibilmente ridotte del 32%(3) e le occhiaie sono meno visibili.<\/p>\n<p style=\"font-weight: 400\">15ml<\/p>","protected":false},"excerpt":{"rendered":"<p>La camelia rossa, fonte di giovinezza per la pelle. Kit contiene: 1 crema 50ml 1 crema contorno occhi 15ml 1 pochette Chanel Il siero N\u00b01 DE CHANEL\u00a0leviga visibilmente la pelle e le dona un aspetto pi\u00f9 giovane. Le rughe sono levigate all\u2019istante e l\u2019efficacia \u00e8 triplicata dopo 2 mesi. La sua formula racchiude un\u2019alta concentrazione [&hellip;]<\/p>\n","protected":false},"featured_media":11789,"comment_status":"open","ping_status":"closed","template":"","meta":{"_acf_changed":false},"product_brand":[],"product_cat":[77,126,72,73,121,99,80,74],"product_tag":[],"class_list":{"0":"post-11788","1":"product","2":"type-product","3":"status-publish","4":"has-post-thumbnail","6":"product_cat-antirughe-ed-antieta","7":"product_cat-chanel","8":"product_cat-cosmetici","9":"product_cat-donna-cosmetici","10":"product_cat-idee-regalo-natale","11":"product_cat-marca","12":"product_cat-occhi-viso-donna-cosmetici","13":"product_cat-viso-donna-cosmetici","14":"product_shipping_class-spedizione-a-tariffa-unica","16":"first","17":"instock","18":"sale","19":"shipping-taxable","20":"purchasable","21":"product-type-simple"},"acf":[],"jetpack_sharing_enabled":true,"_links":{"self":[{"href":"https:\/\/lagardeniablu.it\/en\/wp-json\/wp\/v2\/product\/11788","targetHints":{"allow":["GET"]}}],"collection":[{"href":"https:\/\/lagardeniablu.it\/en\/wp-json\/wp\/v2\/product"}],"about":[{"href":"https:\/\/lagardeniablu.it\/en\/wp-json\/wp\/v2\/types\/product"}],"replies":[{"embeddable":true,"href":"https:\/\/lagardeniablu.it\/en\/wp-json\/wp\/v2\/comments?post=11788"}],"wp:featuredmedia":[{"embeddable":true,"href":"https:\/\/lagardeniablu.it\/en\/wp-json\/wp\/v2\/media\/11789"}],"wp:attachment":[{"href":"https:\/\/lagardeniablu.it\/en\/wp-json\/wp\/v2\/media?parent=11788"}],"wp:term":[{"taxonomy":"product_brand","embeddable":true,"href":"https:\/\/lagardeniablu.it\/en\/wp-json\/wp\/v2\/product_brand?post=11788"},{"taxonomy":"product_cat","embeddable":true,"href":"https:\/\/lagardeniablu.it\/en\/wp-json\/wp\/v2\/product_cat?post=11788"},{"taxonomy":"product_tag","embeddable":true,"href":"https:\/\/lagardeniablu.it\/en\/wp-json\/wp\/v2\/product_tag?post=11788"}],"curies":[{"name":"wp","href":"https:\/\/api.w.org\/{rel}","templated":true}]}}