{"id":11791,"date":"2026-04-11T11:38:47","date_gmt":"2026-04-11T09:38:47","guid":{"rendered":"https:\/\/lagardeniablu.it\/?post_type=product&#038;p=11791"},"modified":"2026-04-11T11:38:48","modified_gmt":"2026-04-11T09:38:48","slug":"chanel-gift-set-n1-de-chanel-red-camellia-crema-50ml-lozione-rivitalizzante-viso-150ml-pochette","status":"publish","type":"product","link":"https:\/\/lagardeniablu.it\/en\/product\/chanel-gift-set-n1-de-chanel-red-camellia-crema-50ml-lozione-rivitalizzante-viso-150ml-pochette\/","title":{"rendered":"Chanel Gift Set N\u00b01 De Chanel Red Camellia Crema 50ml + Lozione rivitalizzante viso 150ml + Pochette"},"content":{"rendered":"<p style=\"font-weight: 400\">La camelia rossa, fonte di giovinezza per la pelle.<\/p>\n<p style=\"font-weight: 400\">Kit contiene:<\/p>\n<p style=\"font-weight: 400\">1 crema 50ml<\/p>\n<p style=\"font-weight: 400\">1 lozione rivitalizzante 150ml<\/p>\n<p style=\"font-weight: 400\">1 pochette Chanel<\/p>\n<p><strong>Il siero N\u00b01 DE CHANEL<\/strong>\u00a0leviga visibilmente la pelle e le dona un aspetto pi\u00f9 giovane. Le rughe sono levigate all\u2019istante e l\u2019efficacia \u00e8 triplicata dopo 2 mesi. La sua formula racchiude un\u2019alta concentrazione di due potenti principi attivi selezionati dalla Ricerca CHANEL:<br \/>\n\u2022 l\u2019estratto di camelia rossa, un potente antiossidante, raddoppia la capacit\u00e0 antiossidante della pelle per donarle un aspetto pi\u00f9 giovane;<br \/>\n\u2022 l\u2019oligopeptide stimola i marcatori di giovinezza fondamentali della pelle: collageni, acido ialuronico e fibronectina, presenti naturalmente nella pelle.<br \/>\nQuesto siero altamente efficace rinforza le difese della pelle e la protegge da uno stile di vita urbano e intenso, fattore di invecchiamento cutaneo. Giorno dopo giorno, la pelle risplende di giovinezza.<\/p>\n<p style=\"font-weight: 400\">50m<\/p>\n<p style=\"font-weight: 400\"><strong>La lozione N\u00b01\u00a0DE\u00a0CHANEL\u00a0<\/strong>\u00e8 un trattamento per il viso e il d\u00e9collet\u00e9 arricchito con estratto di camelia rossa, principio attivo in grado di sublimare la vitalit\u00e0 cellulare, e con acqua di camelia. La sua formula \u00e8 composta al 99 % da ingredienti di origine naturale e al 48 % da ingredienti derivati dalla camelia. La pelle \u00e8 immediatamente riposata e la sua giovinezza \u00e8 preservata. La percezione \u00e8 quella di una pelle pi\u00f9 sana<\/p>\n<p style=\"font-weight: 400\"><strong>Benefici<\/strong><\/p>\n<p style=\"font-weight: 400\">Fresca e leggera, la formula di questa lozione tonica viso \u00e8 arricchita con estratto di camelia rossa e con acqua di camelia. Affina la grana e restringe i pori, donando energia alla pelle. Per una pelle visibilmente rimpolpata e avvolta da una sensazione di confort, che risplende di giovinezza.<br \/>\nSubito dopo l&#8217;applicazione, la pelle \u00e8 pi\u00f9 luminosa e il colorito \u00e8 pi\u00f9 rosato .<br \/>\nDopo un mese, le rughe sono levigate , i pori sono meno visibili\u00a0\u00a0e l\u2019elasticit\u00e0 \u00e8 migliorata .La pelle \u00e8 avvolta da una maggiore sensazione di confort .<\/p>\n<p style=\"font-weight: 400\">150ml<\/p>","protected":false},"excerpt":{"rendered":"<p>La camelia rossa, fonte di giovinezza per la pelle. Kit contiene: 1 crema 50ml 1 lozione rivitalizzante 150ml 1 pochette Chanel Il siero N\u00b01 DE CHANEL\u00a0leviga visibilmente la pelle e le dona un aspetto pi\u00f9 giovane. Le rughe sono levigate all\u2019istante e l\u2019efficacia \u00e8 triplicata dopo 2 mesi. La sua formula racchiude un\u2019alta concentrazione di [&hellip;]<\/p>\n","protected":false},"featured_media":11792,"comment_status":"open","ping_status":"closed","template":"","meta":{"_acf_changed":false},"product_brand":[],"product_cat":[77,126,121,99,75,74],"product_tag":[],"class_list":{"0":"post-11791","1":"product","2":"type-product","3":"status-publish","4":"has-post-thumbnail","6":"product_cat-antirughe-ed-antieta","7":"product_cat-chanel","8":"product_cat-idee-regalo-natale","9":"product_cat-marca","10":"product_cat-struccanti-detergenti-e-tonici","11":"product_cat-viso-donna-cosmetici","12":"product_shipping_class-spedizione-a-tariffa-unica","14":"first","15":"instock","16":"sale","17":"shipping-taxable","18":"purchasable","19":"product-type-simple"},"acf":[],"jetpack_sharing_enabled":true,"_links":{"self":[{"href":"https:\/\/lagardeniablu.it\/en\/wp-json\/wp\/v2\/product\/11791","targetHints":{"allow":["GET"]}}],"collection":[{"href":"https:\/\/lagardeniablu.it\/en\/wp-json\/wp\/v2\/product"}],"about":[{"href":"https:\/\/lagardeniablu.it\/en\/wp-json\/wp\/v2\/types\/product"}],"replies":[{"embeddable":true,"href":"https:\/\/lagardeniablu.it\/en\/wp-json\/wp\/v2\/comments?post=11791"}],"wp:featuredmedia":[{"embeddable":true,"href":"https:\/\/lagardeniablu.it\/en\/wp-json\/wp\/v2\/media\/11792"}],"wp:attachment":[{"href":"https:\/\/lagardeniablu.it\/en\/wp-json\/wp\/v2\/media?parent=11791"}],"wp:term":[{"taxonomy":"product_brand","embeddable":true,"href":"https:\/\/lagardeniablu.it\/en\/wp-json\/wp\/v2\/product_brand?post=11791"},{"taxonomy":"product_cat","embeddable":true,"href":"https:\/\/lagardeniablu.it\/en\/wp-json\/wp\/v2\/product_cat?post=11791"},{"taxonomy":"product_tag","embeddable":true,"href":"https:\/\/lagardeniablu.it\/en\/wp-json\/wp\/v2\/product_tag?post=11791"}],"curies":[{"name":"wp","href":"https:\/\/api.w.org\/{rel}","templated":true}]}}