{"id":11795,"date":"2026-04-11T16:05:19","date_gmt":"2026-04-11T14:05:19","guid":{"rendered":"https:\/\/lagardeniablu.it\/?post_type=product&#038;p=11795"},"modified":"2026-04-11T16:05:20","modified_gmt":"2026-04-11T14:05:20","slug":"abercrombie-fitch-100-passion-eau-de-toilette-pour-homme-50ml-fragranza-uomo","status":"publish","type":"product","link":"https:\/\/lagardeniablu.it\/en\/product\/abercrombie-fitch-100-passion-eau-de-toilette-pour-homme-50ml-fragranza-uomo\/","title":{"rendered":"Abercrombie &amp; Fitch 100% Passion Eau de toilette pour homme 50ml fragranza uomo"},"content":{"rendered":"<div>100% Passion Man\u00a0di\u00a0Abercrombie &amp; Fitch\u00a0\u00e8 una fragranza del gruppo Orientale Speziato da uomo. \u00c8 una nuova fragranza.\u00a0100% Passion Man\u00a0\u00e8 stato lanciato sul mercato nel 2025. La nota di testa \u00e8 Mandarino; la nota di cuore \u00e8 Pepe; la nota di base \u00e8 Ambra.<\/div>\n<div><\/div>\n<div>Edt 50ml<\/div>","protected":false},"excerpt":{"rendered":"<p>100% Passion Man\u00a0di\u00a0Abercrombie &amp; Fitch\u00a0\u00e8 una fragranza del gruppo Orientale Speziato da uomo. \u00c8 una nuova fragranza.\u00a0100% Passion Man\u00a0\u00e8 stato lanciato sul mercato nel 2025. La nota di testa \u00e8 Mandarino; la nota di cuore \u00e8 Pepe; la nota di base \u00e8 Ambra. Edt 50ml<\/p>","protected":false},"featured_media":0,"comment_status":"open","ping_status":"closed","template":"","meta":{"_acf_changed":false},"product_brand":[],"product_cat":[18,19],"product_tag":[],"class_list":{"0":"post-11795","1":"product","2":"type-product","3":"status-publish","5":"product_cat-profumi","6":"product_cat-profumi-uomo","7":"product_shipping_class-spedizione-a-tariffa-unica","9":"first","10":"instock","11":"sale","12":"shipping-taxable","13":"purchasable","14":"product-type-simple"},"acf":[],"jetpack_sharing_enabled":true,"_links":{"self":[{"href":"https:\/\/lagardeniablu.it\/en\/wp-json\/wp\/v2\/product\/11795","targetHints":{"allow":["GET"]}}],"collection":[{"href":"https:\/\/lagardeniablu.it\/en\/wp-json\/wp\/v2\/product"}],"about":[{"href":"https:\/\/lagardeniablu.it\/en\/wp-json\/wp\/v2\/types\/product"}],"replies":[{"embeddable":true,"href":"https:\/\/lagardeniablu.it\/en\/wp-json\/wp\/v2\/comments?post=11795"}],"wp:attachment":[{"href":"https:\/\/lagardeniablu.it\/en\/wp-json\/wp\/v2\/media?parent=11795"}],"wp:term":[{"taxonomy":"product_brand","embeddable":true,"href":"https:\/\/lagardeniablu.it\/en\/wp-json\/wp\/v2\/product_brand?post=11795"},{"taxonomy":"product_cat","embeddable":true,"href":"https:\/\/lagardeniablu.it\/en\/wp-json\/wp\/v2\/product_cat?post=11795"},{"taxonomy":"product_tag","embeddable":true,"href":"https:\/\/lagardeniablu.it\/en\/wp-json\/wp\/v2\/product_tag?post=11795"}],"curies":[{"name":"wp","href":"https:\/\/api.w.org\/{rel}","templated":true}]}}