{"id":11801,"date":"2026-04-11T16:38:23","date_gmt":"2026-04-11T14:38:23","guid":{"rendered":"https:\/\/lagardeniablu.it\/?post_type=product&#038;p=11801"},"modified":"2026-04-11T16:38:23","modified_gmt":"2026-04-11T14:38:23","slug":"roberto-cavalli-eau-de-parfum-da-donna-75ml","status":"publish","type":"product","link":"https:\/\/lagardeniablu.it\/en\/product\/roberto-cavalli-eau-de-parfum-da-donna-75ml\/","title":{"rendered":"Roberto Cavalli Eau de Parfum da donna 75ml"},"content":{"rendered":"<div>Roberto Cavalli Eau de Parfum\u00a0di\u00a0Roberto Cavalli\u00a0\u00e8 una fragranza del gruppo Orientale Floreale da donna.\u00a0Roberto Cavalli Eau de Parfum\u00a0\u00e8 stato lanciato sul mercato nel 2012. Il Naso di questa fragranza \u00e8 Louise Turner. La nota di testa \u00e8 Pepe Rosa; la nota di cuore \u00e8 Fiore d&#8217;Arancio Africano; le note di base sono Vaniglia, Benzoino e Fava Tonka.<\/div>\n<div><\/div>\n<div>Edp 75ml<\/div>","protected":false},"excerpt":{"rendered":"<p>Roberto Cavalli Eau de Parfum\u00a0di\u00a0Roberto Cavalli\u00a0\u00e8 una fragranza del gruppo Orientale Floreale da donna.\u00a0Roberto Cavalli Eau de Parfum\u00a0\u00e8 stato lanciato sul mercato nel 2012. Il Naso di questa fragranza \u00e8 Louise Turner. La nota di testa \u00e8 Pepe Rosa; la nota di cuore \u00e8 Fiore d&#8217;Arancio Africano; le note di base sono Vaniglia, Benzoino e [&hellip;]<\/p>\n","protected":false},"featured_media":11802,"comment_status":"open","ping_status":"closed","template":"","meta":{"_acf_changed":false},"product_brand":[],"product_cat":[18,21],"product_tag":[],"class_list":{"0":"post-11801","1":"product","2":"type-product","3":"status-publish","4":"has-post-thumbnail","6":"product_cat-profumi","7":"product_cat-profumi-donna","8":"product_shipping_class-spedizione-a-tariffa-unica","10":"first","11":"instock","12":"sale","13":"shipping-taxable","14":"purchasable","15":"product-type-simple"},"acf":[],"jetpack_sharing_enabled":true,"_links":{"self":[{"href":"https:\/\/lagardeniablu.it\/en\/wp-json\/wp\/v2\/product\/11801","targetHints":{"allow":["GET"]}}],"collection":[{"href":"https:\/\/lagardeniablu.it\/en\/wp-json\/wp\/v2\/product"}],"about":[{"href":"https:\/\/lagardeniablu.it\/en\/wp-json\/wp\/v2\/types\/product"}],"replies":[{"embeddable":true,"href":"https:\/\/lagardeniablu.it\/en\/wp-json\/wp\/v2\/comments?post=11801"}],"wp:featuredmedia":[{"embeddable":true,"href":"https:\/\/lagardeniablu.it\/en\/wp-json\/wp\/v2\/media\/11802"}],"wp:attachment":[{"href":"https:\/\/lagardeniablu.it\/en\/wp-json\/wp\/v2\/media?parent=11801"}],"wp:term":[{"taxonomy":"product_brand","embeddable":true,"href":"https:\/\/lagardeniablu.it\/en\/wp-json\/wp\/v2\/product_brand?post=11801"},{"taxonomy":"product_cat","embeddable":true,"href":"https:\/\/lagardeniablu.it\/en\/wp-json\/wp\/v2\/product_cat?post=11801"},{"taxonomy":"product_tag","embeddable":true,"href":"https:\/\/lagardeniablu.it\/en\/wp-json\/wp\/v2\/product_tag?post=11801"}],"curies":[{"name":"wp","href":"https:\/\/api.w.org\/{rel}","templated":true}]}}