{"id":11805,"date":"2026-04-11T16:55:12","date_gmt":"2026-04-11T14:55:12","guid":{"rendered":"https:\/\/lagardeniablu.it\/?post_type=product&#038;p=11805"},"modified":"2026-04-11T16:55:12","modified_gmt":"2026-04-11T14:55:12","slug":"ferragamo-signorina-unica-eau-de-parfum-30ml-profumo-donna","status":"publish","type":"product","link":"https:\/\/lagardeniablu.it\/en\/product\/ferragamo-signorina-unica-eau-de-parfum-30ml-profumo-donna\/","title":{"rendered":"Ferragamo Signorina Unica Eau de Parfum 30ml profumo donna"},"content":{"rendered":"<div>Signorina Unica\u00a0di\u00a0Salvatore Ferragamo\u00a0\u00e8 una fragranza del gruppo Orientale Floreale da donna.\u00a0Signorina Unica\u00a0\u00e8 stato lanciato sul mercato nel 2024. Il Naso di questa fragranza \u00e8 J\u00e9r\u00f4me Epinette. Le note di testa sono Mandarino, Note Marine, Canna da Zucchero e Bergamotto; le note di cuore sono Legno di Cashmere, Violetta, Ribes Nero e Rododendro; le note di base sono Tiramis\u00f9, Vaniglia, Fava Tonka, Ambroxan e Patchouli.<\/div>\n<div><\/div>\n<div>Edp 30ml<\/div>","protected":false},"excerpt":{"rendered":"<p>Signorina Unica\u00a0di\u00a0Salvatore Ferragamo\u00a0\u00e8 una fragranza del gruppo Orientale Floreale da donna.\u00a0Signorina Unica\u00a0\u00e8 stato lanciato sul mercato nel 2024. Il Naso di questa fragranza \u00e8 J\u00e9r\u00f4me Epinette. Le note di testa sono Mandarino, Note Marine, Canna da Zucchero e Bergamotto; le note di cuore sono Legno di Cashmere, Violetta, Ribes Nero e Rododendro; le note di [&hellip;]<\/p>\n","protected":false},"featured_media":11806,"comment_status":"open","ping_status":"closed","template":"","meta":{"_acf_changed":false},"product_brand":[],"product_cat":[18,21],"product_tag":[],"class_list":{"0":"post-11805","1":"product","2":"type-product","3":"status-publish","4":"has-post-thumbnail","6":"product_cat-profumi","7":"product_cat-profumi-donna","8":"product_shipping_class-spedizione-a-tariffa-unica","10":"first","11":"instock","12":"sale","13":"shipping-taxable","14":"purchasable","15":"product-type-simple"},"acf":[],"jetpack_sharing_enabled":true,"_links":{"self":[{"href":"https:\/\/lagardeniablu.it\/en\/wp-json\/wp\/v2\/product\/11805","targetHints":{"allow":["GET"]}}],"collection":[{"href":"https:\/\/lagardeniablu.it\/en\/wp-json\/wp\/v2\/product"}],"about":[{"href":"https:\/\/lagardeniablu.it\/en\/wp-json\/wp\/v2\/types\/product"}],"replies":[{"embeddable":true,"href":"https:\/\/lagardeniablu.it\/en\/wp-json\/wp\/v2\/comments?post=11805"}],"wp:featuredmedia":[{"embeddable":true,"href":"https:\/\/lagardeniablu.it\/en\/wp-json\/wp\/v2\/media\/11806"}],"wp:attachment":[{"href":"https:\/\/lagardeniablu.it\/en\/wp-json\/wp\/v2\/media?parent=11805"}],"wp:term":[{"taxonomy":"product_brand","embeddable":true,"href":"https:\/\/lagardeniablu.it\/en\/wp-json\/wp\/v2\/product_brand?post=11805"},{"taxonomy":"product_cat","embeddable":true,"href":"https:\/\/lagardeniablu.it\/en\/wp-json\/wp\/v2\/product_cat?post=11805"},{"taxonomy":"product_tag","embeddable":true,"href":"https:\/\/lagardeniablu.it\/en\/wp-json\/wp\/v2\/product_tag?post=11805"}],"curies":[{"name":"wp","href":"https:\/\/api.w.org\/{rel}","templated":true}]}}