{"id":11853,"date":"2026-04-17T17:51:40","date_gmt":"2026-04-17T15:51:40","guid":{"rendered":"https:\/\/lagardeniablu.it\/?post_type=product&#038;p=11853"},"modified":"2026-04-17T17:52:43","modified_gmt":"2026-04-17T15:52:43","slug":"giorgio-armani-eyes-to-kill-silk-eye-shadow-fard-a-paupieres-soyeux-ombretto-06","status":"publish","type":"product","link":"https:\/\/lagardeniablu.it\/en\/product\/giorgio-armani-eyes-to-kill-silk-eye-shadow-fard-a-paupieres-soyeux-ombretto-06\/","title":{"rendered":"Giorgio Armani Eyes To Kill Silk Eye Shadow Fard \u00c0 Paupi\u00e8res Soyeux Ombretto 06"},"content":{"rendered":"<p style=\"font-weight: 400\">Eyes to Kill Stellar \u00e8 il nuovo ombretto mono dalla rivoluzionaria texture bouncy-gel. La sua formula nasce dalla forza innovatrice dei laboratori Armani e combina l\u2019esaltazione del colore alla durata estrema. Facile da applicare e ideale da sovrapporre per uno sguardo magnetico, regala un risultato make-up shimmer che rimane impeccabile per tutta la giornata. La sua gamma racchiude 6 raffinatissime tonalit\u00e0 con finish ultra shimmer: 3 nuance dalle sfumature metalliche- dal titanio al rame e 3 nuance pi\u00f9 delicate dai riflessi pastello. Ogni shade \u00e8 il frutto di un\u2019unica composizione di pigmenti e sovrapponendole si ottengono infinite sfumature di luce.<\/p>\n<p style=\"font-weight: 400\">colore 06 Khaki Pulse<\/p>","protected":false},"excerpt":{"rendered":"<p>Eyes to Kill Stellar \u00e8 il nuovo ombretto mono dalla rivoluzionaria texture bouncy-gel. La sua formula nasce dalla forza innovatrice dei laboratori Armani e combina l\u2019esaltazione del colore alla durata estrema. Facile da applicare e ideale da sovrapporre per uno sguardo magnetico, regala un risultato make-up shimmer che rimane impeccabile per tutta la giornata. La [&hellip;]<\/p>\n","protected":false},"featured_media":11854,"comment_status":"open","ping_status":"closed","template":"","meta":{"_acf_changed":false},"product_brand":[],"product_cat":[23,35,39],"product_tag":[],"class_list":{"0":"post-11853","1":"product","2":"type-product","3":"status-publish","4":"has-post-thumbnail","6":"product_cat-make-up","7":"product_cat-occhi","8":"product_cat-ombretto","9":"product_shipping_class-spedizione-a-tariffa-unica","11":"first","12":"instock","13":"shipping-taxable","14":"purchasable","15":"product-type-simple"},"acf":[],"jetpack_sharing_enabled":true,"_links":{"self":[{"href":"https:\/\/lagardeniablu.it\/en\/wp-json\/wp\/v2\/product\/11853","targetHints":{"allow":["GET"]}}],"collection":[{"href":"https:\/\/lagardeniablu.it\/en\/wp-json\/wp\/v2\/product"}],"about":[{"href":"https:\/\/lagardeniablu.it\/en\/wp-json\/wp\/v2\/types\/product"}],"replies":[{"embeddable":true,"href":"https:\/\/lagardeniablu.it\/en\/wp-json\/wp\/v2\/comments?post=11853"}],"wp:featuredmedia":[{"embeddable":true,"href":"https:\/\/lagardeniablu.it\/en\/wp-json\/wp\/v2\/media\/11854"}],"wp:attachment":[{"href":"https:\/\/lagardeniablu.it\/en\/wp-json\/wp\/v2\/media?parent=11853"}],"wp:term":[{"taxonomy":"product_brand","embeddable":true,"href":"https:\/\/lagardeniablu.it\/en\/wp-json\/wp\/v2\/product_brand?post=11853"},{"taxonomy":"product_cat","embeddable":true,"href":"https:\/\/lagardeniablu.it\/en\/wp-json\/wp\/v2\/product_cat?post=11853"},{"taxonomy":"product_tag","embeddable":true,"href":"https:\/\/lagardeniablu.it\/en\/wp-json\/wp\/v2\/product_tag?post=11853"}],"curies":[{"name":"wp","href":"https:\/\/api.w.org\/{rel}","templated":true}]}}