{"id":1249,"date":"2023-10-11T17:44:44","date_gmt":"2023-10-11T15:44:44","guid":{"rendered":"https:\/\/lagardeniablu.it\/?post_type=product&#038;p=1249"},"modified":"2023-11-08T10:48:13","modified_gmt":"2023-11-08T09:48:13","slug":"bulgari-goldea-the-roman-night-absolute-donna-eau-de-parfum-50-ml","status":"publish","type":"product","link":"https:\/\/lagardeniablu.it\/en\/product\/bulgari-goldea-the-roman-night-absolute-donna-eau-de-parfum-50-ml\/","title":{"rendered":"Bulgari Goldea The Roman Night Absolute Donna Eau De Parfum  50 ml"},"content":{"rendered":"<p>Emblema di fascino e sensualit\u00e0, Goldea The Roman Night Absolute \u00e8 una Eau de Parfum che rivela infinite possibilit\u00e0, catturando le emozioni, l&#8217;intensit\u00e0 e la frenesia delle notti romane. Un ipnotico elisir dalle note chypre, floreali e muschiate, dotato di un irresistibile potere seduttivo.<br \/>\nPiramide Olfattiva:<\/p>\n<p>Petali di Fiori d\u2019Arancio, Assoluta di Gelsomino Sambac, Muschio di Cristallo<\/p>","protected":false},"excerpt":{"rendered":"<p>Emblema di fascino e sensualit\u00e0, Goldea The Roman Night Absolute \u00e8 una Eau de Parfum che rivela infinite possibilit\u00e0, catturando le emozioni, l&#8217;intensit\u00e0 e la frenesia delle notti romane. Un ipnotico elisir dalle note chypre, floreali e muschiate, dotato di un irresistibile potere seduttivo. Piramide Olfattiva: Petali di Fiori d\u2019Arancio, Assoluta di Gelsomino Sambac, Muschio [&hellip;]<\/p>\n","protected":false},"featured_media":1251,"comment_status":"open","ping_status":"closed","template":"","meta":{"_acf_changed":false},"product_brand":[],"product_cat":[18,21],"product_tag":[],"class_list":{"0":"post-1249","1":"product","2":"type-product","3":"status-publish","4":"has-post-thumbnail","6":"product_cat-profumi","7":"product_cat-profumi-donna","8":"product_shipping_class-spedizione-a-tariffa-unica","10":"first","11":"instock","12":"shipping-taxable","13":"purchasable","14":"product-type-simple"},"acf":[],"jetpack_sharing_enabled":true,"_links":{"self":[{"href":"https:\/\/lagardeniablu.it\/en\/wp-json\/wp\/v2\/product\/1249","targetHints":{"allow":["GET"]}}],"collection":[{"href":"https:\/\/lagardeniablu.it\/en\/wp-json\/wp\/v2\/product"}],"about":[{"href":"https:\/\/lagardeniablu.it\/en\/wp-json\/wp\/v2\/types\/product"}],"replies":[{"embeddable":true,"href":"https:\/\/lagardeniablu.it\/en\/wp-json\/wp\/v2\/comments?post=1249"}],"wp:featuredmedia":[{"embeddable":true,"href":"https:\/\/lagardeniablu.it\/en\/wp-json\/wp\/v2\/media\/1251"}],"wp:attachment":[{"href":"https:\/\/lagardeniablu.it\/en\/wp-json\/wp\/v2\/media?parent=1249"}],"wp:term":[{"taxonomy":"product_brand","embeddable":true,"href":"https:\/\/lagardeniablu.it\/en\/wp-json\/wp\/v2\/product_brand?post=1249"},{"taxonomy":"product_cat","embeddable":true,"href":"https:\/\/lagardeniablu.it\/en\/wp-json\/wp\/v2\/product_cat?post=1249"},{"taxonomy":"product_tag","embeddable":true,"href":"https:\/\/lagardeniablu.it\/en\/wp-json\/wp\/v2\/product_tag?post=1249"}],"curies":[{"name":"wp","href":"https:\/\/api.w.org\/{rel}","templated":true}]}}