{"id":1336,"date":"2023-10-27T15:55:39","date_gmt":"2023-10-27T13:55:39","guid":{"rendered":"https:\/\/lagardeniablu.it\/?post_type=product&#038;p=1336"},"modified":"2025-11-18T08:52:05","modified_gmt":"2025-11-18T07:52:05","slug":"jean-paul-gaultier-classique-eau-de-toilette-50ml-fragranza-da-donna","status":"publish","type":"product","link":"https:\/\/lagardeniablu.it\/en\/product\/jean-paul-gaultier-classique-eau-de-toilette-50ml-fragranza-da-donna\/","title":{"rendered":"Jean Paul Gaultier Classique Eau de Toilette 50ml Fragranza da Donna"},"content":{"rendered":"<p>Classique di Jean Paul Gaultier \u00e8 una fragranza del gruppo Ambrato Floreale da donna. Classique \u00e8 stato lanciato sul mercato nel 1993. Il Naso di questa fragranza \u00e8 Jacques Cavallier. Le note di testa sono Fiore d&#8217;Arancio, Anice Stellato, Rosa, Mandarino, Pera e Bergamotto; le note di cuore sono Ylang Ylang, Zenzero, Orchidea, Tuberosa, Iris e Prugna; le note di base sono Vaniglia, Ambra, Muschio, Cannella e Sandalo.<\/p>","protected":false},"excerpt":{"rendered":"<p>Classique di Jean Paul Gaultier \u00e8 una fragranza del gruppo Ambrato Floreale da donna. Classique \u00e8 stato lanciato sul mercato nel 1993. Il Naso di questa fragranza \u00e8 Jacques Cavallier. Le note di testa sono Fiore d&#8217;Arancio, Anice Stellato, Rosa, Mandarino, Pera e Bergamotto; le note di cuore sono Ylang Ylang, Zenzero, Orchidea, Tuberosa, Iris [&hellip;]<\/p>\n","protected":false},"featured_media":1337,"comment_status":"open","ping_status":"closed","template":"","meta":{"_acf_changed":false},"product_brand":[],"product_cat":[18,21],"product_tag":[],"class_list":{"0":"post-1336","1":"product","2":"type-product","3":"status-publish","4":"has-post-thumbnail","6":"product_cat-profumi","7":"product_cat-profumi-donna","8":"product_shipping_class-spedizione-a-tariffa-unica","10":"first","11":"outofstock","12":"sale","13":"shipping-taxable","14":"purchasable","15":"product-type-simple"},"acf":[],"jetpack_sharing_enabled":true,"_links":{"self":[{"href":"https:\/\/lagardeniablu.it\/en\/wp-json\/wp\/v2\/product\/1336","targetHints":{"allow":["GET"]}}],"collection":[{"href":"https:\/\/lagardeniablu.it\/en\/wp-json\/wp\/v2\/product"}],"about":[{"href":"https:\/\/lagardeniablu.it\/en\/wp-json\/wp\/v2\/types\/product"}],"replies":[{"embeddable":true,"href":"https:\/\/lagardeniablu.it\/en\/wp-json\/wp\/v2\/comments?post=1336"}],"wp:featuredmedia":[{"embeddable":true,"href":"https:\/\/lagardeniablu.it\/en\/wp-json\/wp\/v2\/media\/1337"}],"wp:attachment":[{"href":"https:\/\/lagardeniablu.it\/en\/wp-json\/wp\/v2\/media?parent=1336"}],"wp:term":[{"taxonomy":"product_brand","embeddable":true,"href":"https:\/\/lagardeniablu.it\/en\/wp-json\/wp\/v2\/product_brand?post=1336"},{"taxonomy":"product_cat","embeddable":true,"href":"https:\/\/lagardeniablu.it\/en\/wp-json\/wp\/v2\/product_cat?post=1336"},{"taxonomy":"product_tag","embeddable":true,"href":"https:\/\/lagardeniablu.it\/en\/wp-json\/wp\/v2\/product_tag?post=1336"}],"curies":[{"name":"wp","href":"https:\/\/api.w.org\/{rel}","templated":true}]}}