{"id":1475,"date":"2023-10-28T10:05:50","date_gmt":"2023-10-28T08:05:50","guid":{"rendered":"https:\/\/lagardeniablu.it\/?post_type=product&#038;p=1475"},"modified":"2025-06-21T12:07:21","modified_gmt":"2025-06-21T10:07:21","slug":"acqua-di-gio-profondo-giorgio-armani-eau-de-parfum-75-ml-profumo-da-uomo","status":"publish","type":"product","link":"https:\/\/lagardeniablu.it\/en\/product\/acqua-di-gio-profondo-giorgio-armani-eau-de-parfum-75-ml-profumo-da-uomo\/","title":{"rendered":"Acqua Di Gio&#8217; Profondo Giorgio Armani Eau de Parfum 100ml profumo da uomo"},"content":{"rendered":"<p>Un&#8217;interpretazione Serena Ma Misteriosa Della Classica Acqua Di Gi\u00f2, Questa Eau De Parfum Si Apre Con Le Iconiche Note Salato-Marine Prima Di Fondersi Nelle Tonificanti Essenze Aromatiche Di Cipresso, Lavanda E Rosmarino Che Rendono Questo Fougere Acquatico. Le Profondit\u00e0 Del Mare Si Esprimono Attraverso Note Di Patchouli E Muschio, Lasciando Una Scia Misteriosa E Duratura. Acqua Di Gi\u00f2 Profondo \u00c8 Un Tuffo Nella Profondit\u00e0 Del Mare.<br \/>\nFamiglia Fragranza: Fougere Aromatico<br \/>\nNote Di Fragranza:<br \/>\nNote Di Testa: Agrumi Bergamia, Mandarino, Marino, Acquoso, Ozonico<br \/>\nNote Di Cuore: Lavanda, Rosmarino, Cipresso, Mastice<br \/>\nNote Di Fondo: Ambra, Muschio, Patchouli<\/p>","protected":false},"excerpt":{"rendered":"<p>Un&#8217;interpretazione Serena Ma Misteriosa Della Classica Acqua Di Gi\u00f2, Questa Eau De Parfum Si Apre Con Le Iconiche Note Salato-Marine Prima Di Fondersi Nelle Tonificanti Essenze Aromatiche Di Cipresso, Lavanda E Rosmarino Che Rendono Questo Fougere Acquatico. Le Profondit\u00e0 Del Mare Si Esprimono Attraverso Note Di Patchouli E Muschio, Lasciando Una Scia Misteriosa E Duratura. [&hellip;]<\/p>\n","protected":false},"featured_media":8507,"comment_status":"open","ping_status":"closed","template":"","meta":{"_acf_changed":false},"product_brand":[],"product_cat":[18,19],"product_tag":[],"class_list":{"0":"post-1475","1":"product","2":"type-product","3":"status-publish","4":"has-post-thumbnail","6":"product_cat-profumi","7":"product_cat-profumi-uomo","8":"product_shipping_class-spedizione-a-tariffa-unica","10":"first","11":"outofstock","12":"sale","13":"shipping-taxable","14":"purchasable","15":"product-type-simple"},"acf":[],"jetpack_sharing_enabled":true,"_links":{"self":[{"href":"https:\/\/lagardeniablu.it\/en\/wp-json\/wp\/v2\/product\/1475","targetHints":{"allow":["GET"]}}],"collection":[{"href":"https:\/\/lagardeniablu.it\/en\/wp-json\/wp\/v2\/product"}],"about":[{"href":"https:\/\/lagardeniablu.it\/en\/wp-json\/wp\/v2\/types\/product"}],"replies":[{"embeddable":true,"href":"https:\/\/lagardeniablu.it\/en\/wp-json\/wp\/v2\/comments?post=1475"}],"wp:featuredmedia":[{"embeddable":true,"href":"https:\/\/lagardeniablu.it\/en\/wp-json\/wp\/v2\/media\/8507"}],"wp:attachment":[{"href":"https:\/\/lagardeniablu.it\/en\/wp-json\/wp\/v2\/media?parent=1475"}],"wp:term":[{"taxonomy":"product_brand","embeddable":true,"href":"https:\/\/lagardeniablu.it\/en\/wp-json\/wp\/v2\/product_brand?post=1475"},{"taxonomy":"product_cat","embeddable":true,"href":"https:\/\/lagardeniablu.it\/en\/wp-json\/wp\/v2\/product_cat?post=1475"},{"taxonomy":"product_tag","embeddable":true,"href":"https:\/\/lagardeniablu.it\/en\/wp-json\/wp\/v2\/product_tag?post=1475"}],"curies":[{"name":"wp","href":"https:\/\/api.w.org\/{rel}","templated":true}]}}