{"id":1666,"date":"2023-11-14T19:29:16","date_gmt":"2023-11-14T18:29:16","guid":{"rendered":"https:\/\/lagardeniablu.it\/?post_type=product&#038;p=1666"},"modified":"2023-11-25T12:15:30","modified_gmt":"2023-11-25T11:15:30","slug":"slim-brow-pencil-matita-ideale-per-sopracciglia","status":"publish","type":"product","link":"https:\/\/lagardeniablu.it\/en\/product\/slim-brow-pencil-matita-ideale-per-sopracciglia\/","title":{"rendered":"Slim Brow Pencil Matita ideale per Sopracciglia"},"content":{"rendered":"<p>Slim Brow Pencil \u00e8 la matita ultrasottile a doppia punta pensata per rendere perfette le tue sopracciglia.Slim Brow Pencil \u00e8 la matita ultrasottile a doppia punta pensata per rendere perfette le tue sopracciglia.<\/p>\n<p>\u00c8 disponibile in 5 tonalit\u00e0, dalle sfumature pi\u00f9 chiare a quelle pi\u00f9 scure. La sua formula ti permette di realizzare Makeup naturali, i colori sono stati realizzati per dare intensit\u00e0 allo sguardo senza per\u00f2 creare un effetto artificiale.<\/p>\n<p>La doppia punta colore e pettine, ti permette di modificare il look con pochi gesti. \u00c8 ideale per riempire spazi e coprire piccole cicatrici.<\/p>","protected":false},"excerpt":{"rendered":"<p>Slim Brow Pencil \u00e8 la matita ultrasottile a doppia punta pensata per rendere perfette le tue sopracciglia.Slim Brow Pencil \u00e8 la matita ultrasottile a doppia punta pensata per rendere perfette le tue sopracciglia. \u00c8 disponibile in 5 tonalit\u00e0, dalle sfumature pi\u00f9 chiare a quelle pi\u00f9 scure. La sua formula ti permette di realizzare Makeup naturali, [&hellip;]<\/p>\n","protected":false},"featured_media":2133,"comment_status":"open","ping_status":"closed","template":"","meta":{"_acf_changed":false},"product_brand":[],"product_cat":[23,35,41,115],"product_tag":[],"class_list":{"0":"post-1666","1":"product","2":"type-product","3":"status-publish","4":"has-post-thumbnail","6":"product_cat-make-up","7":"product_cat-occhi","8":"product_cat-sopracciglia","9":"product_cat-vip-make-up","10":"product_shipping_class-spedizione-a-tariffa-unica","12":"first","13":"instock","14":"sale","15":"shipping-taxable","16":"purchasable","17":"product-type-variable","18":"has-default-attributes"},"acf":[],"jetpack_sharing_enabled":true,"_links":{"self":[{"href":"https:\/\/lagardeniablu.it\/en\/wp-json\/wp\/v2\/product\/1666","targetHints":{"allow":["GET"]}}],"collection":[{"href":"https:\/\/lagardeniablu.it\/en\/wp-json\/wp\/v2\/product"}],"about":[{"href":"https:\/\/lagardeniablu.it\/en\/wp-json\/wp\/v2\/types\/product"}],"replies":[{"embeddable":true,"href":"https:\/\/lagardeniablu.it\/en\/wp-json\/wp\/v2\/comments?post=1666"}],"wp:featuredmedia":[{"embeddable":true,"href":"https:\/\/lagardeniablu.it\/en\/wp-json\/wp\/v2\/media\/2133"}],"wp:attachment":[{"href":"https:\/\/lagardeniablu.it\/en\/wp-json\/wp\/v2\/media?parent=1666"}],"wp:term":[{"taxonomy":"product_brand","embeddable":true,"href":"https:\/\/lagardeniablu.it\/en\/wp-json\/wp\/v2\/product_brand?post=1666"},{"taxonomy":"product_cat","embeddable":true,"href":"https:\/\/lagardeniablu.it\/en\/wp-json\/wp\/v2\/product_cat?post=1666"},{"taxonomy":"product_tag","embeddable":true,"href":"https:\/\/lagardeniablu.it\/en\/wp-json\/wp\/v2\/product_tag?post=1666"}],"curies":[{"name":"wp","href":"https:\/\/api.w.org\/{rel}","templated":true}]}}