{"id":1706,"date":"2023-11-14T19:32:42","date_gmt":"2023-11-14T18:32:42","guid":{"rendered":"https:\/\/lagardeniablu.it\/?post_type=product&#038;p=1706"},"modified":"2025-02-01T10:04:28","modified_gmt":"2025-02-01T09:04:28","slug":"my-face-refill-glow-highlighter","status":"publish","type":"product","link":"https:\/\/lagardeniablu.it\/en\/product\/my-face-refill-glow-highlighter\/","title":{"rendered":"My Face Refill Glow Highlighter Illuminante in polvere dalla texture leggera Vip Make up"},"content":{"rendered":"<p>My Face Refill Glow Highlighter, l\u2019illuminante in polvere dalla texture leggera ad effetto modulabile per mettere in risalto il tuo make up. 4 colorazioni disponibili per un look luminoso. Con sistema Refill che ti offre l\u2019opportunit\u00e0 di creare la palette desiderata solo con i colori che pi\u00f9 desideri.Ogni cialda viene venduta SINGOLARMENTE e dovr\u00e0 essere inserita in una palette calamitata oppure nella My Face Palette.<\/p>","protected":false},"excerpt":{"rendered":"<p>My Face Refill Glow Highlighter, l\u2019illuminante in polvere dalla texture leggera ad effetto modulabile per mettere in risalto il tuo make up. 4 colorazioni disponibili per un look luminoso. Con sistema Refill che ti offre l\u2019opportunit\u00e0 di creare la palette desiderata solo con i colori che pi\u00f9 desideri.Ogni cialda viene venduta SINGOLARMENTE e dovr\u00e0 essere [&hellip;]<\/p>\n","protected":false},"featured_media":2228,"comment_status":"open","ping_status":"closed","template":"","meta":{"_acf_changed":false},"product_brand":[],"product_cat":[30,23,115,24],"product_tag":[],"class_list":{"0":"post-1706","1":"product","2":"type-product","3":"status-publish","4":"has-post-thumbnail","6":"product_cat-illuminanti","7":"product_cat-make-up","8":"product_cat-vip-make-up","9":"product_cat-viso","10":"product_shipping_class-spedizione-a-tariffa-unica","12":"first","13":"instock","14":"sale","15":"shipping-taxable","16":"purchasable","17":"product-type-variable","18":"has-default-attributes"},"acf":[],"jetpack_sharing_enabled":true,"_links":{"self":[{"href":"https:\/\/lagardeniablu.it\/en\/wp-json\/wp\/v2\/product\/1706","targetHints":{"allow":["GET"]}}],"collection":[{"href":"https:\/\/lagardeniablu.it\/en\/wp-json\/wp\/v2\/product"}],"about":[{"href":"https:\/\/lagardeniablu.it\/en\/wp-json\/wp\/v2\/types\/product"}],"replies":[{"embeddable":true,"href":"https:\/\/lagardeniablu.it\/en\/wp-json\/wp\/v2\/comments?post=1706"}],"wp:featuredmedia":[{"embeddable":true,"href":"https:\/\/lagardeniablu.it\/en\/wp-json\/wp\/v2\/media\/2228"}],"wp:attachment":[{"href":"https:\/\/lagardeniablu.it\/en\/wp-json\/wp\/v2\/media?parent=1706"}],"wp:term":[{"taxonomy":"product_brand","embeddable":true,"href":"https:\/\/lagardeniablu.it\/en\/wp-json\/wp\/v2\/product_brand?post=1706"},{"taxonomy":"product_cat","embeddable":true,"href":"https:\/\/lagardeniablu.it\/en\/wp-json\/wp\/v2\/product_cat?post=1706"},{"taxonomy":"product_tag","embeddable":true,"href":"https:\/\/lagardeniablu.it\/en\/wp-json\/wp\/v2\/product_tag?post=1706"}],"curies":[{"name":"wp","href":"https:\/\/api.w.org\/{rel}","templated":true}]}}