{"id":1724,"date":"2023-11-14T19:33:56","date_gmt":"2023-11-14T18:33:56","guid":{"rendered":"https:\/\/lagardeniablu.it\/?post_type=product&#038;p=1724"},"modified":"2023-11-25T16:58:38","modified_gmt":"2023-11-25T15:58:38","slug":"my-face-refill-blush-powder","status":"publish","type":"product","link":"https:\/\/lagardeniablu.it\/en\/product\/my-face-refill-blush-powder\/","title":{"rendered":"My Face Refill Blush Powder"},"content":{"rendered":"<p>My Face Refill Blush Powder, \u00e8 il Blush in Polvere dalla texture leggera ed effetto modulabile che mette in risalto guance e zigomi.<br \/>\nCon sistema Refill che ti offre l\u2019opportunit\u00e0 di creare la palette desiderata solo con i colori che pi\u00f9 desideri.<\/p>\n<p>Ogni cialda viene venduta SINGOLARMENTE e dovr\u00e0 essere inserita in una palette calamitata oppure nella My Face Palette.<\/p>\n<p>Con l\u2019acquisto di 4 cialde a scelta tra My Face Refill Brush Powder, Cheek &#038; Lip, Glow Highlighter e Contour Bronzer, la Palette My Face \u00e8 in regalo.<\/p>\n<p>Peso cialda: 3,5 g<\/p>","protected":false},"excerpt":{"rendered":"<p>My Face Refill Blush Powder, \u00e8 il Blush in Polvere dalla texture leggera ed effetto modulabile che mette in risalto guance e zigomi. Con sistema Refill che ti offre l\u2019opportunit\u00e0 di creare la palette desiderata solo con i colori che pi\u00f9 desideri. Ogni cialda viene venduta SINGOLARMENTE e dovr\u00e0 essere inserita in una palette calamitata [&hellip;]<\/p>\n","protected":false},"featured_media":2214,"comment_status":"open","ping_status":"closed","template":"","meta":{"_acf_changed":false},"product_brand":[],"product_cat":[31,23,115,24],"product_tag":[],"class_list":{"0":"post-1724","1":"product","2":"type-product","3":"status-publish","4":"has-post-thumbnail","6":"product_cat-blush","7":"product_cat-make-up","8":"product_cat-vip-make-up","9":"product_cat-viso","10":"product_shipping_class-spedizione-a-tariffa-unica","12":"first","13":"instock","14":"sale","15":"shipping-taxable","16":"purchasable","17":"product-type-variable","18":"has-default-attributes"},"acf":[],"jetpack_sharing_enabled":true,"_links":{"self":[{"href":"https:\/\/lagardeniablu.it\/en\/wp-json\/wp\/v2\/product\/1724","targetHints":{"allow":["GET"]}}],"collection":[{"href":"https:\/\/lagardeniablu.it\/en\/wp-json\/wp\/v2\/product"}],"about":[{"href":"https:\/\/lagardeniablu.it\/en\/wp-json\/wp\/v2\/types\/product"}],"replies":[{"embeddable":true,"href":"https:\/\/lagardeniablu.it\/en\/wp-json\/wp\/v2\/comments?post=1724"}],"wp:featuredmedia":[{"embeddable":true,"href":"https:\/\/lagardeniablu.it\/en\/wp-json\/wp\/v2\/media\/2214"}],"wp:attachment":[{"href":"https:\/\/lagardeniablu.it\/en\/wp-json\/wp\/v2\/media?parent=1724"}],"wp:term":[{"taxonomy":"product_brand","embeddable":true,"href":"https:\/\/lagardeniablu.it\/en\/wp-json\/wp\/v2\/product_brand?post=1724"},{"taxonomy":"product_cat","embeddable":true,"href":"https:\/\/lagardeniablu.it\/en\/wp-json\/wp\/v2\/product_cat?post=1724"},{"taxonomy":"product_tag","embeddable":true,"href":"https:\/\/lagardeniablu.it\/en\/wp-json\/wp\/v2\/product_tag?post=1724"}],"curies":[{"name":"wp","href":"https:\/\/api.w.org\/{rel}","templated":true}]}}