{"id":1869,"date":"2023-11-14T19:47:38","date_gmt":"2023-11-14T18:47:38","guid":{"rendered":"https:\/\/lagardeniablu.it\/?post_type=product&#038;p=1869"},"modified":"2023-11-24T18:37:44","modified_gmt":"2023-11-24T17:37:44","slug":"palette-occhi-natural-eye-ultra-pigmented","status":"publish","type":"product","link":"https:\/\/lagardeniablu.it\/en\/product\/palette-occhi-natural-eye-ultra-pigmented\/","title":{"rendered":"Palette Occhi Natural Eye Ultra Pigmented 15 cialde di ombretti Matte e Shimmer Vip make up Milano"},"content":{"rendered":"<p>Palette Occhi Natural Eye: palette ombretti dai colori Naturali.<br \/>\nPalette Occhi composta da 15 cialde di ombretti Matte e Shimmer. Per infinite combinazioni e look sempre originali.<\/p>\n<p>Natural Eye \u00e8 la palette per look semplici ma eleganti: le colorazioni variano tra tonalit\u00e0 come il Bronzo, i colori Nude e diverse tonalit\u00e0 di Marrone.<\/p>\n<p>Nuovo formato da borsetta.<\/p>\n<p>0,9 gr ogni singola cialda<\/p>","protected":false},"excerpt":{"rendered":"<p>Palette Occhi Natural Eye: palette ombretti dai colori Naturali. Palette Occhi composta da 15 cialde di ombretti Matte e Shimmer. Per infinite combinazioni e look sempre originali. Natural Eye \u00e8 la palette per look semplici ma eleganti: le colorazioni variano tra tonalit\u00e0 come il Bronzo, i colori Nude e diverse tonalit\u00e0 di Marrone. Nuovo formato [&hellip;]<\/p>\n","protected":false},"featured_media":2064,"comment_status":"open","ping_status":"closed","template":"","meta":{"_acf_changed":false},"product_brand":[],"product_cat":[23,35,39],"product_tag":[],"class_list":{"0":"post-1869","1":"product","2":"type-product","3":"status-publish","4":"has-post-thumbnail","6":"product_cat-make-up","7":"product_cat-occhi","8":"product_cat-ombretto","9":"product_shipping_class-spedizione-a-tariffa-unica","11":"first","12":"instock","13":"sale","14":"shipping-taxable","15":"purchasable","16":"product-type-simple"},"acf":[],"jetpack_sharing_enabled":true,"_links":{"self":[{"href":"https:\/\/lagardeniablu.it\/en\/wp-json\/wp\/v2\/product\/1869","targetHints":{"allow":["GET"]}}],"collection":[{"href":"https:\/\/lagardeniablu.it\/en\/wp-json\/wp\/v2\/product"}],"about":[{"href":"https:\/\/lagardeniablu.it\/en\/wp-json\/wp\/v2\/types\/product"}],"replies":[{"embeddable":true,"href":"https:\/\/lagardeniablu.it\/en\/wp-json\/wp\/v2\/comments?post=1869"}],"wp:featuredmedia":[{"embeddable":true,"href":"https:\/\/lagardeniablu.it\/en\/wp-json\/wp\/v2\/media\/2064"}],"wp:attachment":[{"href":"https:\/\/lagardeniablu.it\/en\/wp-json\/wp\/v2\/media?parent=1869"}],"wp:term":[{"taxonomy":"product_brand","embeddable":true,"href":"https:\/\/lagardeniablu.it\/en\/wp-json\/wp\/v2\/product_brand?post=1869"},{"taxonomy":"product_cat","embeddable":true,"href":"https:\/\/lagardeniablu.it\/en\/wp-json\/wp\/v2\/product_cat?post=1869"},{"taxonomy":"product_tag","embeddable":true,"href":"https:\/\/lagardeniablu.it\/en\/wp-json\/wp\/v2\/product_tag?post=1869"}],"curies":[{"name":"wp","href":"https:\/\/api.w.org\/{rel}","templated":true}]}}