{"id":1870,"date":"2023-11-14T19:47:38","date_gmt":"2023-11-14T18:47:38","guid":{"rendered":"https:\/\/lagardeniablu.it\/?post_type=product&#038;p=1870"},"modified":"2023-11-24T18:55:36","modified_gmt":"2023-11-24T17:55:36","slug":"my-face-palette-vuota","status":"publish","type":"product","link":"https:\/\/lagardeniablu.it\/en\/product\/my-face-palette-vuota\/","title":{"rendered":"My Face Palette Vuota calamitata con 4 fori per le cialde My Face Refill"},"content":{"rendered":"<p>My Face Palette \u00e8 la palette vuota calamitata con 4 fori per le cialde My Face Refill. La palette ti offre l\u2019opportunit\u00e0 di creare un assortimento di cialde solo con le tonalit\u00e0 che pi\u00f9 desideri e senza sprechi. I comodi fori sul retro della Palette ti consentono di rimuovere facilmente le cialde terminate.<\/p>\n<p>Con l\u2019acquisto di 4 cialde a scelta tra My Face Refill Brush Powder, Cheek &#038; Lip, Glow Highlighter e Contour Bronzer, My Face Palette \u00e8 in regalo.<\/p>","protected":false},"excerpt":{"rendered":"<p>My Face Palette \u00e8 la palette vuota calamitata con 4 fori per le cialde My Face Refill. La palette ti offre l\u2019opportunit\u00e0 di creare un assortimento di cialde solo con le tonalit\u00e0 che pi\u00f9 desideri e senza sprechi. I comodi fori sul retro della Palette ti consentono di rimuovere facilmente le cialde terminate. Con l\u2019acquisto [&hellip;]<\/p>\n","protected":false},"featured_media":2068,"comment_status":"open","ping_status":"closed","template":"","meta":{"_acf_changed":false},"product_brand":[],"product_cat":[34,31,32,23,24],"product_tag":[],"class_list":{"0":"post-1870","1":"product","2":"type-product","3":"status-publish","4":"has-post-thumbnail","6":"product_cat-accessori","7":"product_cat-blush","8":"product_cat-bronzer","9":"product_cat-make-up","10":"product_cat-viso","11":"product_shipping_class-spedizione-a-tariffa-unica","13":"first","14":"instock","15":"shipping-taxable","16":"purchasable","17":"product-type-simple"},"acf":[],"jetpack_sharing_enabled":true,"_links":{"self":[{"href":"https:\/\/lagardeniablu.it\/en\/wp-json\/wp\/v2\/product\/1870","targetHints":{"allow":["GET"]}}],"collection":[{"href":"https:\/\/lagardeniablu.it\/en\/wp-json\/wp\/v2\/product"}],"about":[{"href":"https:\/\/lagardeniablu.it\/en\/wp-json\/wp\/v2\/types\/product"}],"replies":[{"embeddable":true,"href":"https:\/\/lagardeniablu.it\/en\/wp-json\/wp\/v2\/comments?post=1870"}],"wp:featuredmedia":[{"embeddable":true,"href":"https:\/\/lagardeniablu.it\/en\/wp-json\/wp\/v2\/media\/2068"}],"wp:attachment":[{"href":"https:\/\/lagardeniablu.it\/en\/wp-json\/wp\/v2\/media?parent=1870"}],"wp:term":[{"taxonomy":"product_brand","embeddable":true,"href":"https:\/\/lagardeniablu.it\/en\/wp-json\/wp\/v2\/product_brand?post=1870"},{"taxonomy":"product_cat","embeddable":true,"href":"https:\/\/lagardeniablu.it\/en\/wp-json\/wp\/v2\/product_cat?post=1870"},{"taxonomy":"product_tag","embeddable":true,"href":"https:\/\/lagardeniablu.it\/en\/wp-json\/wp\/v2\/product_tag?post=1870"}],"curies":[{"name":"wp","href":"https:\/\/api.w.org\/{rel}","templated":true}]}}