{"id":1889,"date":"2023-11-14T19:47:40","date_gmt":"2023-11-14T18:47:40","guid":{"rendered":"https:\/\/lagardeniablu.it\/?post_type=product&#038;p=1889"},"modified":"2023-11-24T18:53:02","modified_gmt":"2023-11-24T17:53:02","slug":"my-eyeshadow-palette-vuota","status":"publish","type":"product","link":"https:\/\/lagardeniablu.it\/en\/product\/my-eyeshadow-palette-vuota\/","title":{"rendered":"My Eyeshadow Palette Vuota Vip make up Milano"},"content":{"rendered":"<p>My Eyeshadow Palette \u00e8 la palette vuota calamitata con 5 fori per le cialde My Eyeshadow Refill. La palette ti offre l\u2019opportunit\u00e0 di creare un assortimento di cialde solo con le tonalit\u00e0 che pi\u00f9 desideri e senza sprechi. I comodi fori sul retro della Palette ti consentono di rimuovere facilmente le cialde terminate.<\/p>","protected":false},"excerpt":{"rendered":"<p>My Eyeshadow Palette \u00e8 la palette vuota calamitata con 5 fori per le cialde My Eyeshadow Refill. La palette ti offre l\u2019opportunit\u00e0 di creare un assortimento di cialde solo con le tonalit\u00e0 che pi\u00f9 desideri e senza sprechi. I comodi fori sul retro della Palette ti consentono di rimuovere facilmente le cialde terminate.<\/p>","protected":false},"featured_media":2066,"comment_status":"open","ping_status":"closed","template":"","meta":{"_acf_changed":false},"product_brand":[],"product_cat":[42,23,35,39],"product_tag":[],"class_list":{"0":"post-1889","1":"product","2":"type-product","3":"status-publish","4":"has-post-thumbnail","6":"product_cat-accessori-occhi","7":"product_cat-make-up","8":"product_cat-occhi","9":"product_cat-ombretto","10":"product_shipping_class-spedizione-a-tariffa-unica","12":"first","13":"instock","14":"shipping-taxable","15":"purchasable","16":"product-type-simple"},"acf":[],"jetpack_sharing_enabled":true,"_links":{"self":[{"href":"https:\/\/lagardeniablu.it\/en\/wp-json\/wp\/v2\/product\/1889","targetHints":{"allow":["GET"]}}],"collection":[{"href":"https:\/\/lagardeniablu.it\/en\/wp-json\/wp\/v2\/product"}],"about":[{"href":"https:\/\/lagardeniablu.it\/en\/wp-json\/wp\/v2\/types\/product"}],"replies":[{"embeddable":true,"href":"https:\/\/lagardeniablu.it\/en\/wp-json\/wp\/v2\/comments?post=1889"}],"wp:featuredmedia":[{"embeddable":true,"href":"https:\/\/lagardeniablu.it\/en\/wp-json\/wp\/v2\/media\/2066"}],"wp:attachment":[{"href":"https:\/\/lagardeniablu.it\/en\/wp-json\/wp\/v2\/media?parent=1889"}],"wp:term":[{"taxonomy":"product_brand","embeddable":true,"href":"https:\/\/lagardeniablu.it\/en\/wp-json\/wp\/v2\/product_brand?post=1889"},{"taxonomy":"product_cat","embeddable":true,"href":"https:\/\/lagardeniablu.it\/en\/wp-json\/wp\/v2\/product_cat?post=1889"},{"taxonomy":"product_tag","embeddable":true,"href":"https:\/\/lagardeniablu.it\/en\/wp-json\/wp\/v2\/product_tag?post=1889"}],"curies":[{"name":"wp","href":"https:\/\/api.w.org\/{rel}","templated":true}]}}