{"id":202,"date":"2023-09-08T14:02:20","date_gmt":"2023-09-08T12:02:20","guid":{"rendered":"http:\/\/lagardeniablu.it\/?post_type=product&#038;p=202"},"modified":"2025-09-09T16:35:28","modified_gmt":"2025-09-09T14:35:28","slug":"latte-detergente-struccante-hyaluronic-bio-amerigo-250-ml","status":"publish","type":"product","link":"https:\/\/lagardeniablu.it\/en\/product\/latte-detergente-struccante-hyaluronic-bio-amerigo-250-ml\/","title":{"rendered":"Latte Detergente Struccante Hyaluronic Bio Amerigo 250 Ml"},"content":{"rendered":"<p>Prezioso alleato ad\u00a0<strong>azione anti-age<\/strong>\u00a0formulato per detergere e rimuovere il trucco da viso e occhi.<br \/>\nOltre ad Oli vegetali nutrienti di Mandorla e Jojoba, contiene acido jaluronico presente in due pesi molecolari per aiutare a distendere le piccole rughe e al tempo stesso a idratare intensamente la pelle.<br \/>\nDalla texture leggera e gradevole, \u00e8 ideale per pulizia quotidiana poich\u00e9 deterge delicatamente senza alterare l\u2019equilibrio cutaneo.<br \/>\nConsigliato per tutti i tipi di pelle, anche le pi\u00f9 delicate. \u00c8 ottimo associato ai trattamenti antiet\u00e0 della stessa linea.<\/p>\n<p><strong>RISULTATO:<\/strong><\/p>\n<p>Pelle pulita, elastica, vellutata e ben idratata. Il viso appare luminoso e compatto.<\/p>\n<p><strong>ATTIVI NATURALI:<br \/>\n<\/strong><\/p>\n<p>&nbsp;<\/p>\n<ul class=\"fusion-checklist fusion-checklist-32 fusion-checklist-default type-icons\">\n<li class=\"fusion-li-item\"><i class=\"fusion-li-icon fa fa-leaf\" aria-hidden=\"true\"><\/i>\n<div class=\"fusion-li-item-content\">Acido Ialuronico a basso peso molecolare<\/div>\n<\/li>\n<li class=\"fusion-li-item\"><i class=\"fusion-li-icon fa fa-leaf\" aria-hidden=\"true\"><\/i>\n<div class=\"fusion-li-item-content\">Acido Ialuronico ad alto peso molecolare<\/div>\n<\/li>\n<li class=\"fusion-li-item\"><i class=\"fusion-li-icon fa fa-leaf\" aria-hidden=\"true\"><\/i>\n<div class=\"fusion-li-item-content\">Olio di Mandorla<\/div>\n<\/li>\n<li class=\"fusion-li-item\"><i class=\"fusion-li-icon fa fa-leaf\" aria-hidden=\"true\"><\/i>\n<div class=\"fusion-li-item-content\">Olio di Jojoba<\/div>\n<\/li>\n<li class=\"fusion-li-item\"><i class=\"fusion-li-icon fa fa-leaf\" aria-hidden=\"true\"><\/i>\n<div class=\"fusion-li-item-content\">Aloe Vera gel BIO<\/div>\n<\/li>\n<\/ul>","protected":false},"excerpt":{"rendered":"<p>Prezioso alleato ad\u00a0azione anti-age\u00a0formulato per detergere e rimuovere il trucco da viso e occhi. Oltre ad Oli vegetali nutrienti di Mandorla e Jojoba, contiene acido jaluronico presente in due pesi molecolari per aiutare a distendere le piccole rughe e al tempo stesso a idratare intensamente la pelle. Dalla texture leggera e gradevole, \u00e8 ideale per [&hellip;]<\/p>\n","protected":false},"featured_media":203,"comment_status":"open","ping_status":"closed","template":"","meta":{"_acf_changed":false},"product_brand":[],"product_cat":[100,72,73,99,75,74],"product_tag":[],"class_list":{"0":"post-202","1":"product","2":"type-product","3":"status-publish","4":"has-post-thumbnail","6":"product_cat-amerigo","7":"product_cat-cosmetici","8":"product_cat-donna-cosmetici","9":"product_cat-marca","10":"product_cat-struccanti-detergenti-e-tonici","11":"product_cat-viso-donna-cosmetici","12":"product_shipping_class-spedizione-a-tariffa-unica","14":"first","15":"instock","16":"shipping-taxable","17":"purchasable","18":"product-type-simple"},"acf":[],"jetpack_sharing_enabled":true,"_links":{"self":[{"href":"https:\/\/lagardeniablu.it\/en\/wp-json\/wp\/v2\/product\/202","targetHints":{"allow":["GET"]}}],"collection":[{"href":"https:\/\/lagardeniablu.it\/en\/wp-json\/wp\/v2\/product"}],"about":[{"href":"https:\/\/lagardeniablu.it\/en\/wp-json\/wp\/v2\/types\/product"}],"replies":[{"embeddable":true,"href":"https:\/\/lagardeniablu.it\/en\/wp-json\/wp\/v2\/comments?post=202"}],"wp:featuredmedia":[{"embeddable":true,"href":"https:\/\/lagardeniablu.it\/en\/wp-json\/wp\/v2\/media\/203"}],"wp:attachment":[{"href":"https:\/\/lagardeniablu.it\/en\/wp-json\/wp\/v2\/media?parent=202"}],"wp:term":[{"taxonomy":"product_brand","embeddable":true,"href":"https:\/\/lagardeniablu.it\/en\/wp-json\/wp\/v2\/product_brand?post=202"},{"taxonomy":"product_cat","embeddable":true,"href":"https:\/\/lagardeniablu.it\/en\/wp-json\/wp\/v2\/product_cat?post=202"},{"taxonomy":"product_tag","embeddable":true,"href":"https:\/\/lagardeniablu.it\/en\/wp-json\/wp\/v2\/product_tag?post=202"}],"curies":[{"name":"wp","href":"https:\/\/api.w.org\/{rel}","templated":true}]}}