{"id":2375,"date":"2023-12-02T10:40:52","date_gmt":"2023-12-02T09:40:52","guid":{"rendered":"https:\/\/lagardeniablu.it\/?post_type=product&#038;p=2375"},"modified":"2025-03-21T18:51:46","modified_gmt":"2025-03-21T17:51:46","slug":"cofanetto-regalo-natale-daurora-bagnodoccia-300-ml-e-latte-corpo-200ml-amerigo","status":"publish","type":"product","link":"https:\/\/lagardeniablu.it\/en\/product\/cofanetto-regalo-natale-daurora-bagnodoccia-300-ml-e-latte-corpo-200ml-amerigo\/","title":{"rendered":"Cofanetto regalo D&#8217;Aurora Bagnodoccia 300 ml e latte corpo 200ml Amerigo"},"content":{"rendered":"<p>Bagnodoccia ultradelicato indicato anche per le pelli pi\u00f9 sensibili. Ideale come rituale quotidiano per regalarsi una sensazione di energia e vitalit\u00e0, \u00e8 arricchito con attivi naturali rigeneranti, dalle propriet\u00e0 emollienti e protettive.<br \/>\nFormulato con tensioattivo vegetale da Oliva, deterge dolcemente idratando la pelle e rispettandone il naturale equilibrio.<br \/>\nL\u2019eventuale leggera variazione di colore \u00e8 indice della naturalit\u00e0 dei componenti e non altera la qualit\u00e0 del prodotto.<\/p>\n<p>Raffinato latte corpo dall\u2019inconfondibile texture che avvolge e idrata intensamente la pelle.<br \/>\nLa sua formulazione a rapido assorbimento \u00e8 arricchita di Olio di Oliva BIO e attivi rigeneranti per rendere la pelle morbida e rivitalizzata giorno dopo giorno.<br \/>\nIdeale dopo il bagno o la doccia, con la sua profumazione avvolgente, dona una sensazione di benessere a tutto il corpo.<br \/>\nL\u2019eventuale leggera variazione di colore \u00e8 indice della naturalit\u00e0 dei componenti e non altera la qualit\u00e0 del prodotto.<\/p>","protected":false},"excerpt":{"rendered":"<p>Bagnodoccia ultradelicato indicato anche per le pelli pi\u00f9 sensibili. Ideale come rituale quotidiano per regalarsi una sensazione di energia e vitalit\u00e0, \u00e8 arricchito con attivi naturali rigeneranti, dalle propriet\u00e0 emollienti e protettive. Formulato con tensioattivo vegetale da Oliva, deterge dolcemente idratando la pelle e rispettandone il naturale equilibrio. L\u2019eventuale leggera variazione di colore \u00e8 indice [&hellip;]<\/p>\n","protected":false},"featured_media":2376,"comment_status":"open","ping_status":"closed","template":"","meta":{"_acf_changed":false},"product_brand":[],"product_cat":[100,26,121,99],"product_tag":[],"class_list":{"0":"post-2375","1":"product","2":"type-product","3":"status-publish","4":"has-post-thumbnail","6":"product_cat-amerigo","7":"product_cat-cofanetti","8":"product_cat-idee-regalo-natale","9":"product_cat-marca","10":"product_shipping_class-spedizione-a-tariffa-unica","12":"first","13":"instock","14":"shipping-taxable","15":"purchasable","16":"product-type-simple"},"acf":[],"jetpack_sharing_enabled":true,"_links":{"self":[{"href":"https:\/\/lagardeniablu.it\/en\/wp-json\/wp\/v2\/product\/2375","targetHints":{"allow":["GET"]}}],"collection":[{"href":"https:\/\/lagardeniablu.it\/en\/wp-json\/wp\/v2\/product"}],"about":[{"href":"https:\/\/lagardeniablu.it\/en\/wp-json\/wp\/v2\/types\/product"}],"replies":[{"embeddable":true,"href":"https:\/\/lagardeniablu.it\/en\/wp-json\/wp\/v2\/comments?post=2375"}],"wp:featuredmedia":[{"embeddable":true,"href":"https:\/\/lagardeniablu.it\/en\/wp-json\/wp\/v2\/media\/2376"}],"wp:attachment":[{"href":"https:\/\/lagardeniablu.it\/en\/wp-json\/wp\/v2\/media?parent=2375"}],"wp:term":[{"taxonomy":"product_brand","embeddable":true,"href":"https:\/\/lagardeniablu.it\/en\/wp-json\/wp\/v2\/product_brand?post=2375"},{"taxonomy":"product_cat","embeddable":true,"href":"https:\/\/lagardeniablu.it\/en\/wp-json\/wp\/v2\/product_cat?post=2375"},{"taxonomy":"product_tag","embeddable":true,"href":"https:\/\/lagardeniablu.it\/en\/wp-json\/wp\/v2\/product_tag?post=2375"}],"curies":[{"name":"wp","href":"https:\/\/api.w.org\/{rel}","templated":true}]}}