{"id":2389,"date":"2023-12-02T16:29:46","date_gmt":"2023-12-02T15:29:46","guid":{"rendered":"https:\/\/lagardeniablu.it\/?post_type=product&#038;p=2389"},"modified":"2025-03-21T18:50:57","modified_gmt":"2025-03-21T17:50:57","slug":"cofanetto-natale-note-dambra-amerigo-crema-corpo-200ml-e-bagnodoccia-250ml","status":"publish","type":"product","link":"https:\/\/lagardeniablu.it\/en\/product\/cofanetto-natale-note-dambra-amerigo-crema-corpo-200ml-e-bagnodoccia-250ml\/","title":{"rendered":"Cofanetto  Note d&#8217;Ambra Amerigo Crema corpo 200ml e bagnodoccia 250ml"},"content":{"rendered":"<p>Bagnodoccia ultradelicato che sublima i sensi.<br \/>\nLa sua schiuma soffice deterge delicatamente e idrata la pelle rispettandone il naturale equilibrio.<br \/>\nIl mix di tensioattivi di origine vegetale \u00e8 facilmente biodegradabile ed \u00e8 arricchito di estratti naturali e biologici dalle propriet\u00e0 tonificanti per una pelle sempre morbida e piacevolmente profumata.<\/p>\n<p>Crema corpo dalla texture soffice e fondente e dal profumo sublime che in un unico gesto regala alla pelle nutrimento e morbidezza.<br \/>\nLa formula \u00e8 impreziosita con Estratto di Ambra ad azione antiossidante che lavora in sinergia con Estratto di Vaniglia Bio e Acqua di Zenzero Bio per apportare alla pelle vitalit\u00e0 e tonicit\u00e0.<br \/>\nPerfetta dopo il bagno o la doccia, profuma intensamente la pelle lasciandola straordinariamente setosa.<\/p>","protected":false},"excerpt":{"rendered":"<p>Bagnodoccia ultradelicato che sublima i sensi. La sua schiuma soffice deterge delicatamente e idrata la pelle rispettandone il naturale equilibrio. Il mix di tensioattivi di origine vegetale \u00e8 facilmente biodegradabile ed \u00e8 arricchito di estratti naturali e biologici dalle propriet\u00e0 tonificanti per una pelle sempre morbida e piacevolmente profumata. Crema corpo dalla texture soffice e [&hellip;]<\/p>\n","protected":false},"featured_media":2390,"comment_status":"open","ping_status":"closed","template":"","meta":{"_acf_changed":false},"product_brand":[],"product_cat":[100,89,26,72,73,121,86],"product_tag":[],"class_list":{"0":"post-2389","1":"product","2":"type-product","3":"status-publish","4":"has-post-thumbnail","6":"product_cat-amerigo","7":"product_cat-bagnodoccia-ed-esfolianti","8":"product_cat-cofanetti","9":"product_cat-cosmetici","10":"product_cat-donna-cosmetici","11":"product_cat-idee-regalo-natale","12":"product_cat-idratanti-e-lozioni","13":"product_shipping_class-spedizione-a-tariffa-unica","15":"first","16":"instock","17":"shipping-taxable","18":"purchasable","19":"product-type-simple"},"acf":[],"jetpack_sharing_enabled":true,"_links":{"self":[{"href":"https:\/\/lagardeniablu.it\/en\/wp-json\/wp\/v2\/product\/2389","targetHints":{"allow":["GET"]}}],"collection":[{"href":"https:\/\/lagardeniablu.it\/en\/wp-json\/wp\/v2\/product"}],"about":[{"href":"https:\/\/lagardeniablu.it\/en\/wp-json\/wp\/v2\/types\/product"}],"replies":[{"embeddable":true,"href":"https:\/\/lagardeniablu.it\/en\/wp-json\/wp\/v2\/comments?post=2389"}],"wp:featuredmedia":[{"embeddable":true,"href":"https:\/\/lagardeniablu.it\/en\/wp-json\/wp\/v2\/media\/2390"}],"wp:attachment":[{"href":"https:\/\/lagardeniablu.it\/en\/wp-json\/wp\/v2\/media?parent=2389"}],"wp:term":[{"taxonomy":"product_brand","embeddable":true,"href":"https:\/\/lagardeniablu.it\/en\/wp-json\/wp\/v2\/product_brand?post=2389"},{"taxonomy":"product_cat","embeddable":true,"href":"https:\/\/lagardeniablu.it\/en\/wp-json\/wp\/v2\/product_cat?post=2389"},{"taxonomy":"product_tag","embeddable":true,"href":"https:\/\/lagardeniablu.it\/en\/wp-json\/wp\/v2\/product_tag?post=2389"}],"curies":[{"name":"wp","href":"https:\/\/api.w.org\/{rel}","templated":true}]}}