{"id":2498,"date":"2023-12-08T10:37:46","date_gmt":"2023-12-08T09:37:46","guid":{"rendered":"https:\/\/lagardeniablu.it\/?post_type=product&#038;p=2498"},"modified":"2024-12-08T10:44:56","modified_gmt":"2024-12-08T09:44:56","slug":"cofanetto-roccobarocco-tre-eau-de-parfum-100ml-body-lotion-200ml","status":"publish","type":"product","link":"https:\/\/lagardeniablu.it\/en\/product\/cofanetto-roccobarocco-tre-eau-de-parfum-100ml-body-lotion-200ml\/","title":{"rendered":"Cofanetto Roccobarocco Tre Eau de Parfum 100ml Body Lotion 200ml"},"content":{"rendered":"<p>Tre di Roccobarocco \u00e8 una fragranza del gruppo Floreale Fruttato da donna. Tre \u00e8 stato lanciato sul mercato nel 1991. Il Naso di questa fragranza \u00e8 Maurizio Cerizza. Le note di testa sono Frutto della Passione, Pesca, Ribes Nero e Violetta; le note di cuore sono Ciclamino, Magnolia, Mughetto e Gelsomino; le note di base sono Muschio, Sandalo e Ambra.<\/p>","protected":false},"excerpt":{"rendered":"<p>Tre di Roccobarocco \u00e8 una fragranza del gruppo Floreale Fruttato da donna. Tre \u00e8 stato lanciato sul mercato nel 1991. Il Naso di questa fragranza \u00e8 Maurizio Cerizza. Le note di testa sono Frutto della Passione, Pesca, Ribes Nero e Violetta; le note di cuore sono Ciclamino, Magnolia, Mughetto e Gelsomino; le note di base [&hellip;]<\/p>\n","protected":false},"featured_media":2499,"comment_status":"open","ping_status":"closed","template":"","meta":{"_acf_changed":false},"product_brand":[],"product_cat":[26,121,21],"product_tag":[],"class_list":{"0":"post-2498","1":"product","2":"type-product","3":"status-publish","4":"has-post-thumbnail","6":"product_cat-cofanetti","7":"product_cat-idee-regalo-natale","8":"product_cat-profumi-donna","9":"product_shipping_class-spedizione-a-tariffa-unica","11":"first","12":"instock","13":"sale","14":"shipping-taxable","15":"purchasable","16":"product-type-simple"},"acf":[],"jetpack_sharing_enabled":true,"_links":{"self":[{"href":"https:\/\/lagardeniablu.it\/en\/wp-json\/wp\/v2\/product\/2498","targetHints":{"allow":["GET"]}}],"collection":[{"href":"https:\/\/lagardeniablu.it\/en\/wp-json\/wp\/v2\/product"}],"about":[{"href":"https:\/\/lagardeniablu.it\/en\/wp-json\/wp\/v2\/types\/product"}],"replies":[{"embeddable":true,"href":"https:\/\/lagardeniablu.it\/en\/wp-json\/wp\/v2\/comments?post=2498"}],"wp:featuredmedia":[{"embeddable":true,"href":"https:\/\/lagardeniablu.it\/en\/wp-json\/wp\/v2\/media\/2499"}],"wp:attachment":[{"href":"https:\/\/lagardeniablu.it\/en\/wp-json\/wp\/v2\/media?parent=2498"}],"wp:term":[{"taxonomy":"product_brand","embeddable":true,"href":"https:\/\/lagardeniablu.it\/en\/wp-json\/wp\/v2\/product_brand?post=2498"},{"taxonomy":"product_cat","embeddable":true,"href":"https:\/\/lagardeniablu.it\/en\/wp-json\/wp\/v2\/product_cat?post=2498"},{"taxonomy":"product_tag","embeddable":true,"href":"https:\/\/lagardeniablu.it\/en\/wp-json\/wp\/v2\/product_tag?post=2498"}],"curies":[{"name":"wp","href":"https:\/\/api.w.org\/{rel}","templated":true}]}}