{"id":2746,"date":"2024-01-23T11:30:03","date_gmt":"2024-01-23T10:30:03","guid":{"rendered":"https:\/\/lagardeniablu.it\/?post_type=product&#038;p=2746"},"modified":"2024-01-23T11:30:03","modified_gmt":"2024-01-23T10:30:03","slug":"lisap-mousse-brushing-modellante-capelli-high-tech-300ml","status":"publish","type":"product","link":"https:\/\/lagardeniablu.it\/en\/product\/lisap-mousse-brushing-modellante-capelli-high-tech-300ml\/","title":{"rendered":"Lisap Mousse Brushing Modellante Capelli High Tech 300ml"},"content":{"rendered":"<p style=\"font-weight: 400;\">Modo d&#8217;uso: Applicare sui capelli umidi e massaggiare, quindi pettinare e modellare con un asciugacapelli.<\/p>\n<p style=\"font-weight: 400;\">Risultato: Capelli pieni di elasticit\u00e0 e vitalit\u00e0 e una pettinatura disciplinata, senza tendenza al crespo. Districare non \u00e8 mai stato cos\u00ec facile!<\/p>\n<p style=\"font-weight: 400;\">Scopri l&#8217;intera gamma di cosmetici LISAP per dare ai tuoi capelli un aspetto bello e sano, utilizzando il massimo livello di cura dell&#8217;acconciatura.<\/p>\n<p style=\"font-weight: 400;\">Lisap \u00e8 un marchio professionale che offre cosmetici per parrucchieri necessari per l&#8217;uso in ogni salone di parrucchiere. Un&#8217;ampia gamma di prodotti consente una cura e una protezione completa dei capelli. Lisap Ultimate \u00e8 un prodotto per lo styling dei capelli che ti consente di lisciare e lisciare efficacemente i capelli.<\/p>","protected":false},"excerpt":{"rendered":"<p>Modo d&#8217;uso: Applicare sui capelli umidi e massaggiare, quindi pettinare e modellare con un asciugacapelli. Risultato: Capelli pieni di elasticit\u00e0 e vitalit\u00e0 e una pettinatura disciplinata, senza tendenza al crespo. Districare non \u00e8 mai stato cos\u00ec facile! Scopri l&#8217;intera gamma di cosmetici LISAP per dare ai tuoi capelli un aspetto bello e sano, utilizzando il [&hellip;]<\/p>\n","protected":false},"featured_media":2747,"comment_status":"open","ping_status":"closed","template":"","meta":{"_acf_changed":false},"product_brand":[],"product_cat":[53,54,60,65,63],"product_tag":[],"class_list":{"0":"post-2746","1":"product","2":"type-product","3":"status-publish","4":"has-post-thumbnail","6":"product_cat-capelli","7":"product_cat-donna","8":"product_cat-styling","9":"product_cat-styling-uomo","10":"product_cat-uomo","11":"product_shipping_class-spedizione-a-tariffa-unica","13":"first","14":"instock","15":"shipping-taxable","16":"purchasable","17":"product-type-simple"},"acf":[],"jetpack_sharing_enabled":true,"_links":{"self":[{"href":"https:\/\/lagardeniablu.it\/en\/wp-json\/wp\/v2\/product\/2746","targetHints":{"allow":["GET"]}}],"collection":[{"href":"https:\/\/lagardeniablu.it\/en\/wp-json\/wp\/v2\/product"}],"about":[{"href":"https:\/\/lagardeniablu.it\/en\/wp-json\/wp\/v2\/types\/product"}],"replies":[{"embeddable":true,"href":"https:\/\/lagardeniablu.it\/en\/wp-json\/wp\/v2\/comments?post=2746"}],"wp:featuredmedia":[{"embeddable":true,"href":"https:\/\/lagardeniablu.it\/en\/wp-json\/wp\/v2\/media\/2747"}],"wp:attachment":[{"href":"https:\/\/lagardeniablu.it\/en\/wp-json\/wp\/v2\/media?parent=2746"}],"wp:term":[{"taxonomy":"product_brand","embeddable":true,"href":"https:\/\/lagardeniablu.it\/en\/wp-json\/wp\/v2\/product_brand?post=2746"},{"taxonomy":"product_cat","embeddable":true,"href":"https:\/\/lagardeniablu.it\/en\/wp-json\/wp\/v2\/product_cat?post=2746"},{"taxonomy":"product_tag","embeddable":true,"href":"https:\/\/lagardeniablu.it\/en\/wp-json\/wp\/v2\/product_tag?post=2746"}],"curies":[{"name":"wp","href":"https:\/\/api.w.org\/{rel}","templated":true}]}}