{"id":2851,"date":"2024-01-31T10:11:01","date_gmt":"2024-01-31T09:11:01","guid":{"rendered":"https:\/\/lagardeniablu.it\/?post_type=product&#038;p=2851"},"modified":"2026-02-05T12:12:04","modified_gmt":"2026-02-05T11:12:04","slug":"matita-occhi-professionale-lunga-durata-waterproof-sfumabile-con-applicatore-collistar","status":"publish","type":"product","link":"https:\/\/lagardeniablu.it\/en\/product\/matita-occhi-professionale-lunga-durata-waterproof-sfumabile-con-applicatore-collistar\/","title":{"rendered":"Matita Occhi Professionale Lunga Durata Waterproof Sfumabile Con Applicatore Collistar"},"content":{"rendered":"<div id=\"ds_div\">\n<div><b><span style=\"color: #0039f3\">\u00a0 \u00a0\u00a0<\/span><\/b><\/div>\n<div>\u2022 Morbida<br \/>\n\u2022 Sfumabile<br \/>\n\u2022 Alta precisione<br \/>\n\u2022 Colore intenso<br \/>\n\u2022 Waterproof &#8211; 24H<br \/>\n\u2022 Con applicatore<br \/>\n\u2022 Uso interno\/esterno dell&#8217;occhio<\/div>\n<div><\/div>\n<div>Una matita morbida e sfumabile che, grazie alla sua straordinaria versatilit\u00e0 di utilizzo, consente una triplice modalit\u00e0 di applicazione: pu\u00f2 essere usata come come un ombretto da stendere e sfumare, grazie all\u2019apposito applicatore, oppure utilizzata per disegnare il contorno occhi, grazie al tratto ad alta precisione o, infine, per definire l\u2019interno dell\u2019occhio, per un effetto kajal.<\/div>\n<\/div>","protected":false},"excerpt":{"rendered":"<p>\u00a0 \u00a0\u00a0 \u2022 Morbida \u2022 Sfumabile \u2022 Alta precisione \u2022 Colore intenso \u2022 Waterproof &#8211; 24H \u2022 Con applicatore \u2022 Uso interno\/esterno dell&#8217;occhio Una matita morbida e sfumabile che, grazie alla sua straordinaria versatilit\u00e0 di utilizzo, consente una triplice modalit\u00e0 di applicazione: pu\u00f2 essere usata come come un ombretto da stendere e sfumare, grazie all\u2019apposito [&hellip;]<\/p>\n","protected":false},"featured_media":2870,"comment_status":"open","ping_status":"closed","template":"","meta":{"_acf_changed":false},"product_brand":[],"product_cat":[109,23,99,37,35],"product_tag":[],"class_list":{"0":"post-2851","1":"product","2":"type-product","3":"status-publish","4":"has-post-thumbnail","6":"product_cat-collistar","7":"product_cat-make-up","8":"product_cat-marca","9":"product_cat-matita-occhi","10":"product_cat-occhi","11":"product_shipping_class-spedizione-a-tariffa-unica","13":"first","14":"instock","15":"sale","16":"shipping-taxable","17":"purchasable","18":"product-type-variable"},"acf":[],"jetpack_sharing_enabled":true,"_links":{"self":[{"href":"https:\/\/lagardeniablu.it\/en\/wp-json\/wp\/v2\/product\/2851","targetHints":{"allow":["GET"]}}],"collection":[{"href":"https:\/\/lagardeniablu.it\/en\/wp-json\/wp\/v2\/product"}],"about":[{"href":"https:\/\/lagardeniablu.it\/en\/wp-json\/wp\/v2\/types\/product"}],"replies":[{"embeddable":true,"href":"https:\/\/lagardeniablu.it\/en\/wp-json\/wp\/v2\/comments?post=2851"}],"wp:featuredmedia":[{"embeddable":true,"href":"https:\/\/lagardeniablu.it\/en\/wp-json\/wp\/v2\/media\/2870"}],"wp:attachment":[{"href":"https:\/\/lagardeniablu.it\/en\/wp-json\/wp\/v2\/media?parent=2851"}],"wp:term":[{"taxonomy":"product_brand","embeddable":true,"href":"https:\/\/lagardeniablu.it\/en\/wp-json\/wp\/v2\/product_brand?post=2851"},{"taxonomy":"product_cat","embeddable":true,"href":"https:\/\/lagardeniablu.it\/en\/wp-json\/wp\/v2\/product_cat?post=2851"},{"taxonomy":"product_tag","embeddable":true,"href":"https:\/\/lagardeniablu.it\/en\/wp-json\/wp\/v2\/product_tag?post=2851"}],"curies":[{"name":"wp","href":"https:\/\/api.w.org\/{rel}","templated":true}]}}