{"id":291,"date":"2023-09-08T20:53:30","date_gmt":"2023-09-08T18:53:30","guid":{"rendered":"http:\/\/lagardeniablu.it\/?post_type=product&#038;p=291"},"modified":"2025-05-30T15:50:03","modified_gmt":"2025-05-30T13:50:03","slug":"detergente-viso-mani-daurora-250ml-amerigo","status":"publish","type":"product","link":"https:\/\/lagardeniablu.it\/en\/product\/detergente-viso-mani-daurora-250ml-amerigo\/","title":{"rendered":"Detergente viso mani D&#8217;Aurora 250ml Amerigo"},"content":{"rendered":"<p>Detergente delicato dalla soffice schiuma, ideale per detergere dolcemente la pelle di viso e mani.<br \/>\nArricchito con attivi naturali rigeneranti e\u00a0<strong>Proteine del Riso<\/strong>\u00a0dalle virt\u00f9 idratanti ed emollienti, \u00e8 ideale per l\u2019uso quotidiano. Idrata la pelle lasciandola protetta, vellutata e soavemente profumata.<br \/>\n<em>L\u2019eventuale leggera variazione di colore \u00e8 indice della naturalit\u00e0 dei componenti e non altera la qualit\u00e0 del prodotto.<\/em><\/p>\n<p><strong>ATTIVI NATURALI:<\/strong><\/p>\n<ul class=\"fusion-checklist fusion-checklist-32 fusion-checklist-default type-icons\">\n<li class=\"fusion-li-item\"><i class=\"fusion-li-icon fa fa-leaf\" aria-hidden=\"true\"><\/i>\n<div class=\"fusion-li-item-content\">Acqua di fiori d\u2019Arancio<\/div>\n<\/li>\n<li class=\"fusion-li-item\"><i class=\"fusion-li-icon fa fa-leaf\" aria-hidden=\"true\"><\/i>\n<div class=\"fusion-li-item-content\">Acqua di petali di Rosa<\/div>\n<\/li>\n<li class=\"fusion-li-item\"><i class=\"fusion-li-icon fa fa-leaf\" aria-hidden=\"true\"><\/i>\n<div class=\"fusion-li-item-content\">Estratto di foglie d\u2019Edera<\/div>\n<\/li>\n<li class=\"fusion-li-item\"><i class=\"fusion-li-icon fa fa-leaf\" aria-hidden=\"true\"><\/i>\n<div class=\"fusion-li-item-content\">Proteine del Riso<\/div>\n<\/li>\n<\/ul>","protected":false},"excerpt":{"rendered":"<p>Detergente delicato dalla soffice schiuma, ideale per detergere dolcemente la pelle di viso e mani. Arricchito con attivi naturali rigeneranti e\u00a0Proteine del Riso\u00a0dalle virt\u00f9 idratanti ed emollienti, \u00e8 ideale per l\u2019uso quotidiano. Idrata la pelle lasciandola protetta, vellutata e soavemente profumata. L\u2019eventuale leggera variazione di colore \u00e8 indice della naturalit\u00e0 dei componenti e non altera [&hellip;]<\/p>\n","protected":false},"featured_media":292,"comment_status":"open","ping_status":"closed","template":"","meta":{"_acf_changed":false},"product_brand":[],"product_cat":[100,72,73,99,75,74],"product_tag":[],"class_list":{"0":"post-291","1":"product","2":"type-product","3":"status-publish","4":"has-post-thumbnail","6":"product_cat-amerigo","7":"product_cat-cosmetici","8":"product_cat-donna-cosmetici","9":"product_cat-marca","10":"product_cat-struccanti-detergenti-e-tonici","11":"product_cat-viso-donna-cosmetici","12":"product_shipping_class-spedizione-a-tariffa-unica","14":"first","15":"instock","16":"shipping-taxable","17":"purchasable","18":"product-type-simple"},"acf":[],"jetpack_sharing_enabled":true,"_links":{"self":[{"href":"https:\/\/lagardeniablu.it\/en\/wp-json\/wp\/v2\/product\/291","targetHints":{"allow":["GET"]}}],"collection":[{"href":"https:\/\/lagardeniablu.it\/en\/wp-json\/wp\/v2\/product"}],"about":[{"href":"https:\/\/lagardeniablu.it\/en\/wp-json\/wp\/v2\/types\/product"}],"replies":[{"embeddable":true,"href":"https:\/\/lagardeniablu.it\/en\/wp-json\/wp\/v2\/comments?post=291"}],"wp:featuredmedia":[{"embeddable":true,"href":"https:\/\/lagardeniablu.it\/en\/wp-json\/wp\/v2\/media\/292"}],"wp:attachment":[{"href":"https:\/\/lagardeniablu.it\/en\/wp-json\/wp\/v2\/media?parent=291"}],"wp:term":[{"taxonomy":"product_brand","embeddable":true,"href":"https:\/\/lagardeniablu.it\/en\/wp-json\/wp\/v2\/product_brand?post=291"},{"taxonomy":"product_cat","embeddable":true,"href":"https:\/\/lagardeniablu.it\/en\/wp-json\/wp\/v2\/product_cat?post=291"},{"taxonomy":"product_tag","embeddable":true,"href":"https:\/\/lagardeniablu.it\/en\/wp-json\/wp\/v2\/product_tag?post=291"}],"curies":[{"name":"wp","href":"https:\/\/api.w.org\/{rel}","templated":true}]}}