{"id":3490,"date":"2024-02-22T16:59:43","date_gmt":"2024-02-22T15:59:43","guid":{"rendered":"https:\/\/lagardeniablu.it\/?post_type=product&#038;p=3490"},"modified":"2026-02-27T16:56:06","modified_gmt":"2026-02-27T15:56:06","slug":"impeccabile-palette-occhi-01-milano-vibes-collistar-4-finish-diversi-lunga-durata","status":"publish","type":"product","link":"https:\/\/lagardeniablu.it\/en\/product\/impeccabile-palette-occhi-01-milano-vibes-collistar-4-finish-diversi-lunga-durata\/","title":{"rendered":"Impeccabile Palette occhi 01 Milano Vibes Collistar 4 Finish Diversi Lunga Durata"},"content":{"rendered":"<p>\u2022 Rilascio colore immediato<br \/>\n\u2022 Texture sensoriali e impalpabili<br \/>\n\u2022 Tre ombretti dal finish metallizzato eunombrettobiancoentra-perlato<br \/>\n\u2022 Utilizzo anche wet<br \/>\n\u2022 Lunga durata<\/p>\n<p>Da\u00a0<strong>Collistar Clean Research<\/strong>,\u00a0<strong>IMPECCABILE Palette 4 Ombretti &#8211; 01 Milano Vibes,\u00a0<\/strong>la nuova palette di ombretti dai\u00a0<strong>colori intensi e pigmentati<\/strong>, ideale per riaccendere lo sguardo! Ispirata alla vibrante e moderna citt\u00e0 di Milano, dai giochi di colore dei make-up look audaci e accattivanti che animano gli eventi e le serate pi\u00f9 glamour, la novit\u00e0<strong>\u00a0Impeccabile Palette 4 Ombretti 01 Milano Vibes<\/strong>\u00a0contiene 3 tonalit\u00e0 di ombretti dal colore intenso ed extra-pigmentato, per un finish metallico e luminoso, e 1 tonalit\u00e0 pi\u00f9 neutra, anch\u2019essa dal finish metallizzato, da utilizzare come base per realizzare make-up look moderni ed eleganti.<br \/>\n\u2022 I tre ombretti metallizzati \u2013 nei colori Lilla, Blu e Verde Salvia \u2013 confortevoli e setosi, presentano una texture in gel cremosa e sensoriale che aderisce perfettamente alla palpebra.<br \/>\n\u2022 L\u2019ombretto metallizzato Bianco presenta una texture soffice e leggera, per una stesura uniforme.<br \/>\nIdeale per creare make-up look distintivi e contemporanei, per esprimere al massimo l&#8217;essenza della personalit\u00e0 in ogni momento della frenetica e rumorosa vita.<\/p>","protected":false},"excerpt":{"rendered":"<p>\u2022 Rilascio colore immediato \u2022 Texture sensoriali e impalpabili \u2022 Tre ombretti dal finish metallizzato eunombrettobiancoentra-perlato \u2022 Utilizzo anche wet \u2022 Lunga durata Da\u00a0Collistar Clean Research,\u00a0IMPECCABILE Palette 4 Ombretti &#8211; 01 Milano Vibes,\u00a0la nuova palette di ombretti dai\u00a0colori intensi e pigmentati, ideale per riaccendere lo sguardo! Ispirata alla vibrante e moderna citt\u00e0 di Milano, dai [&hellip;]<\/p>\n","protected":false},"featured_media":3493,"comment_status":"open","ping_status":"closed","template":"","meta":{"_acf_changed":false},"product_brand":[],"product_cat":[109,35,39],"product_tag":[],"class_list":{"0":"post-3490","1":"product","2":"type-product","3":"status-publish","4":"has-post-thumbnail","6":"product_cat-collistar","7":"product_cat-occhi","8":"product_cat-ombretto","9":"product_shipping_class-spedizione-a-tariffa-unica","11":"first","12":"outofstock","13":"sale","14":"shipping-taxable","15":"purchasable","16":"product-type-simple"},"acf":[],"jetpack_sharing_enabled":true,"_links":{"self":[{"href":"https:\/\/lagardeniablu.it\/en\/wp-json\/wp\/v2\/product\/3490","targetHints":{"allow":["GET"]}}],"collection":[{"href":"https:\/\/lagardeniablu.it\/en\/wp-json\/wp\/v2\/product"}],"about":[{"href":"https:\/\/lagardeniablu.it\/en\/wp-json\/wp\/v2\/types\/product"}],"replies":[{"embeddable":true,"href":"https:\/\/lagardeniablu.it\/en\/wp-json\/wp\/v2\/comments?post=3490"}],"wp:featuredmedia":[{"embeddable":true,"href":"https:\/\/lagardeniablu.it\/en\/wp-json\/wp\/v2\/media\/3493"}],"wp:attachment":[{"href":"https:\/\/lagardeniablu.it\/en\/wp-json\/wp\/v2\/media?parent=3490"}],"wp:term":[{"taxonomy":"product_brand","embeddable":true,"href":"https:\/\/lagardeniablu.it\/en\/wp-json\/wp\/v2\/product_brand?post=3490"},{"taxonomy":"product_cat","embeddable":true,"href":"https:\/\/lagardeniablu.it\/en\/wp-json\/wp\/v2\/product_cat?post=3490"},{"taxonomy":"product_tag","embeddable":true,"href":"https:\/\/lagardeniablu.it\/en\/wp-json\/wp\/v2\/product_tag?post=3490"}],"curies":[{"name":"wp","href":"https:\/\/api.w.org\/{rel}","templated":true}]}}