{"id":3494,"date":"2024-02-22T17:06:04","date_gmt":"2024-02-22T16:06:04","guid":{"rendered":"https:\/\/lagardeniablu.it\/?post_type=product&#038;p=3494"},"modified":"2026-03-02T15:49:01","modified_gmt":"2026-03-02T14:49:01","slug":"impeccabile-palette-occhi-02-milano-with-love-collistar-4-finish-diversi","status":"publish","type":"product","link":"https:\/\/lagardeniablu.it\/en\/product\/impeccabile-palette-occhi-02-milano-with-love-collistar-4-finish-diversi\/","title":{"rendered":"Impeccabile Palette Occhi 02 Milano With Love Collistar 4 finish diversi"},"content":{"rendered":"<p style=\"font-weight: 400\">Da Collistar Clean Research\u00ae, IMPECCABILE Palette 4 Ombretti &#8211; 02 Milano, With Love, la nuova palette di ombretti dai colori intensi e pigmentati, ideale per riaccendere lo sguardo! Ispirata all\u2019eleganza di una Milano stilosa e cosmopolita, emblema di un lifestyle mondano e raffinato, la novit\u00e0 Impeccabile Palette 4 Ombretti 02 Milano, with Love contiene 3 tonalit\u00e0 di ombretti dal colore intenso ed extra-pigmentato, per un finish metallizzato e luminoso, e 1 tonalit\u00e0 dal finish opaco da utilizzare per donare profondit\u00e0 e intensit\u00e0 allo sguardo.<\/p>\n<ul>\n<li style=\"font-weight: 400\">I tre ombretti metallizzati \u2013 nei colori Bronzo, Oro e Verde \u2013 confortevoli e setosi, presentano una texture in gel cremosa e sensoriale che aderisce perfettamente alla palpebra.<\/li>\n<li style=\"font-weight: 400\">L\u2019ombretto Marrone, dal finish matte, presenta una texture cremosa e impalpabile che si stende al primo passaggio.<\/li>\n<\/ul>\n<p style=\"font-weight: 400\">Ideale per creare make-up look avvolgenti e sensuali, per essere alla moda in ogni momento della giornata, dai primi appuntamenti della mattina fino alle passeggiate notturne tra le vie di una citt\u00e0 che non dorme mai.<\/p>\n<p style=\"font-weight: 400\">La palette \u00e8 custodita nell&#8217;iconica trousse nude, elegante e moderna, impreziosita dal logo Collistar in rilievo.<\/p>\n<p style=\"font-weight: 400\">\u00b0 in base alla policy di selezione degli ingredienti definita da Collistar<\/p>\n<p style=\"font-weight: 400\">TESTATO OFTALMOLOGICAMENTE<\/p>\n<p style=\"font-weight: 400\">SENZA DERIVATI DI ORIGINE ANIMALE<\/p>\n<p style=\"font-weight: 400\">NICKEL CONTROLLATO*<\/p>\n<p style=\"font-weight: 400\">*NICKEL &lt;0,001%<\/p>","protected":false},"excerpt":{"rendered":"<p>Da Collistar Clean Research\u00ae, IMPECCABILE Palette 4 Ombretti &#8211; 02 Milano, With Love, la nuova palette di ombretti dai colori intensi e pigmentati, ideale per riaccendere lo sguardo! Ispirata all\u2019eleganza di una Milano stilosa e cosmopolita, emblema di un lifestyle mondano e raffinato, la novit\u00e0 Impeccabile Palette 4 Ombretti 02 Milano, with Love contiene 3 [&hellip;]<\/p>\n","protected":false},"featured_media":3497,"comment_status":"open","ping_status":"closed","template":"","meta":{"_acf_changed":false},"product_brand":[],"product_cat":[109,23,99,35,39],"product_tag":[],"class_list":{"0":"post-3494","1":"product","2":"type-product","3":"status-publish","4":"has-post-thumbnail","6":"product_cat-collistar","7":"product_cat-make-up","8":"product_cat-marca","9":"product_cat-occhi","10":"product_cat-ombretto","11":"product_shipping_class-spedizione-a-tariffa-unica","13":"first","14":"instock","15":"sale","16":"shipping-taxable","17":"purchasable","18":"product-type-simple"},"acf":[],"jetpack_sharing_enabled":true,"_links":{"self":[{"href":"https:\/\/lagardeniablu.it\/en\/wp-json\/wp\/v2\/product\/3494","targetHints":{"allow":["GET"]}}],"collection":[{"href":"https:\/\/lagardeniablu.it\/en\/wp-json\/wp\/v2\/product"}],"about":[{"href":"https:\/\/lagardeniablu.it\/en\/wp-json\/wp\/v2\/types\/product"}],"replies":[{"embeddable":true,"href":"https:\/\/lagardeniablu.it\/en\/wp-json\/wp\/v2\/comments?post=3494"}],"wp:featuredmedia":[{"embeddable":true,"href":"https:\/\/lagardeniablu.it\/en\/wp-json\/wp\/v2\/media\/3497"}],"wp:attachment":[{"href":"https:\/\/lagardeniablu.it\/en\/wp-json\/wp\/v2\/media?parent=3494"}],"wp:term":[{"taxonomy":"product_brand","embeddable":true,"href":"https:\/\/lagardeniablu.it\/en\/wp-json\/wp\/v2\/product_brand?post=3494"},{"taxonomy":"product_cat","embeddable":true,"href":"https:\/\/lagardeniablu.it\/en\/wp-json\/wp\/v2\/product_cat?post=3494"},{"taxonomy":"product_tag","embeddable":true,"href":"https:\/\/lagardeniablu.it\/en\/wp-json\/wp\/v2\/product_tag?post=3494"}],"curies":[{"name":"wp","href":"https:\/\/api.w.org\/{rel}","templated":true}]}}