{"id":3993,"date":"2024-03-06T18:50:54","date_gmt":"2024-03-06T17:50:54","guid":{"rendered":"https:\/\/lagardeniablu.it\/?post_type=product&#038;p=3993"},"modified":"2024-09-20T16:31:16","modified_gmt":"2024-09-20T14:31:16","slug":"boraccia-termica-ubran-bottle-500ml-peach-orange-24-bottles","status":"publish","type":"product","link":"https:\/\/lagardeniablu.it\/en\/product\/boraccia-termica-ubran-bottle-500ml-peach-orange-24-bottles\/","title":{"rendered":"Borraccia termica Ubran Bottle 500ml Peach orange 24 Bottles"},"content":{"rendered":"<p style=\"font-weight: 400;\">Urban Bottle \u00e8 la bottiglia in acciaio inossidabile pi\u00f9 leggera sul mercato. Pu\u00f2 seguirti in ufficio, in palestra, nei tuoi movimenti quotidiani, garantendo la tua idratazione.<\/p>\n<p style=\"font-weight: 400;\">Clima Bottle \u00e8 la sintesi definitiva tra design compatto e resistenza termica. Completamente priva di plastica, Clima Bottle \u00e8 una bottiglia in acciaio inossidabile a tenuta stagna. Mantiene le bevande calde per 12 ore e fredde per 24 ore.<\/p>\n<p style=\"font-weight: 400;\">Tutte le nostre bottiglie riutilizzabili si distinguono per il loro originale design italiano e sono a zero emissioni.<\/p>\n<p style=\"font-weight: 400;\">Borraccia 24 Bottles, modello Urban Bottle 050 Peach Orange.<\/p>\n<p style=\"font-weight: 400;\">Urban Bottle \u00e8 la bottiglia riutilizzabile extra leggera in acciaio inossidabile per la tua idratazione quotidiana, comoda e in movimento!<\/p>\n<p style=\"font-weight: 400;\"><strong>Caratteristiche:<\/strong><\/p>\n<p style=\"font-weight: 400;\">&#8211; Finitura Satinata.<\/p>\n<p style=\"font-weight: 400;\">&#8211; Acciaio inossidabile.<\/p>\n<p style=\"font-weight: 400;\">&#8211; 18\/8 per uso alimentare.<\/p>\n<p style=\"font-weight: 400;\">&#8211; 100% senza BPA, senza ftalati, senza tossine.<\/p>\n<p style=\"font-weight: 400;\">&#8211; Non trattiene o impartisce alcun sapore.<\/p>\n<p style=\"font-weight: 400;\">&#8211; Apertura veloce, tappo a tenuta stagna.<\/p>\n<p style=\"font-weight: 400;\">&#8211; Ampia apertura per inserire cubetti di ghiaccio e facile pulizia.<\/p>\n<p style=\"font-weight: 400;\">&#8211; Parete singola.<\/p>\n<p style=\"font-weight: 400;\">&#8211; Ammesso l&#8217;imbarco in aereo.<\/p>\n<p style=\"font-weight: 400;\">&#8211; Si raccomanda il lavaggio a mano.<\/p>\n<p style=\"font-weight: 400;\">\n<p style=\"font-weight: 400;\">Urban Bottle 500 ml: Capacit\u00e0 500 ml &#8211; Base 6.5 cm &#8211; Bocca 3.3 cm &#8211; Altezza 21 cm &#8211; Peso 117 g<\/p>","protected":false},"excerpt":{"rendered":"<p>Urban Bottle \u00e8 la bottiglia in acciaio inossidabile pi\u00f9 leggera sul mercato. Pu\u00f2 seguirti in ufficio, in palestra, nei tuoi movimenti quotidiani, garantendo la tua idratazione. Clima Bottle \u00e8 la sintesi definitiva tra design compatto e resistenza termica. Completamente priva di plastica, Clima Bottle \u00e8 una bottiglia in acciaio inossidabile a tenuta stagna. Mantiene le [&hellip;]<\/p>\n","protected":false},"featured_media":3994,"comment_status":"open","ping_status":"closed","template":"","meta":{"_acf_changed":false},"product_brand":[],"product_cat":[16],"product_tag":[],"class_list":{"0":"post-3993","1":"product","2":"type-product","3":"status-publish","4":"has-post-thumbnail","6":"product_cat-senza-categoria","7":"product_shipping_class-spedizione-a-tariffa-unica","9":"first","10":"instock","11":"shipping-taxable","12":"purchasable","13":"product-type-simple"},"acf":[],"jetpack_sharing_enabled":true,"_links":{"self":[{"href":"https:\/\/lagardeniablu.it\/en\/wp-json\/wp\/v2\/product\/3993","targetHints":{"allow":["GET"]}}],"collection":[{"href":"https:\/\/lagardeniablu.it\/en\/wp-json\/wp\/v2\/product"}],"about":[{"href":"https:\/\/lagardeniablu.it\/en\/wp-json\/wp\/v2\/types\/product"}],"replies":[{"embeddable":true,"href":"https:\/\/lagardeniablu.it\/en\/wp-json\/wp\/v2\/comments?post=3993"}],"wp:featuredmedia":[{"embeddable":true,"href":"https:\/\/lagardeniablu.it\/en\/wp-json\/wp\/v2\/media\/3994"}],"wp:attachment":[{"href":"https:\/\/lagardeniablu.it\/en\/wp-json\/wp\/v2\/media?parent=3993"}],"wp:term":[{"taxonomy":"product_brand","embeddable":true,"href":"https:\/\/lagardeniablu.it\/en\/wp-json\/wp\/v2\/product_brand?post=3993"},{"taxonomy":"product_cat","embeddable":true,"href":"https:\/\/lagardeniablu.it\/en\/wp-json\/wp\/v2\/product_cat?post=3993"},{"taxonomy":"product_tag","embeddable":true,"href":"https:\/\/lagardeniablu.it\/en\/wp-json\/wp\/v2\/product_tag?post=3993"}],"curies":[{"name":"wp","href":"https:\/\/api.w.org\/{rel}","templated":true}]}}