{"id":3996,"date":"2024-03-07T09:51:43","date_gmt":"2024-03-07T08:51:43","guid":{"rendered":"https:\/\/lagardeniablu.it\/?post_type=product&#038;p=3996"},"modified":"2025-02-13T12:17:12","modified_gmt":"2025-02-13T11:17:12","slug":"thermos-borraccia-per-bibite-unisex-24bottles-travel-tumbler-600-titan","status":"publish","type":"product","link":"https:\/\/lagardeniablu.it\/en\/product\/thermos-borraccia-per-bibite-unisex-24bottles-travel-tumbler-600-titan\/","title":{"rendered":"Thermos borraccia per bibite Unisex 24bottles Travel Tumbler 600 Titan"},"content":{"rendered":"<p style=\"font-weight: 400;\">IL TRAVEL TUMBLER \u00c8 ERMETICO?<\/p>\n<p style=\"font-weight: 400;\">S\u00ec, il nostro Travel Tumbler \u00e8 100% ermetico, quindi non devi preoccuparti di nulla mentre sei in movimento. Assicurati che i tappi TUMBLER COFFEE LID, TUMBLER FOOD LID e TUMBLER SPORT LID siano chiusi correttamente per garantire una chiusura ottimale; avvitalo fino alla completa scomparsa della guarnizione arancione. Cerca di non agitare Travel Tumbler, in particolare quando lo usi con bevande bollenti, per evitare di creare una pressione eccessiva. Quando usi Travel Tumbler con bevande bollenti ricordati di tenerlo fuori dalla portata dei bambini.<\/p>\n<p style=\"font-weight: 400;\">Il prodotto non \u00e8 utilizzabile con bevande gassate.<\/p>\n<p style=\"font-weight: 400;\">POSSO METTERE TRAVEL TUMBLER NEL FREEZER?<\/p>\n<p style=\"font-weight: 400;\">No, Travel Tumbler non deve essere messo nel congelatore o lasciata in condizioni di congelamento, in quanto ci\u00f2 danneggerebbe la sua capacit\u00e0 termica, invalidando la Garanzia.<\/p>\n<p style=\"font-weight: 400;\">POSSO METTERE TRAVEL TUMBLER NEL MICROONDE?<\/p>\n<p style=\"font-weight: 400;\">No, tutti i prodotti 24Bottles sono in acciaio inossidabile, perci\u00f2 non possono essere usati nel forno a microonde.<\/p>","protected":false},"excerpt":{"rendered":"<p>IL TRAVEL TUMBLER \u00c8 ERMETICO? S\u00ec, il nostro Travel Tumbler \u00e8 100% ermetico, quindi non devi preoccuparti di nulla mentre sei in movimento. Assicurati che i tappi TUMBLER COFFEE LID, TUMBLER FOOD LID e TUMBLER SPORT LID siano chiusi correttamente per garantire una chiusura ottimale; avvitalo fino alla completa scomparsa della guarnizione arancione. Cerca di [&hellip;]<\/p>\n","protected":false},"featured_media":3999,"comment_status":"open","ping_status":"closed","template":"","meta":{"_acf_changed":false},"product_brand":[],"product_cat":[121,16],"product_tag":[],"class_list":{"0":"post-3996","1":"product","2":"type-product","3":"status-publish","4":"has-post-thumbnail","6":"product_cat-idee-regalo-natale","7":"product_cat-senza-categoria","8":"product_shipping_class-spedizione-a-tariffa-unica","10":"first","11":"instock","12":"shipping-taxable","13":"purchasable","14":"product-type-simple"},"acf":[],"jetpack_sharing_enabled":true,"_links":{"self":[{"href":"https:\/\/lagardeniablu.it\/en\/wp-json\/wp\/v2\/product\/3996","targetHints":{"allow":["GET"]}}],"collection":[{"href":"https:\/\/lagardeniablu.it\/en\/wp-json\/wp\/v2\/product"}],"about":[{"href":"https:\/\/lagardeniablu.it\/en\/wp-json\/wp\/v2\/types\/product"}],"replies":[{"embeddable":true,"href":"https:\/\/lagardeniablu.it\/en\/wp-json\/wp\/v2\/comments?post=3996"}],"wp:featuredmedia":[{"embeddable":true,"href":"https:\/\/lagardeniablu.it\/en\/wp-json\/wp\/v2\/media\/3999"}],"wp:attachment":[{"href":"https:\/\/lagardeniablu.it\/en\/wp-json\/wp\/v2\/media?parent=3996"}],"wp:term":[{"taxonomy":"product_brand","embeddable":true,"href":"https:\/\/lagardeniablu.it\/en\/wp-json\/wp\/v2\/product_brand?post=3996"},{"taxonomy":"product_cat","embeddable":true,"href":"https:\/\/lagardeniablu.it\/en\/wp-json\/wp\/v2\/product_cat?post=3996"},{"taxonomy":"product_tag","embeddable":true,"href":"https:\/\/lagardeniablu.it\/en\/wp-json\/wp\/v2\/product_tag?post=3996"}],"curies":[{"name":"wp","href":"https:\/\/api.w.org\/{rel}","templated":true}]}}