{"id":4010,"date":"2024-03-07T10:24:04","date_gmt":"2024-03-07T09:24:04","guid":{"rendered":"https:\/\/lagardeniablu.it\/?post_type=product&#038;p=4010"},"modified":"2025-10-02T12:22:34","modified_gmt":"2025-10-02T10:22:34","slug":"thermos-borraccia-per-bibite-unisex-24bottles-clima-bottle-500ml-king","status":"publish","type":"product","link":"https:\/\/lagardeniablu.it\/en\/product\/thermos-borraccia-per-bibite-unisex-24bottles-clima-bottle-500ml-king\/","title":{"rendered":"Thermos borraccia per bibite Unisex 24bottles Clima Bottle 500ml King"},"content":{"rendered":"<p style=\"font-weight: 400\">COME POSSO PULIRE LA MIA BOTTIGLIA 24BOTTLES ?<\/p>\n<p style=\"font-weight: 400\">La pulizia dei prodotti 24Bottles \u00e8 semplice. Ti consigliamo di sciacquarli dopo ogni utilizzo, soprattutto se impiegati per conservare un liquido diverso dall&#8217;acqua.<\/p>\n<p style=\"font-weight: 400\">Suggeriamo anche di effettuare del lavaggi regolari: da una buona manutenzione della tua 24Bottles nasce la possibilit\u00e0 di usare per molti anni il tuo prodotto.<\/p>\n<p style=\"font-weight: 400\">\u00c8 possibile utilizzare semplicemente acqua calda e sapone neutro, oppure una miscela di acqua calda e aceto oppure un cucchiaino di bicarbonato di sodio per un&#8217;alternativa pi\u00f9 naturale; infatti se usati separatamente sono una ottima soluzione per la pulizia e decisamente pi\u00f9 naturali del sapone per piatti.<\/p>\n<p style=\"font-weight: 400\">Una volta lavati, lascia sempre asciugare i prodotti rovesciati e senza il tappo.<\/p>\n<p style=\"font-weight: 400\">Piccole macchie possono apparire all&#8217;interno della bottiglia a causa dell&#8217;uso continuo, in particolare con caff\u00e8 o t\u00e8 nero, ma non preoccuparti: questo non cambier\u00e0 la sicurezza e la durata dei tuoi prodotti 24Bottles.<\/p>\n<p style=\"font-weight: 400\">POSSO METTERE LE BOTTIGLIE 24BOTTLES IN FREEZER E IN FRIGORIFERO?<\/p>\n<p style=\"font-weight: 400\">Se desideri una bevanda fresca, puoi mettere la tua Urban Bottle nel congelatore, purch\u00e9 sia solo per un breve periodo di tempo.<\/p>\n<p style=\"font-weight: 400\">Infatti i liquidi tenderanno a congelarsi e ad espandersi, danneggiando i materiali del contenitore. Qualsiasi deformazione derivante da questo tipo di negligenza annuller\u00e0 anche la garanzia.<\/p>\n<p style=\"font-weight: 400\">Mettere la tua Urban Bottle nel frigorifero \u00e8 invece completamente sicuro e non causer\u00e0 alcun danno alla tua bottiglia.<\/p>\n<p style=\"font-weight: 400\">N.B. Clima Bottle non deve MAI essere messa nel congelatore o lasciata in condizioni di congelamento, in quanto ci\u00f2 danneggerebbe la bottiglia e la sua capacit\u00e0 termica (vedere Garanzia).<\/p>\n<p style=\"font-weight: 400\">Peso<\/p>\n<p style=\"font-weight: 400\">274 g<\/p>\n<p style=\"font-weight: 400\">Diametro<\/p>\n<p style=\"font-weight: 400\">7,3 cm<\/p>\n<p style=\"font-weight: 400\">Bocca<\/p>\n<p style=\"font-weight: 400\">3,3 cm<\/p>\n<p style=\"font-weight: 400\">Altezza<\/p>\n<p style=\"font-weight: 400\">20,5 cm<\/p>\n<p style=\"font-weight: 400\">Materiale<\/p>\n<p style=\"font-weight: 400\">Acciaio inossidabile di grado alimentare 18\/8<\/p>\n<p style=\"font-weight: 400\">Guarnizione ermetica<\/p>\n<p style=\"font-weight: 400\">Silicone<\/p>\n<p style=\"font-weight: 400\">Sicura al 100%<\/p>\n<p style=\"font-weight: 400\">BPA-free, BPS-free, PES-free, PFAS-free and phthalate-free<\/p>","protected":false},"excerpt":{"rendered":"<p>COME POSSO PULIRE LA MIA BOTTIGLIA 24BOTTLES ? La pulizia dei prodotti 24Bottles \u00e8 semplice. Ti consigliamo di sciacquarli dopo ogni utilizzo, soprattutto se impiegati per conservare un liquido diverso dall&#8217;acqua. Suggeriamo anche di effettuare del lavaggi regolari: da una buona manutenzione della tua 24Bottles nasce la possibilit\u00e0 di usare per molti anni il tuo [&hellip;]<\/p>\n","protected":false},"featured_media":4014,"comment_status":"open","ping_status":"closed","template":"","meta":{"_acf_changed":false},"product_brand":[],"product_cat":[121,16],"product_tag":[],"class_list":{"0":"post-4010","1":"product","2":"type-product","3":"status-publish","4":"has-post-thumbnail","6":"product_cat-idee-regalo-natale","7":"product_cat-senza-categoria","8":"product_shipping_class-spedizione-a-tariffa-unica","10":"first","11":"instock","12":"sale","13":"shipping-taxable","14":"purchasable","15":"product-type-simple"},"acf":[],"jetpack_sharing_enabled":true,"_links":{"self":[{"href":"https:\/\/lagardeniablu.it\/en\/wp-json\/wp\/v2\/product\/4010","targetHints":{"allow":["GET"]}}],"collection":[{"href":"https:\/\/lagardeniablu.it\/en\/wp-json\/wp\/v2\/product"}],"about":[{"href":"https:\/\/lagardeniablu.it\/en\/wp-json\/wp\/v2\/types\/product"}],"replies":[{"embeddable":true,"href":"https:\/\/lagardeniablu.it\/en\/wp-json\/wp\/v2\/comments?post=4010"}],"wp:featuredmedia":[{"embeddable":true,"href":"https:\/\/lagardeniablu.it\/en\/wp-json\/wp\/v2\/media\/4014"}],"wp:attachment":[{"href":"https:\/\/lagardeniablu.it\/en\/wp-json\/wp\/v2\/media?parent=4010"}],"wp:term":[{"taxonomy":"product_brand","embeddable":true,"href":"https:\/\/lagardeniablu.it\/en\/wp-json\/wp\/v2\/product_brand?post=4010"},{"taxonomy":"product_cat","embeddable":true,"href":"https:\/\/lagardeniablu.it\/en\/wp-json\/wp\/v2\/product_cat?post=4010"},{"taxonomy":"product_tag","embeddable":true,"href":"https:\/\/lagardeniablu.it\/en\/wp-json\/wp\/v2\/product_tag?post=4010"}],"curies":[{"name":"wp","href":"https:\/\/api.w.org\/{rel}","templated":true}]}}