{"id":4425,"date":"2024-04-17T15:36:34","date_gmt":"2024-04-17T13:36:34","guid":{"rendered":"https:\/\/lagardeniablu.it\/?post_type=product&#038;p=4425"},"modified":"2024-06-28T15:54:11","modified_gmt":"2024-06-28T13:54:11","slug":"shampoo-crema-riequilibrante-dopo-sole-200-ml-collistar-protezione-capelli","status":"publish","type":"product","link":"https:\/\/lagardeniablu.it\/en\/product\/shampoo-crema-riequilibrante-dopo-sole-200-ml-collistar-protezione-capelli\/","title":{"rendered":"Shampoo Crema Riequilibrante Dopo sole 200 ml Collistar protezione capelli"},"content":{"rendered":"<div>\n<ul>\n<li>per tutti i tipi di capelli<\/li>\n<li>elimina ogni traccia di sale, sabbia e cloro<\/li>\n<li>lascia i capelli morbidi e idratati.<\/li>\n<\/ul>\n<p><span style=\"font-family: CeraPro-Regular;\">In un unico prodotto la dolcezza di uno shampoo ultra-delicato, che elimina ogni traccia di sale, sabbia e cloro, unita all\u2019efficacia di una crema ricca di attivi, che svolge una mirata azione emolliente e riequilibrante apportando sostanze fondamentali alla struttura del capello. In pi\u00f9, dona vitalit\u00e0 e morbidezza ai capelli, ne migliora la pettinabilit\u00e0 ed evita che si elettrizzino.<\/span><\/p>\n<\/div>\n<div><span style=\"font-family: CeraPro-Regular;\">\u00a0<\/span><\/div>\n<div><span style=\"font-family: CeraPro-Regular;\">200ml<\/span><\/div>","protected":false},"excerpt":{"rendered":"<p>per tutti i tipi di capelli elimina ogni traccia di sale, sabbia e cloro lascia i capelli morbidi e idratati. In un unico prodotto la dolcezza di uno shampoo ultra-delicato, che elimina ogni traccia di sale, sabbia e cloro, unita all\u2019efficacia di una crema ricca di attivi, che svolge una mirata azione emolliente e riequilibrante [&hellip;]<\/p>\n","protected":false},"featured_media":4426,"comment_status":"open","ping_status":"closed","template":"","meta":{"_acf_changed":false},"product_brand":[],"product_cat":[70,71,67],"product_tag":[],"class_list":{"0":"post-4425","1":"product","2":"type-product","3":"status-publish","4":"has-post-thumbnail","6":"product_cat-doposole","7":"product_cat-protezione-capelli","8":"product_cat-solari","9":"product_shipping_class-spedizione-a-tariffa-unica","11":"first","12":"instock","13":"sale","14":"shipping-taxable","15":"purchasable","16":"product-type-simple"},"acf":[],"jetpack_sharing_enabled":true,"_links":{"self":[{"href":"https:\/\/lagardeniablu.it\/en\/wp-json\/wp\/v2\/product\/4425","targetHints":{"allow":["GET"]}}],"collection":[{"href":"https:\/\/lagardeniablu.it\/en\/wp-json\/wp\/v2\/product"}],"about":[{"href":"https:\/\/lagardeniablu.it\/en\/wp-json\/wp\/v2\/types\/product"}],"replies":[{"embeddable":true,"href":"https:\/\/lagardeniablu.it\/en\/wp-json\/wp\/v2\/comments?post=4425"}],"wp:featuredmedia":[{"embeddable":true,"href":"https:\/\/lagardeniablu.it\/en\/wp-json\/wp\/v2\/media\/4426"}],"wp:attachment":[{"href":"https:\/\/lagardeniablu.it\/en\/wp-json\/wp\/v2\/media?parent=4425"}],"wp:term":[{"taxonomy":"product_brand","embeddable":true,"href":"https:\/\/lagardeniablu.it\/en\/wp-json\/wp\/v2\/product_brand?post=4425"},{"taxonomy":"product_cat","embeddable":true,"href":"https:\/\/lagardeniablu.it\/en\/wp-json\/wp\/v2\/product_cat?post=4425"},{"taxonomy":"product_tag","embeddable":true,"href":"https:\/\/lagardeniablu.it\/en\/wp-json\/wp\/v2\/product_tag?post=4425"}],"curies":[{"name":"wp","href":"https:\/\/api.w.org\/{rel}","templated":true}]}}