{"id":6173,"date":"2024-11-13T11:48:23","date_gmt":"2024-11-13T10:48:23","guid":{"rendered":"https:\/\/lagardeniablu.it\/?post_type=product&#038;p=6173"},"modified":"2025-10-03T11:09:24","modified_gmt":"2025-10-03T09:09:24","slug":"calvin-klein-ck-in-2u-for-him-eau-de-toilette-150ml-fragranza-uomo","status":"publish","type":"product","link":"https:\/\/lagardeniablu.it\/en\/product\/calvin-klein-ck-in-2u-for-him-eau-de-toilette-150ml-fragranza-uomo\/","title":{"rendered":"Calvin Klein CK In 2U For Him Eau de Toilette 150ml fragranza uomo"},"content":{"rendered":"<div>CK IN2U for Him\u00a0di\u00a0Calvin Klein\u00a0\u00e8 una fragranza del gruppo Aromatico Foug\u00e8re da uomo.\u00a0CK IN2U for Him\u00a0\u00e8 stato lanciato sul mercato nel 2007. CK IN2U for Him \u00e8 stato creato da Carlos Bena\u00efm, Bruno Jovanovic, Loc Dong e Jean-Marc Chaillan. Le note di testa sono Limone e Foglia di Pomodoro; la nota di cuore \u00e8 Fava di Cacao; le note di base sono Legno di Cedro, Muschio Bianco e Vetiver.<\/div>\n<div>edt 150ml<\/div>","protected":false},"excerpt":{"rendered":"<p>CK IN2U for Him\u00a0di\u00a0Calvin Klein\u00a0\u00e8 una fragranza del gruppo Aromatico Foug\u00e8re da uomo.\u00a0CK IN2U for Him\u00a0\u00e8 stato lanciato sul mercato nel 2007. CK IN2U for Him \u00e8 stato creato da Carlos Bena\u00efm, Bruno Jovanovic, Loc Dong e Jean-Marc Chaillan. Le note di testa sono Limone e Foglia di Pomodoro; la nota di cuore \u00e8 Fava [&hellip;]<\/p>\n","protected":false},"featured_media":6174,"comment_status":"open","ping_status":"closed","template":"","meta":{"_acf_changed":false},"product_brand":[],"product_cat":[18,19],"product_tag":[],"class_list":{"0":"post-6173","1":"product","2":"type-product","3":"status-publish","4":"has-post-thumbnail","6":"product_cat-profumi","7":"product_cat-profumi-uomo","8":"product_shipping_class-spedizione-a-tariffa-unica","10":"first","11":"instock","12":"sale","13":"shipping-taxable","14":"purchasable","15":"product-type-simple"},"acf":[],"jetpack_sharing_enabled":true,"_links":{"self":[{"href":"https:\/\/lagardeniablu.it\/en\/wp-json\/wp\/v2\/product\/6173","targetHints":{"allow":["GET"]}}],"collection":[{"href":"https:\/\/lagardeniablu.it\/en\/wp-json\/wp\/v2\/product"}],"about":[{"href":"https:\/\/lagardeniablu.it\/en\/wp-json\/wp\/v2\/types\/product"}],"replies":[{"embeddable":true,"href":"https:\/\/lagardeniablu.it\/en\/wp-json\/wp\/v2\/comments?post=6173"}],"wp:featuredmedia":[{"embeddable":true,"href":"https:\/\/lagardeniablu.it\/en\/wp-json\/wp\/v2\/media\/6174"}],"wp:attachment":[{"href":"https:\/\/lagardeniablu.it\/en\/wp-json\/wp\/v2\/media?parent=6173"}],"wp:term":[{"taxonomy":"product_brand","embeddable":true,"href":"https:\/\/lagardeniablu.it\/en\/wp-json\/wp\/v2\/product_brand?post=6173"},{"taxonomy":"product_cat","embeddable":true,"href":"https:\/\/lagardeniablu.it\/en\/wp-json\/wp\/v2\/product_cat?post=6173"},{"taxonomy":"product_tag","embeddable":true,"href":"https:\/\/lagardeniablu.it\/en\/wp-json\/wp\/v2\/product_tag?post=6173"}],"curies":[{"name":"wp","href":"https:\/\/api.w.org\/{rel}","templated":true}]}}