{"id":6278,"date":"2024-11-21T16:05:41","date_gmt":"2024-11-21T15:05:41","guid":{"rendered":"https:\/\/lagardeniablu.it\/?post_type=product&#038;p=6278"},"modified":"2024-11-21T16:05:41","modified_gmt":"2024-11-21T15:05:41","slug":"palette-make-up-revolution-kombucha-kiss-shadow-palette-16-ombretti","status":"publish","type":"product","link":"https:\/\/lagardeniablu.it\/en\/product\/palette-make-up-revolution-kombucha-kiss-shadow-palette-16-ombretti\/","title":{"rendered":"Palette make up Revolution Kombucha kiss shadow palette 16 ombretti"},"content":{"rendered":"<p>Con 16 tonalit\u00e0 super hot dai toni caldi opachi e scintillanti, questa palette ha tutto ci\u00f2 di cui hai bisogno per uno frizzante sguardo fumoso al tramonto! I nomi delle tonalit\u00e0 includono FIERY, un rosso caldo e vibrante, HEATING UP, un oro brillante e BLAZING, un marrone caldo opaco. Si abbina a: Revolution Hot Shot Kombucha Kiss Primer<\/p>","protected":false},"excerpt":{"rendered":"<p>Con 16 tonalit\u00e0 super hot dai toni caldi opachi e scintillanti, questa palette ha tutto ci\u00f2 di cui hai bisogno per uno frizzante sguardo fumoso al tramonto! I nomi delle tonalit\u00e0 includono FIERY, un rosso caldo e vibrante, HEATING UP, un oro brillante e BLAZING, un marrone caldo opaco. Si abbina a: Revolution Hot Shot [&hellip;]<\/p>\n","protected":false},"featured_media":6279,"comment_status":"open","ping_status":"closed","template":"","meta":{"_acf_changed":false},"product_brand":[],"product_cat":[121,35,39],"product_tag":[],"class_list":{"0":"post-6278","1":"product","2":"type-product","3":"status-publish","4":"has-post-thumbnail","6":"product_cat-idee-regalo-natale","7":"product_cat-occhi","8":"product_cat-ombretto","9":"product_shipping_class-spedizione-a-tariffa-unica","11":"first","12":"instock","13":"shipping-taxable","14":"purchasable","15":"product-type-simple"},"acf":[],"jetpack_sharing_enabled":true,"_links":{"self":[{"href":"https:\/\/lagardeniablu.it\/en\/wp-json\/wp\/v2\/product\/6278","targetHints":{"allow":["GET"]}}],"collection":[{"href":"https:\/\/lagardeniablu.it\/en\/wp-json\/wp\/v2\/product"}],"about":[{"href":"https:\/\/lagardeniablu.it\/en\/wp-json\/wp\/v2\/types\/product"}],"replies":[{"embeddable":true,"href":"https:\/\/lagardeniablu.it\/en\/wp-json\/wp\/v2\/comments?post=6278"}],"wp:featuredmedia":[{"embeddable":true,"href":"https:\/\/lagardeniablu.it\/en\/wp-json\/wp\/v2\/media\/6279"}],"wp:attachment":[{"href":"https:\/\/lagardeniablu.it\/en\/wp-json\/wp\/v2\/media?parent=6278"}],"wp:term":[{"taxonomy":"product_brand","embeddable":true,"href":"https:\/\/lagardeniablu.it\/en\/wp-json\/wp\/v2\/product_brand?post=6278"},{"taxonomy":"product_cat","embeddable":true,"href":"https:\/\/lagardeniablu.it\/en\/wp-json\/wp\/v2\/product_cat?post=6278"},{"taxonomy":"product_tag","embeddable":true,"href":"https:\/\/lagardeniablu.it\/en\/wp-json\/wp\/v2\/product_tag?post=6278"}],"curies":[{"name":"wp","href":"https:\/\/api.w.org\/{rel}","templated":true}]}}