{"id":6280,"date":"2024-11-21T16:14:45","date_gmt":"2024-11-21T15:14:45","guid":{"rendered":"https:\/\/lagardeniablu.it\/?post_type=product&#038;p=6280"},"modified":"2024-11-21T16:14:46","modified_gmt":"2024-11-21T15:14:46","slug":"revolution-contour-palette-wersow-blush-bronzer-illuminante","status":"publish","type":"product","link":"https:\/\/lagardeniablu.it\/en\/product\/revolution-contour-palette-wersow-blush-bronzer-illuminante\/","title":{"rendered":"Revolution Contour palette Wersow blush bronzer illuminante"},"content":{"rendered":"<p>Questa straordinaria palette Makeup Obsession x Wersow \u00e8 adatta a tutte le tonalit\u00e0 della pelle. Che tu sia una truccatrice o un&#8217;amante della bellezza che ama la variet\u00e0, questa palette \u00e8 tutto ci\u00f2 di cui hai bisogno per brillare dalla mattina alla sera. Formule di prodotto perfette, la massima qualit\u00e0 degna di un professionista.<\/p>","protected":false},"excerpt":{"rendered":"<p>Questa straordinaria palette Makeup Obsession x Wersow \u00e8 adatta a tutte le tonalit\u00e0 della pelle. Che tu sia una truccatrice o un&#8217;amante della bellezza che ama la variet\u00e0, questa palette \u00e8 tutto ci\u00f2 di cui hai bisogno per brillare dalla mattina alla sera. Formule di prodotto perfette, la massima qualit\u00e0 degna di un professionista.<\/p>","protected":false},"featured_media":6281,"comment_status":"open","ping_status":"closed","template":"","meta":{"_acf_changed":false},"product_brand":[],"product_cat":[31,32,30,23,24],"product_tag":[],"class_list":{"0":"post-6280","1":"product","2":"type-product","3":"status-publish","4":"has-post-thumbnail","6":"product_cat-blush","7":"product_cat-bronzer","8":"product_cat-illuminanti","9":"product_cat-make-up","10":"product_cat-viso","11":"product_shipping_class-spedizione-a-tariffa-unica","13":"first","14":"instock","15":"shipping-taxable","16":"purchasable","17":"product-type-simple"},"acf":[],"jetpack_sharing_enabled":true,"_links":{"self":[{"href":"https:\/\/lagardeniablu.it\/en\/wp-json\/wp\/v2\/product\/6280","targetHints":{"allow":["GET"]}}],"collection":[{"href":"https:\/\/lagardeniablu.it\/en\/wp-json\/wp\/v2\/product"}],"about":[{"href":"https:\/\/lagardeniablu.it\/en\/wp-json\/wp\/v2\/types\/product"}],"replies":[{"embeddable":true,"href":"https:\/\/lagardeniablu.it\/en\/wp-json\/wp\/v2\/comments?post=6280"}],"wp:featuredmedia":[{"embeddable":true,"href":"https:\/\/lagardeniablu.it\/en\/wp-json\/wp\/v2\/media\/6281"}],"wp:attachment":[{"href":"https:\/\/lagardeniablu.it\/en\/wp-json\/wp\/v2\/media?parent=6280"}],"wp:term":[{"taxonomy":"product_brand","embeddable":true,"href":"https:\/\/lagardeniablu.it\/en\/wp-json\/wp\/v2\/product_brand?post=6280"},{"taxonomy":"product_cat","embeddable":true,"href":"https:\/\/lagardeniablu.it\/en\/wp-json\/wp\/v2\/product_cat?post=6280"},{"taxonomy":"product_tag","embeddable":true,"href":"https:\/\/lagardeniablu.it\/en\/wp-json\/wp\/v2\/product_tag?post=6280"}],"curies":[{"name":"wp","href":"https:\/\/api.w.org\/{rel}","templated":true}]}}