{"id":6579,"date":"2024-12-30T16:53:25","date_gmt":"2024-12-30T15:53:25","guid":{"rendered":"https:\/\/lagardeniablu.it\/?post_type=product&#038;p=6579"},"modified":"2025-11-18T21:23:38","modified_gmt":"2025-11-18T20:23:38","slug":"chanel-la-creme-main-crema-mani-50ml-idrata-nutre-illumina","status":"publish","type":"product","link":"https:\/\/lagardeniablu.it\/en\/product\/chanel-la-creme-main-crema-mani-50ml-idrata-nutre-illumina\/","title":{"rendered":"Chanel La Cr\u00e8me Main Crema mani 50ml Idrata Nutre Illumina"},"content":{"rendered":"<p>La sua nuova formula composta al 97% da ingredienti di origine naturale(1) \u00e8 arricchita con un complesso di derivati della camelia, noti per le loro propriet\u00e0 nutrienti e protettive.<br \/>\nLe mani sono idratate, la pelle \u00e8 morbida e luminosa.<br \/>\nLa sua consistenza leggera e setosa si assorbe istantaneamente sulla pelle, lasciando le mani morbide e delicatamente profumate.<br \/>\nPensata come un oggetto moderno da portare sempre con s\u00e9, \u00e8 caratterizzata da un design esclusivo che si adatta perfettamente al palmo della mano. Basta una semplice pressione per erogare la giusta dose di prodotto. LA CR\u00c8ME MAIN \u00e8 un vero e proprio accessorio da borsetta, che si adatta a ogni stile di vita.<\/p>","protected":false},"excerpt":{"rendered":"<p>La sua nuova formula composta al 97% da ingredienti di origine naturale(1) \u00e8 arricchita con un complesso di derivati della camelia, noti per le loro propriet\u00e0 nutrienti e protettive. Le mani sono idratate, la pelle \u00e8 morbida e luminosa. La sua consistenza leggera e setosa si assorbe istantaneamente sulla pelle, lasciando le mani morbide e [&hellip;]<\/p>\n","protected":false},"featured_media":6933,"comment_status":"open","ping_status":"closed","template":"","meta":{"_acf_changed":false},"product_brand":[],"product_cat":[126,85,72,73,92,99],"product_tag":[],"class_list":{"0":"post-6579","1":"product","2":"type-product","3":"status-publish","4":"has-post-thumbnail","6":"product_cat-chanel","7":"product_cat-corpo","8":"product_cat-cosmetici","9":"product_cat-donna-cosmetici","10":"product_cat-mani-e-piedi","11":"product_cat-marca","12":"product_shipping_class-spedizione-a-tariffa-unica","14":"first","15":"instock","16":"sale","17":"shipping-taxable","18":"purchasable","19":"product-type-simple"},"acf":[],"jetpack_sharing_enabled":true,"_links":{"self":[{"href":"https:\/\/lagardeniablu.it\/en\/wp-json\/wp\/v2\/product\/6579","targetHints":{"allow":["GET"]}}],"collection":[{"href":"https:\/\/lagardeniablu.it\/en\/wp-json\/wp\/v2\/product"}],"about":[{"href":"https:\/\/lagardeniablu.it\/en\/wp-json\/wp\/v2\/types\/product"}],"replies":[{"embeddable":true,"href":"https:\/\/lagardeniablu.it\/en\/wp-json\/wp\/v2\/comments?post=6579"}],"wp:featuredmedia":[{"embeddable":true,"href":"https:\/\/lagardeniablu.it\/en\/wp-json\/wp\/v2\/media\/6933"}],"wp:attachment":[{"href":"https:\/\/lagardeniablu.it\/en\/wp-json\/wp\/v2\/media?parent=6579"}],"wp:term":[{"taxonomy":"product_brand","embeddable":true,"href":"https:\/\/lagardeniablu.it\/en\/wp-json\/wp\/v2\/product_brand?post=6579"},{"taxonomy":"product_cat","embeddable":true,"href":"https:\/\/lagardeniablu.it\/en\/wp-json\/wp\/v2\/product_cat?post=6579"},{"taxonomy":"product_tag","embeddable":true,"href":"https:\/\/lagardeniablu.it\/en\/wp-json\/wp\/v2\/product_tag?post=6579"}],"curies":[{"name":"wp","href":"https:\/\/api.w.org\/{rel}","templated":true}]}}