{"id":6888,"date":"2025-01-24T17:33:17","date_gmt":"2025-01-24T16:33:17","guid":{"rendered":"https:\/\/lagardeniablu.it\/?post_type=product&#038;p=6888"},"modified":"2025-01-24T17:33:18","modified_gmt":"2025-01-24T16:33:18","slug":"helena-rubinstein-illumination-lips-02-nude-blush-6ml-gloss-labbra","status":"publish","type":"product","link":"https:\/\/lagardeniablu.it\/en\/product\/helena-rubinstein-illumination-lips-02-nude-blush-6ml-gloss-labbra\/","title":{"rendered":"Helena Rubinstein Illumination Lips 02 Nude Blush 6ml gloss labbra"},"content":{"rendered":"<p style=\"font-weight: 400;\">Helena Rubinstein Illumination Lips 02 Nude Blush 6ml. Gruppo di colori: Rosa, Nome del colore: Nude Blush, Effetto lucidalabbra: Colorante, Idratante, Nutriente. Volume: 6 ml. Quantit\u00e0 per pacco: 1 pz<\/p>\n<p>ILLUMINATION LIPS di Helena Rubinstein \u00e8 un gloss che illumina le tue labbra con 6 tonalit\u00e0 effetto vinile. Gli Illumination Lips si applicano facilmente e si fondono uniformemente. Colori tenui dal finish glossy, con Illumination Lips le labbra appariranno luminose a lungo.<\/p>\n<p>Luminosit\u00e0, colore leggero, comfort duraturo.<\/p>\n<p>Illumination Lips 02 Nude Blush 6ml<\/p>","protected":false},"excerpt":{"rendered":"<p>Helena Rubinstein Illumination Lips 02 Nude Blush 6ml. Gruppo di colori: Rosa, Nome del colore: Nude Blush, Effetto lucidalabbra: Colorante, Idratante, Nutriente. Volume: 6 ml. Quantit\u00e0 per pacco: 1 pz ILLUMINATION LIPS di Helena Rubinstein \u00e8 un gloss che illumina le tue labbra con 6 tonalit\u00e0 effetto vinile. Gli Illumination Lips si applicano facilmente e [&hellip;]<\/p>\n","protected":false},"featured_media":6889,"comment_status":"open","ping_status":"closed","template":"","meta":{"_acf_changed":false},"product_brand":[],"product_cat":[47,49,23],"product_tag":[],"class_list":{"0":"post-6888","1":"product","2":"type-product","3":"status-publish","4":"has-post-thumbnail","6":"product_cat-labbra","7":"product_cat-lucidalabbra-gloss","8":"product_cat-make-up","9":"product_shipping_class-spedizione-a-tariffa-unica","11":"first","12":"instock","13":"shipping-taxable","14":"purchasable","15":"product-type-simple"},"acf":[],"jetpack_sharing_enabled":true,"_links":{"self":[{"href":"https:\/\/lagardeniablu.it\/en\/wp-json\/wp\/v2\/product\/6888","targetHints":{"allow":["GET"]}}],"collection":[{"href":"https:\/\/lagardeniablu.it\/en\/wp-json\/wp\/v2\/product"}],"about":[{"href":"https:\/\/lagardeniablu.it\/en\/wp-json\/wp\/v2\/types\/product"}],"replies":[{"embeddable":true,"href":"https:\/\/lagardeniablu.it\/en\/wp-json\/wp\/v2\/comments?post=6888"}],"wp:featuredmedia":[{"embeddable":true,"href":"https:\/\/lagardeniablu.it\/en\/wp-json\/wp\/v2\/media\/6889"}],"wp:attachment":[{"href":"https:\/\/lagardeniablu.it\/en\/wp-json\/wp\/v2\/media?parent=6888"}],"wp:term":[{"taxonomy":"product_brand","embeddable":true,"href":"https:\/\/lagardeniablu.it\/en\/wp-json\/wp\/v2\/product_brand?post=6888"},{"taxonomy":"product_cat","embeddable":true,"href":"https:\/\/lagardeniablu.it\/en\/wp-json\/wp\/v2\/product_cat?post=6888"},{"taxonomy":"product_tag","embeddable":true,"href":"https:\/\/lagardeniablu.it\/en\/wp-json\/wp\/v2\/product_tag?post=6888"}],"curies":[{"name":"wp","href":"https:\/\/api.w.org\/{rel}","templated":true}]}}