{"id":6935,"date":"2025-01-31T16:04:07","date_gmt":"2025-01-31T15:04:07","guid":{"rendered":"https:\/\/lagardeniablu.it\/?post_type=product&#038;p=6935"},"modified":"2025-01-31T16:04:08","modified_gmt":"2025-01-31T15:04:08","slug":"clairol-perfect-10-tinta-permanente-capelli-donna-in-soli-10-minuti-2-black-nero","status":"publish","type":"product","link":"https:\/\/lagardeniablu.it\/en\/product\/clairol-perfect-10-tinta-permanente-capelli-donna-in-soli-10-minuti-2-black-nero\/","title":{"rendered":"Clairol perfect 10 Tinta permanente capelli donna in soli 10 minuti 2 Black Nero"},"content":{"rendered":"<p style=\"font-weight: 400;\">Colore brillante e capelli dall&#8217;aspetto sano in soli 10 minuti! Garantito.<\/p>\n<p style=\"font-weight: 400;\">Cosa rende Perfect10 un&#8217;esperienza incredibile?<\/p>\n<p style=\"font-weight: 400;\">Perfect10 combina una rivoluzionaria Color Cr\u00e8me e un esclusivo PerfectColour Comb progettato per darti un colore brillante e capelli dall&#8217;aspetto sano in soli 10 minuti. \u00c8 la nostra rivoluzionaria esperienza di colore dei capelli possibile a casa. 2 volte pi\u00f9 veloce . Perfect10 ha una Color Cr\u00e8me rivoluzionaria formulata con AminoGlycine che infonde il colore due volte pi\u00f9 velocemente&#8221;. Inoltre, il pettine PerfectColour distribuisce il colore con facilit\u00e0 esperta dalla radice alla punta per risultati dall&#8217;aspetto sorprendentemente naturale.<\/p>\n<p style=\"font-weight: 400;\">Coprir\u00e0 i miei grigi? Il colore durer\u00e0?<\/p>\n<p style=\"font-weight: 400;\">Assolutamente! Perfect 10 \u00e8 veloce ma impeccabile. Anche i tuoi grigi difficili sono perfettamente coperti e il colore lucido resiste allo sbiadimento, in modo da ottenere una copertura grigia di lunga durata al 100%.<\/p>","protected":false},"excerpt":{"rendered":"<p>Colore brillante e capelli dall&#8217;aspetto sano in soli 10 minuti! Garantito. Cosa rende Perfect10 un&#8217;esperienza incredibile? Perfect10 combina una rivoluzionaria Color Cr\u00e8me e un esclusivo PerfectColour Comb progettato per darti un colore brillante e capelli dall&#8217;aspetto sano in soli 10 minuti. \u00c8 la nostra rivoluzionaria esperienza di colore dei capelli possibile a casa. 2 volte [&hellip;]<\/p>\n","protected":false},"featured_media":6936,"comment_status":"open","ping_status":"closed","template":"","meta":{"_acf_changed":false},"product_brand":[],"product_cat":[53,59,54],"product_tag":[],"class_list":{"0":"post-6935","1":"product","2":"type-product","3":"status-publish","4":"has-post-thumbnail","6":"product_cat-capelli","7":"product_cat-colorazione","8":"product_cat-donna","9":"product_shipping_class-spedizione-a-tariffa-unica","11":"first","12":"instock","13":"shipping-taxable","14":"purchasable","15":"product-type-simple"},"acf":[],"jetpack_sharing_enabled":true,"_links":{"self":[{"href":"https:\/\/lagardeniablu.it\/en\/wp-json\/wp\/v2\/product\/6935","targetHints":{"allow":["GET"]}}],"collection":[{"href":"https:\/\/lagardeniablu.it\/en\/wp-json\/wp\/v2\/product"}],"about":[{"href":"https:\/\/lagardeniablu.it\/en\/wp-json\/wp\/v2\/types\/product"}],"replies":[{"embeddable":true,"href":"https:\/\/lagardeniablu.it\/en\/wp-json\/wp\/v2\/comments?post=6935"}],"wp:featuredmedia":[{"embeddable":true,"href":"https:\/\/lagardeniablu.it\/en\/wp-json\/wp\/v2\/media\/6936"}],"wp:attachment":[{"href":"https:\/\/lagardeniablu.it\/en\/wp-json\/wp\/v2\/media?parent=6935"}],"wp:term":[{"taxonomy":"product_brand","embeddable":true,"href":"https:\/\/lagardeniablu.it\/en\/wp-json\/wp\/v2\/product_brand?post=6935"},{"taxonomy":"product_cat","embeddable":true,"href":"https:\/\/lagardeniablu.it\/en\/wp-json\/wp\/v2\/product_cat?post=6935"},{"taxonomy":"product_tag","embeddable":true,"href":"https:\/\/lagardeniablu.it\/en\/wp-json\/wp\/v2\/product_tag?post=6935"}],"curies":[{"name":"wp","href":"https:\/\/api.w.org\/{rel}","templated":true}]}}