{"id":7126,"date":"2025-02-20T18:53:19","date_gmt":"2025-02-20T17:53:19","guid":{"rendered":"https:\/\/lagardeniablu.it\/?post_type=product&#038;p=7126"},"modified":"2025-06-12T19:11:33","modified_gmt":"2025-06-12T17:11:33","slug":"lancome-la-base-paupieres-pro-04-beige-dore-ombretto-base","status":"publish","type":"product","link":"https:\/\/lagardeniablu.it\/en\/product\/lancome-la-base-paupieres-pro-04-beige-dore-ombretto-base\/","title":{"rendered":"Lanc\u00f4me La base paupi\u00e8res pro 02 beige Porcelaine ombretto base 5g"},"content":{"rendered":"<p>Lanc\u00f4me crea una nuova generazione di basi occhi &#8220;effetto nudo&#8221; per valorizzare e aumentare la tenuta del tuo ombretto tutto il giorno.<\/p>","protected":false},"excerpt":{"rendered":"<p>Lanc\u00f4me crea una nuova generazione di basi occhi &#8220;effetto nudo&#8221; per valorizzare e aumentare la tenuta del tuo ombretto tutto il giorno.<\/p>","protected":false},"featured_media":8666,"comment_status":"open","ping_status":"closed","template":"","meta":{"_acf_changed":false},"product_brand":[],"product_cat":[36,35,39],"product_tag":[],"class_list":{"0":"post-7126","1":"product","2":"type-product","3":"status-publish","4":"has-post-thumbnail","6":"product_cat-base-e-primer-occhi","7":"product_cat-occhi","8":"product_cat-ombretto","9":"product_shipping_class-spedizione-a-tariffa-unica","11":"first","12":"outofstock","13":"shipping-taxable","14":"purchasable","15":"product-type-simple"},"acf":[],"jetpack_sharing_enabled":true,"_links":{"self":[{"href":"https:\/\/lagardeniablu.it\/en\/wp-json\/wp\/v2\/product\/7126","targetHints":{"allow":["GET"]}}],"collection":[{"href":"https:\/\/lagardeniablu.it\/en\/wp-json\/wp\/v2\/product"}],"about":[{"href":"https:\/\/lagardeniablu.it\/en\/wp-json\/wp\/v2\/types\/product"}],"replies":[{"embeddable":true,"href":"https:\/\/lagardeniablu.it\/en\/wp-json\/wp\/v2\/comments?post=7126"}],"wp:featuredmedia":[{"embeddable":true,"href":"https:\/\/lagardeniablu.it\/en\/wp-json\/wp\/v2\/media\/8666"}],"wp:attachment":[{"href":"https:\/\/lagardeniablu.it\/en\/wp-json\/wp\/v2\/media?parent=7126"}],"wp:term":[{"taxonomy":"product_brand","embeddable":true,"href":"https:\/\/lagardeniablu.it\/en\/wp-json\/wp\/v2\/product_brand?post=7126"},{"taxonomy":"product_cat","embeddable":true,"href":"https:\/\/lagardeniablu.it\/en\/wp-json\/wp\/v2\/product_cat?post=7126"},{"taxonomy":"product_tag","embeddable":true,"href":"https:\/\/lagardeniablu.it\/en\/wp-json\/wp\/v2\/product_tag?post=7126"}],"curies":[{"name":"wp","href":"https:\/\/api.w.org\/{rel}","templated":true}]}}