{"id":7477,"date":"2025-03-18T17:59:53","date_gmt":"2025-03-18T16:59:53","guid":{"rendered":"https:\/\/lagardeniablu.it\/?post_type=product&#038;p=7477"},"modified":"2025-04-04T22:14:17","modified_gmt":"2025-04-04T20:14:17","slug":"giorgio-armani-acqua-di-gio-absolu-eau-de-parfum-75ml-profumo-uomo","status":"publish","type":"product","link":"https:\/\/lagardeniablu.it\/en\/product\/giorgio-armani-acqua-di-gio-absolu-eau-de-parfum-75ml-profumo-uomo\/","title":{"rendered":"Giorgio Armani Acqua di Gi\u00f2 Absolu Eau de parfum 75ml profumo uomo"},"content":{"rendered":"<div>Acqua di Gi\u00f2 Absolu di Giorgio Armani \u00e8 una fragranza del gruppo Legnoso Aromatico da uomo. Acqua di Gi\u00f2 Absolu \u00e8 stato lanciato sul mercato nel 2018. Il Naso di questa fragranza \u00e8 Alberto Morillas. Le note di testa sono Note Marine, Bergamotto, Pera, Mela, Pompelmo e Limone; le note di cuore sono Lavanda, Rosmarino e Geranio; le note di base sono Note Legnose, Fava Tonka, Amberwood, Patchouli e Labdano.<\/div>\n<div><\/div>\n<div>edp 75ml<\/div>","protected":false},"excerpt":{"rendered":"<p>Acqua di Gi\u00f2 Absolu di Giorgio Armani \u00e8 una fragranza del gruppo Legnoso Aromatico da uomo. Acqua di Gi\u00f2 Absolu \u00e8 stato lanciato sul mercato nel 2018. Il Naso di questa fragranza \u00e8 Alberto Morillas. Le note di testa sono Note Marine, Bergamotto, Pera, Mela, Pompelmo e Limone; le note di cuore sono Lavanda, Rosmarino [&hellip;]<\/p>\n","protected":false},"featured_media":7478,"comment_status":"open","ping_status":"closed","template":"","meta":{"_acf_changed":false},"product_brand":[],"product_cat":[18,19],"product_tag":[],"class_list":{"0":"post-7477","1":"product","2":"type-product","3":"status-publish","4":"has-post-thumbnail","6":"product_cat-profumi","7":"product_cat-profumi-uomo","8":"product_shipping_class-spedizione-a-tariffa-unica","10":"first","11":"outofstock","12":"sale","13":"shipping-taxable","14":"purchasable","15":"product-type-simple"},"acf":[],"jetpack_sharing_enabled":true,"_links":{"self":[{"href":"https:\/\/lagardeniablu.it\/en\/wp-json\/wp\/v2\/product\/7477","targetHints":{"allow":["GET"]}}],"collection":[{"href":"https:\/\/lagardeniablu.it\/en\/wp-json\/wp\/v2\/product"}],"about":[{"href":"https:\/\/lagardeniablu.it\/en\/wp-json\/wp\/v2\/types\/product"}],"replies":[{"embeddable":true,"href":"https:\/\/lagardeniablu.it\/en\/wp-json\/wp\/v2\/comments?post=7477"}],"wp:featuredmedia":[{"embeddable":true,"href":"https:\/\/lagardeniablu.it\/en\/wp-json\/wp\/v2\/media\/7478"}],"wp:attachment":[{"href":"https:\/\/lagardeniablu.it\/en\/wp-json\/wp\/v2\/media?parent=7477"}],"wp:term":[{"taxonomy":"product_brand","embeddable":true,"href":"https:\/\/lagardeniablu.it\/en\/wp-json\/wp\/v2\/product_brand?post=7477"},{"taxonomy":"product_cat","embeddable":true,"href":"https:\/\/lagardeniablu.it\/en\/wp-json\/wp\/v2\/product_cat?post=7477"},{"taxonomy":"product_tag","embeddable":true,"href":"https:\/\/lagardeniablu.it\/en\/wp-json\/wp\/v2\/product_tag?post=7477"}],"curies":[{"name":"wp","href":"https:\/\/api.w.org\/{rel}","templated":true}]}}