{"id":7681,"date":"2025-03-29T12:17:26","date_gmt":"2025-03-29T11:17:26","guid":{"rendered":"https:\/\/lagardeniablu.it\/?post_type=product&#038;p=7681"},"modified":"2025-04-04T12:50:09","modified_gmt":"2025-04-04T10:50:09","slug":"lancome-ombre-hypnose-mono-ombretto-2-ml-25-g-i308-gris-erika-ombretto","status":"publish","type":"product","link":"https:\/\/lagardeniablu.it\/en\/product\/lancome-ombre-hypnose-mono-ombretto-2-ml-25-g-i308-gris-erika-ombretto\/","title":{"rendered":"Lanc\u00f4me Ombre Hypn\u00f4se Mono ombretto 2 ml 2,5 g I308 Gris Erika Ombretto"},"content":{"rendered":"<div>Lanc\u00f4me Ombre Hypn\u00f4se Mono. Sostanza: Polvere,<\/div>\n<div>Gruppo di colori: Grigio,<\/div>\n<div>Codice colore: I308.<\/div>","protected":false},"excerpt":{"rendered":"<p>Lanc\u00f4me Ombre Hypn\u00f4se Mono. Sostanza: Polvere, Gruppo di colori: Grigio, Codice colore: I308.<\/p>","protected":false},"featured_media":7682,"comment_status":"open","ping_status":"closed","template":"","meta":{"_acf_changed":false},"product_brand":[],"product_cat":[23,35,39],"product_tag":[],"class_list":{"0":"post-7681","1":"product","2":"type-product","3":"status-publish","4":"has-post-thumbnail","6":"product_cat-make-up","7":"product_cat-occhi","8":"product_cat-ombretto","9":"product_shipping_class-spedizione-a-tariffa-unica","11":"first","12":"outofstock","13":"shipping-taxable","14":"purchasable","15":"product-type-simple"},"acf":[],"jetpack_sharing_enabled":true,"_links":{"self":[{"href":"https:\/\/lagardeniablu.it\/en\/wp-json\/wp\/v2\/product\/7681","targetHints":{"allow":["GET"]}}],"collection":[{"href":"https:\/\/lagardeniablu.it\/en\/wp-json\/wp\/v2\/product"}],"about":[{"href":"https:\/\/lagardeniablu.it\/en\/wp-json\/wp\/v2\/types\/product"}],"replies":[{"embeddable":true,"href":"https:\/\/lagardeniablu.it\/en\/wp-json\/wp\/v2\/comments?post=7681"}],"wp:featuredmedia":[{"embeddable":true,"href":"https:\/\/lagardeniablu.it\/en\/wp-json\/wp\/v2\/media\/7682"}],"wp:attachment":[{"href":"https:\/\/lagardeniablu.it\/en\/wp-json\/wp\/v2\/media?parent=7681"}],"wp:term":[{"taxonomy":"product_brand","embeddable":true,"href":"https:\/\/lagardeniablu.it\/en\/wp-json\/wp\/v2\/product_brand?post=7681"},{"taxonomy":"product_cat","embeddable":true,"href":"https:\/\/lagardeniablu.it\/en\/wp-json\/wp\/v2\/product_cat?post=7681"},{"taxonomy":"product_tag","embeddable":true,"href":"https:\/\/lagardeniablu.it\/en\/wp-json\/wp\/v2\/product_tag?post=7681"}],"curies":[{"name":"wp","href":"https:\/\/api.w.org\/{rel}","templated":true}]}}