{"id":7683,"date":"2025-03-29T12:24:48","date_gmt":"2025-03-29T11:24:48","guid":{"rendered":"https:\/\/lagardeniablu.it\/?post_type=product&#038;p=7683"},"modified":"2026-02-10T09:18:38","modified_gmt":"2026-02-10T08:18:38","slug":"lancome-ombre-hypnose-pearly-ombretto-2-ml-22-g-p204-perle-ambree-luminoso","status":"publish","type":"product","link":"https:\/\/lagardeniablu.it\/en\/product\/lancome-ombre-hypnose-pearly-ombretto-2-ml-22-g-p204-perle-ambree-luminoso\/","title":{"rendered":"Lanc\u00f4me Ombre Hypn\u00f4se Pearly ombretto 2 ml 2,2 g P204 Perle Ambr\u00e9e Luminoso"},"content":{"rendered":"<div>Lanc\u00f4me Ombre Hypn\u00f4se Mono. Sostanza: Polvere,<\/div>\n<div>Gruppo di colori: Perle Ambree<\/div>\n<div>Codice colore: P204<\/div>","protected":false},"excerpt":{"rendered":"<p>Lanc\u00f4me Ombre Hypn\u00f4se Mono. Sostanza: Polvere, Gruppo di colori: Perle Ambree Codice colore: P204<\/p>","protected":false},"featured_media":7684,"comment_status":"open","ping_status":"closed","template":"","meta":{"_acf_changed":false},"product_brand":[],"product_cat":[23,35,39],"product_tag":[],"class_list":{"0":"post-7683","1":"product","2":"type-product","3":"status-publish","4":"has-post-thumbnail","6":"product_cat-make-up","7":"product_cat-occhi","8":"product_cat-ombretto","9":"product_shipping_class-spedizione-a-tariffa-unica","11":"first","12":"outofstock","13":"shipping-taxable","14":"purchasable","15":"product-type-simple"},"acf":[],"jetpack_sharing_enabled":true,"_links":{"self":[{"href":"https:\/\/lagardeniablu.it\/en\/wp-json\/wp\/v2\/product\/7683","targetHints":{"allow":["GET"]}}],"collection":[{"href":"https:\/\/lagardeniablu.it\/en\/wp-json\/wp\/v2\/product"}],"about":[{"href":"https:\/\/lagardeniablu.it\/en\/wp-json\/wp\/v2\/types\/product"}],"replies":[{"embeddable":true,"href":"https:\/\/lagardeniablu.it\/en\/wp-json\/wp\/v2\/comments?post=7683"}],"wp:featuredmedia":[{"embeddable":true,"href":"https:\/\/lagardeniablu.it\/en\/wp-json\/wp\/v2\/media\/7684"}],"wp:attachment":[{"href":"https:\/\/lagardeniablu.it\/en\/wp-json\/wp\/v2\/media?parent=7683"}],"wp:term":[{"taxonomy":"product_brand","embeddable":true,"href":"https:\/\/lagardeniablu.it\/en\/wp-json\/wp\/v2\/product_brand?post=7683"},{"taxonomy":"product_cat","embeddable":true,"href":"https:\/\/lagardeniablu.it\/en\/wp-json\/wp\/v2\/product_cat?post=7683"},{"taxonomy":"product_tag","embeddable":true,"href":"https:\/\/lagardeniablu.it\/en\/wp-json\/wp\/v2\/product_tag?post=7683"}],"curies":[{"name":"wp","href":"https:\/\/api.w.org\/{rel}","templated":true}]}}