{"id":7685,"date":"2025-03-29T12:31:40","date_gmt":"2025-03-29T11:31:40","guid":{"rendered":"https:\/\/lagardeniablu.it\/?post_type=product&#038;p=7685"},"modified":"2026-04-15T09:46:24","modified_gmt":"2026-04-15T07:46:24","slug":"lancome-ombre-hypnose-iridiscent-color-i204-cuban-light-ombretto-mono","status":"publish","type":"product","link":"https:\/\/lagardeniablu.it\/en\/product\/lancome-ombre-hypnose-iridiscent-color-i204-cuban-light-ombretto-mono\/","title":{"rendered":"Lanc\u00f4me Ombre Hypn\u00f4se Iridiscent color I204 Cuban light ombretto mono"},"content":{"rendered":"<div>Lanc\u00f4me Ombre Hypn\u00f4se Mono. Sostanza: Polvere,<\/div>\n<div>Gruppo di colori: cuban light<\/div>\n<div>Codice colore: I204<\/div>","protected":false},"excerpt":{"rendered":"<p>Lanc\u00f4me Ombre Hypn\u00f4se Mono. Sostanza: Polvere, Gruppo di colori: cuban light Codice colore: I204<\/p>","protected":false},"featured_media":7686,"comment_status":"open","ping_status":"closed","template":"","meta":{"_acf_changed":false},"product_brand":[],"product_cat":[23,35,39],"product_tag":[],"class_list":{"0":"post-7685","1":"product","2":"type-product","3":"status-publish","4":"has-post-thumbnail","6":"product_cat-make-up","7":"product_cat-occhi","8":"product_cat-ombretto","9":"product_shipping_class-spedizione-a-tariffa-unica","11":"first","12":"outofstock","13":"shipping-taxable","14":"purchasable","15":"product-type-simple"},"acf":[],"jetpack_sharing_enabled":true,"_links":{"self":[{"href":"https:\/\/lagardeniablu.it\/en\/wp-json\/wp\/v2\/product\/7685","targetHints":{"allow":["GET"]}}],"collection":[{"href":"https:\/\/lagardeniablu.it\/en\/wp-json\/wp\/v2\/product"}],"about":[{"href":"https:\/\/lagardeniablu.it\/en\/wp-json\/wp\/v2\/types\/product"}],"replies":[{"embeddable":true,"href":"https:\/\/lagardeniablu.it\/en\/wp-json\/wp\/v2\/comments?post=7685"}],"wp:featuredmedia":[{"embeddable":true,"href":"https:\/\/lagardeniablu.it\/en\/wp-json\/wp\/v2\/media\/7686"}],"wp:attachment":[{"href":"https:\/\/lagardeniablu.it\/en\/wp-json\/wp\/v2\/media?parent=7685"}],"wp:term":[{"taxonomy":"product_brand","embeddable":true,"href":"https:\/\/lagardeniablu.it\/en\/wp-json\/wp\/v2\/product_brand?post=7685"},{"taxonomy":"product_cat","embeddable":true,"href":"https:\/\/lagardeniablu.it\/en\/wp-json\/wp\/v2\/product_cat?post=7685"},{"taxonomy":"product_tag","embeddable":true,"href":"https:\/\/lagardeniablu.it\/en\/wp-json\/wp\/v2\/product_tag?post=7685"}],"curies":[{"name":"wp","href":"https:\/\/api.w.org\/{rel}","templated":true}]}}