{"id":7831,"date":"2025-04-08T17:34:25","date_gmt":"2025-04-08T15:34:25","guid":{"rendered":"https:\/\/lagardeniablu.it\/?post_type=product&#038;p=7831"},"modified":"2025-10-20T09:37:43","modified_gmt":"2025-10-20T07:37:43","slug":"yves-saint-laurent-rouge-volupte-shine-oil-in-stick-rossetto-61-nu-impulsif","status":"publish","type":"product","link":"https:\/\/lagardeniablu.it\/en\/product\/yves-saint-laurent-rouge-volupte-shine-oil-in-stick-rossetto-61-nu-impulsif\/","title":{"rendered":"Yves Saint Laurent Rouge volupte shine oil in stick Rossetto 61 Nu Impulsif"},"content":{"rendered":"<p>Per la donna moderna che ama sedurre e giocare con la sua sensualit\u00e0&#8230;un effetto shine mai visto&#8230;il rossetto trendy pi\u00f9 brillante, pi\u00f9 a lungo&#8230;un film sottile e idratante, un profumo delizioso, un invito alla bellezza, al piacere! Con il supo pack dorato e firmato YSL: \u00e8 un oggetto &#8220;Culto&#8221;, il rossetto Chic.<\/p>","protected":false},"excerpt":{"rendered":"<p>Per la donna moderna che ama sedurre e giocare con la sua sensualit\u00e0&#8230;un effetto shine mai visto&#8230;il rossetto trendy pi\u00f9 brillante, pi\u00f9 a lungo&#8230;un film sottile e idratante, un profumo delizioso, un invito alla bellezza, al piacere! Con il supo pack dorato e firmato YSL: \u00e8 un oggetto &#8220;Culto&#8221;, il rossetto Chic.<\/p>","protected":false},"featured_media":7832,"comment_status":"open","ping_status":"closed","template":"","meta":{"_acf_changed":false},"product_brand":[],"product_cat":[47,49,23,48],"product_tag":[],"class_list":{"0":"post-7831","1":"product","2":"type-product","3":"status-publish","4":"has-post-thumbnail","6":"product_cat-labbra","7":"product_cat-lucidalabbra-gloss","8":"product_cat-make-up","9":"product_cat-rossetto","10":"product_shipping_class-spedizione-a-tariffa-unica","12":"first","13":"outofstock","14":"sale","15":"shipping-taxable","16":"purchasable","17":"product-type-simple"},"acf":[],"jetpack_sharing_enabled":true,"_links":{"self":[{"href":"https:\/\/lagardeniablu.it\/en\/wp-json\/wp\/v2\/product\/7831","targetHints":{"allow":["GET"]}}],"collection":[{"href":"https:\/\/lagardeniablu.it\/en\/wp-json\/wp\/v2\/product"}],"about":[{"href":"https:\/\/lagardeniablu.it\/en\/wp-json\/wp\/v2\/types\/product"}],"replies":[{"embeddable":true,"href":"https:\/\/lagardeniablu.it\/en\/wp-json\/wp\/v2\/comments?post=7831"}],"wp:featuredmedia":[{"embeddable":true,"href":"https:\/\/lagardeniablu.it\/en\/wp-json\/wp\/v2\/media\/7832"}],"wp:attachment":[{"href":"https:\/\/lagardeniablu.it\/en\/wp-json\/wp\/v2\/media?parent=7831"}],"wp:term":[{"taxonomy":"product_brand","embeddable":true,"href":"https:\/\/lagardeniablu.it\/en\/wp-json\/wp\/v2\/product_brand?post=7831"},{"taxonomy":"product_cat","embeddable":true,"href":"https:\/\/lagardeniablu.it\/en\/wp-json\/wp\/v2\/product_cat?post=7831"},{"taxonomy":"product_tag","embeddable":true,"href":"https:\/\/lagardeniablu.it\/en\/wp-json\/wp\/v2\/product_tag?post=7831"}],"curies":[{"name":"wp","href":"https:\/\/api.w.org\/{rel}","templated":true}]}}