{"id":7835,"date":"2025-04-08T18:05:47","date_gmt":"2025-04-08T16:05:47","guid":{"rendered":"https:\/\/lagardeniablu.it\/?post_type=product&#038;p=7835"},"modified":"2025-04-08T18:05:48","modified_gmt":"2025-04-08T16:05:48","slug":"yves-saint-laurent-baby-doll-kiss-blush-lips-and-cheeks-13-coral-incandescent","status":"publish","type":"product","link":"https:\/\/lagardeniablu.it\/en\/product\/yves-saint-laurent-baby-doll-kiss-blush-lips-and-cheeks-13-coral-incandescent\/","title":{"rendered":"Yves Saint Laurent Baby Doll Kiss &amp; Blush lips and cheeks 13 Coral Incandescent"},"content":{"rendered":"<p style=\"font-weight: 400\">Kiss Your Cheeks, Blush Your Lips! Yves Saint Laurent introduce un doppio gioco di colore per labbra e guance, un prodotto ibrido nato dalla fusione tra un rossetto e un blush. La formula innovativa &#8220;air whipped&#8221; permette un&#8217;applicazione instantanea su labbra e guance in un unico gesto. Una luminosit\u00e0 immediata per un finish mat leggero. Il colore \u00e8 facilmente modulabile per creare look dai pi\u00f9 naturali ai pi\u00f9 intensi e sofisticati.<\/p>\n<p style=\"font-weight: 400\">L&#8217;esclusivo applicatore con la \u00abperla nascosta\u00bb scivola con leggerezza e precisione sulle labbra e permette di applicare la quantit\u00e0 perfetta sulle guance. Una gamma di nuances vibranti per soddisfare il lato pi\u00f9 giocoso della donna YSL.<\/p>","protected":false},"excerpt":{"rendered":"<p>Kiss Your Cheeks, Blush Your Lips! Yves Saint Laurent introduce un doppio gioco di colore per labbra e guance, un prodotto ibrido nato dalla fusione tra un rossetto e un blush. La formula innovativa &#8220;air whipped&#8221; permette un&#8217;applicazione instantanea su labbra e guance in un unico gesto. Una luminosit\u00e0 immediata per un finish mat leggero. [&hellip;]<\/p>\n","protected":false},"featured_media":7837,"comment_status":"open","ping_status":"closed","template":"","meta":{"_acf_changed":false},"product_brand":[],"product_cat":[31,23,24],"product_tag":[],"class_list":{"0":"post-7835","1":"product","2":"type-product","3":"status-publish","4":"has-post-thumbnail","6":"product_cat-blush","7":"product_cat-make-up","8":"product_cat-viso","9":"product_shipping_class-spedizione-a-tariffa-unica","11":"first","12":"instock","13":"sale","14":"shipping-taxable","15":"purchasable","16":"product-type-simple"},"acf":[],"jetpack_sharing_enabled":true,"_links":{"self":[{"href":"https:\/\/lagardeniablu.it\/en\/wp-json\/wp\/v2\/product\/7835","targetHints":{"allow":["GET"]}}],"collection":[{"href":"https:\/\/lagardeniablu.it\/en\/wp-json\/wp\/v2\/product"}],"about":[{"href":"https:\/\/lagardeniablu.it\/en\/wp-json\/wp\/v2\/types\/product"}],"replies":[{"embeddable":true,"href":"https:\/\/lagardeniablu.it\/en\/wp-json\/wp\/v2\/comments?post=7835"}],"wp:featuredmedia":[{"embeddable":true,"href":"https:\/\/lagardeniablu.it\/en\/wp-json\/wp\/v2\/media\/7837"}],"wp:attachment":[{"href":"https:\/\/lagardeniablu.it\/en\/wp-json\/wp\/v2\/media?parent=7835"}],"wp:term":[{"taxonomy":"product_brand","embeddable":true,"href":"https:\/\/lagardeniablu.it\/en\/wp-json\/wp\/v2\/product_brand?post=7835"},{"taxonomy":"product_cat","embeddable":true,"href":"https:\/\/lagardeniablu.it\/en\/wp-json\/wp\/v2\/product_cat?post=7835"},{"taxonomy":"product_tag","embeddable":true,"href":"https:\/\/lagardeniablu.it\/en\/wp-json\/wp\/v2\/product_tag?post=7835"}],"curies":[{"name":"wp","href":"https:\/\/api.w.org\/{rel}","templated":true}]}}