{"id":8233,"date":"2025-05-10T09:54:54","date_gmt":"2025-05-10T07:54:54","guid":{"rendered":"https:\/\/lagardeniablu.it\/?post_type=product&#038;p=8233"},"modified":"2025-05-10T10:39:25","modified_gmt":"2025-05-10T08:39:25","slug":"carita-progressif-antiage-solaire-crema-solare-viso-spf-15-50ml","status":"publish","type":"product","link":"https:\/\/lagardeniablu.it\/en\/product\/carita-progressif-antiage-solaire-crema-solare-viso-spf-15-50ml\/","title":{"rendered":"Carita Progressif antiage solaire Crema solare viso SPF 15 50ml"},"content":{"rendered":"<p style=\"font-weight: 400\">PROGRESSIF ANTI-AGE SOLAIRE \u00e8 una linea di trattamenti solari anti-et\u00e0 che risponde alle necessit\u00e0 specifiche delle pelli mature esposte al sole. Un complesso innovativo, &#8220;Sun-Adapt&#8221;, aiuta la pelle a mantenersi bella al sole. Favorisce un&#8217;abbronzatura uniforme, contribuisce a limitare le reazioni cutanee ed a prevenire la comparsa dei segni d&#8217;invecchiamento.<\/p>\n<p style=\"font-weight: 400\">Cr\u00e8me solaire visage hydratante protec-trice SPF 15 \u00e9 una crema solare per il viso idratante-protettiva che protegge la pelle dagli effetti dannosi dei raggi UVA e UVB, mentre assicura un&#8217;abbronzatura uniforme e di lunga durata. Protetta ed idratata, la pelle diventa morbida e pi\u00f9 elastica. L&#8217;abbronza-tura \u00e8 bella, omogenea e luminosa.<\/p>\n<p style=\"font-weight: 400\">Consigli per l&#8217;uso: applicare abbondantemente su viso e collo prima dell&#8217;esposizione al sole. Ripetere l&#8217;applicazione in caso di esposizione prolungata e dopo ogni bagno.<\/p>\n<p style=\"font-weight: 400\">50ml<\/p>","protected":false},"excerpt":{"rendered":"<p>PROGRESSIF ANTI-AGE SOLAIRE \u00e8 una linea di trattamenti solari anti-et\u00e0 che risponde alle necessit\u00e0 specifiche delle pelli mature esposte al sole. Un complesso innovativo, &#8220;Sun-Adapt&#8221;, aiuta la pelle a mantenersi bella al sole. Favorisce un&#8217;abbronzatura uniforme, contribuisce a limitare le reazioni cutanee ed a prevenire la comparsa dei segni d&#8217;invecchiamento. Cr\u00e8me solaire visage hydratante protec-trice [&hellip;]<\/p>\n","protected":false},"featured_media":8242,"comment_status":"open","ping_status":"closed","template":"","meta":{"_acf_changed":false},"product_brand":[],"product_cat":[131,99,69,67],"product_tag":[],"class_list":{"0":"post-8233","1":"product","2":"type-product","3":"status-publish","4":"has-post-thumbnail","6":"product_cat-carita-paris","7":"product_cat-marca","8":"product_cat-protezione-solare","9":"product_cat-solari","10":"product_shipping_class-spedizione-a-tariffa-unica","12":"first","13":"instock","14":"shipping-taxable","15":"purchasable","16":"product-type-simple"},"acf":[],"jetpack_sharing_enabled":true,"_links":{"self":[{"href":"https:\/\/lagardeniablu.it\/en\/wp-json\/wp\/v2\/product\/8233","targetHints":{"allow":["GET"]}}],"collection":[{"href":"https:\/\/lagardeniablu.it\/en\/wp-json\/wp\/v2\/product"}],"about":[{"href":"https:\/\/lagardeniablu.it\/en\/wp-json\/wp\/v2\/types\/product"}],"replies":[{"embeddable":true,"href":"https:\/\/lagardeniablu.it\/en\/wp-json\/wp\/v2\/comments?post=8233"}],"wp:featuredmedia":[{"embeddable":true,"href":"https:\/\/lagardeniablu.it\/en\/wp-json\/wp\/v2\/media\/8242"}],"wp:attachment":[{"href":"https:\/\/lagardeniablu.it\/en\/wp-json\/wp\/v2\/media?parent=8233"}],"wp:term":[{"taxonomy":"product_brand","embeddable":true,"href":"https:\/\/lagardeniablu.it\/en\/wp-json\/wp\/v2\/product_brand?post=8233"},{"taxonomy":"product_cat","embeddable":true,"href":"https:\/\/lagardeniablu.it\/en\/wp-json\/wp\/v2\/product_cat?post=8233"},{"taxonomy":"product_tag","embeddable":true,"href":"https:\/\/lagardeniablu.it\/en\/wp-json\/wp\/v2\/product_tag?post=8233"}],"curies":[{"name":"wp","href":"https:\/\/api.w.org\/{rel}","templated":true}]}}