{"id":8977,"date":"2025-07-15T12:17:08","date_gmt":"2025-07-15T10:17:08","guid":{"rendered":"https:\/\/lagardeniablu.it\/?post_type=product&#038;p=8977"},"modified":"2025-08-15T12:26:40","modified_gmt":"2025-08-15T10:26:40","slug":"baro-radiance-crema-collo-e-decollete-40ml-decollete-and-neck-cream","status":"publish","type":"product","link":"https:\/\/lagardeniablu.it\/en\/product\/baro-radiance-crema-collo-e-decollete-40ml-decollete-and-neck-cream\/","title":{"rendered":"Bar\u00f2 Radiance Crema Collo e Decollete 40ml Decollete and neck cream"},"content":{"rendered":"<p style=\"font-weight: 400\">La Crema Collo e D\u00e9collet\u00e9 Bar\u00f2 Cosmetics \u00e8 un trattamento antirughe rimodellante e levigante, che aiuta a combattere i radicali liberi, contrastare i rilassamenti cutanei e minimizzare le macchie e i segni dell&#8217;et\u00e0.<\/p>\n<p style=\"font-weight: 400\">La Crema contiene Estratti d&#8217;Uva Bio coltivata a Barolo, Acido Ialuronico e Azeloglicina, che lavorano in sinergia per offrire una potente azione rassodante e illuminante.<\/p>\n<p style=\"font-weight: 400\">Modalit\u00e0 d&#8217;uso<\/p>\n<p style=\"font-weight: 400\">Dopo un&#8217;accurata detersione, applicare mattino e sera su Collo e D\u00e9collet\u00e9 massaggiando dal basso verso l&#8217;alto.<\/p>\n<p><span style=\"font-weight: 400\">40ml<\/span><\/p>","protected":false},"excerpt":{"rendered":"<p>La Crema Collo e D\u00e9collet\u00e9 Bar\u00f2 Cosmetics \u00e8 un trattamento antirughe rimodellante e levigante, che aiuta a combattere i radicali liberi, contrastare i rilassamenti cutanei e minimizzare le macchie e i segni dell&#8217;et\u00e0. La Crema contiene Estratti d&#8217;Uva Bio coltivata a Barolo, Acido Ialuronico e Azeloglicina, che lavorano in sinergia per offrire una potente azione [&hellip;]<\/p>\n","protected":false},"featured_media":8978,"comment_status":"open","ping_status":"closed","template":"","meta":{"_acf_changed":false},"product_brand":[],"product_cat":[82,72,73,84,74],"product_tag":[],"class_list":{"0":"post-8977","1":"product","2":"type-product","3":"status-publish","4":"has-post-thumbnail","6":"product_cat-collo-e-decollete","7":"product_cat-cosmetici","8":"product_cat-donna-cosmetici","9":"product_cat-trattamenti-specifici-viso-donna-cosmetici","10":"product_cat-viso-donna-cosmetici","11":"product_shipping_class-spedizione-a-tariffa-unica","13":"first","14":"instock","15":"shipping-taxable","16":"purchasable","17":"product-type-simple"},"acf":[],"jetpack_sharing_enabled":true,"_links":{"self":[{"href":"https:\/\/lagardeniablu.it\/en\/wp-json\/wp\/v2\/product\/8977","targetHints":{"allow":["GET"]}}],"collection":[{"href":"https:\/\/lagardeniablu.it\/en\/wp-json\/wp\/v2\/product"}],"about":[{"href":"https:\/\/lagardeniablu.it\/en\/wp-json\/wp\/v2\/types\/product"}],"replies":[{"embeddable":true,"href":"https:\/\/lagardeniablu.it\/en\/wp-json\/wp\/v2\/comments?post=8977"}],"wp:featuredmedia":[{"embeddable":true,"href":"https:\/\/lagardeniablu.it\/en\/wp-json\/wp\/v2\/media\/8978"}],"wp:attachment":[{"href":"https:\/\/lagardeniablu.it\/en\/wp-json\/wp\/v2\/media?parent=8977"}],"wp:term":[{"taxonomy":"product_brand","embeddable":true,"href":"https:\/\/lagardeniablu.it\/en\/wp-json\/wp\/v2\/product_brand?post=8977"},{"taxonomy":"product_cat","embeddable":true,"href":"https:\/\/lagardeniablu.it\/en\/wp-json\/wp\/v2\/product_cat?post=8977"},{"taxonomy":"product_tag","embeddable":true,"href":"https:\/\/lagardeniablu.it\/en\/wp-json\/wp\/v2\/product_tag?post=8977"}],"curies":[{"name":"wp","href":"https:\/\/api.w.org\/{rel}","templated":true}]}}